{"id":5442,"date":"2014-04-14T08:59:07","date_gmt":"2014-04-14T06:59:07","guid":{"rendered":"https:\/\/g20lpbbitu.preview.infomaniak.website\/planification-des-tournees\/"},"modified":"2025-09-02T11:54:33","modified_gmt":"2025-09-02T09:54:33","slug":"planification-des-tournees","status":"publish","type":"page","link":"https:\/\/linearsa.ch\/fr\/planification-des-tournees\/","title":{"rendered":"Planification des tourn\u00e9es"},"content":{"rendered":"\t\t<div data-elementor-type=\"wp-page\" data-elementor-id=\"5442\" class=\"elementor elementor-5442 elementor-199\" data-elementor-post-type=\"page\">\n\t\t\t\t\t\t<section class=\"has_ae_slider elementor-section elementor-top-section elementor-element elementor-element-6adf5fe elementor-section-height-min-height elementor-section-boxed elementor-section-height-default elementor-section-items-middle ae-bg-gallery-type-default\" data-id=\"6adf5fe\" data-element_type=\"section\" data-settings=\"{&quot;background_background&quot;:&quot;classic&quot;,&quot;background_motion_fx_motion_fx_scrolling&quot;:&quot;yes&quot;,&quot;background_motion_fx_translateY_effect&quot;:&quot;yes&quot;,&quot;background_motion_fx_translateY_direction&quot;:&quot;negative&quot;,&quot;background_motion_fx_translateY_speed&quot;:{&quot;unit&quot;:&quot;px&quot;,&quot;size&quot;:8,&quot;sizes&quot;:[]},&quot;background_motion_fx_translateY_affectedRange&quot;:{&quot;unit&quot;:&quot;%&quot;,&quot;size&quot;:&quot;&quot;,&quot;sizes&quot;:{&quot;start&quot;:0,&quot;end&quot;:100}},&quot;background_motion_fx_devices&quot;:[&quot;widescreen&quot;,&quot;desktop&quot;,&quot;laptop&quot;,&quot;tablet_extra&quot;,&quot;tablet&quot;,&quot;mobile_extra&quot;,&quot;mobile&quot;]}\">\n\t\t\t\t\t\t<div class=\"elementor-container elementor-column-gap-default\">\n\t\t\t\t\t<div class=\"has_ae_slider elementor-column elementor-col-100 elementor-top-column elementor-element elementor-element-0dfe749 ae-bg-gallery-type-default\" data-id=\"0dfe749\" data-element_type=\"column\">\n\t\t\t<div class=\"elementor-widget-wrap elementor-element-populated\">\n\t\t\t\t\t\t<div class=\"elementor-element elementor-element-98969ae elementor-icon-list--layout-inline elementor-align-center elementor-list-item-link-full_width elementor-widget elementor-widget-icon-list\" data-id=\"98969ae\" data-element_type=\"widget\" data-widget_type=\"icon-list.default\">\n\t\t\t\t<div class=\"elementor-widget-container\">\n\t\t\t\t\t\t\t<ul class=\"elementor-icon-list-items elementor-inline-items\">\n\t\t\t\t\t\t\t<li class=\"elementor-icon-list-item elementor-inline-item\">\n\t\t\t\t\t\t\t\t\t\t\t<a href=\"https:\/\/linearsa.ch\/fr\/organisation\/\">\n\n\t\t\t\t\t\t\t\t\t\t\t<span class=\"elementor-icon-list-text\">Organisation<\/span>\n\t\t\t\t\t\t\t\t\t\t\t<\/a>\n\t\t\t\t\t\t\t\t\t<\/li>\n\t\t\t\t\t\t\t\t<li class=\"elementor-icon-list-item elementor-inline-item\">\n\t\t\t\t\t\t\t\t\t\t\t<a href=\"https:\/\/linearsa.ch\/fr\/planification-des-tournees\/\">\n\n\t\t\t\t\t\t\t\t\t\t\t<span class=\"elementor-icon-list-text\">Planification des tourn\u00e9es<\/span>\n\t\t\t\t\t\t\t\t\t\t\t<\/a>\n\t\t\t\t\t\t\t\t\t<\/li>\n\t\t\t\t\t\t\t\t<li class=\"elementor-icon-list-item elementor-inline-item\">\n\t\t\t\t\t\t\t\t\t\t\t<a href=\"https:\/\/linearsa.ch\/fr\/formulaire-feedback\/\">\n\n\t\t\t\t\t\t\t\t\t\t\t<span class=\"elementor-icon-list-text\">Formulaire Feedback<\/span>\n\t\t\t\t\t\t\t\t\t\t\t<\/a>\n\t\t\t\t\t\t\t\t\t<\/li>\n\t\t\t\t\t\t\t\t<li class=\"elementor-icon-list-item elementor-inline-item\">\n\t\t\t\t\t\t\t\t\t\t\t<a href=\"https:\/\/linearsa.ch\/fr\/recours\/\">\n\n\t\t\t\t\t\t\t\t\t\t\t<span class=\"elementor-icon-list-text\">Recours<\/span>\n\t\t\t\t\t\t\t\t\t\t\t<\/a>\n\t\t\t\t\t\t\t\t\t<\/li>\n\t\t\t\t\t\t<\/ul>\n\t\t\t\t\t\t<\/div>\n\t\t\t\t<\/div>\n\t\t\t\t\t<\/div>\n\t\t<\/div>\n\t\t\t\t\t<\/div>\n\t\t<\/section>\n\t\t\t\t<section class=\"has_ae_slider elementor-section elementor-top-section elementor-element elementor-element-3e54492 elementor-section-boxed elementor-section-height-default elementor-section-height-default ae-bg-gallery-type-default\" data-id=\"3e54492\" data-element_type=\"section\">\n\t\t\t\t\t\t<div class=\"elementor-container elementor-column-gap-default\">\n\t\t\t\t\t<div class=\"has_ae_slider elementor-column elementor-col-100 elementor-top-column elementor-element elementor-element-dfcc7b6 ae-bg-gallery-type-default\" data-id=\"dfcc7b6\" data-element_type=\"column\">\n\t\t\t<div class=\"elementor-widget-wrap elementor-element-populated\">\n\t\t\t\t\t\t<div class=\"elementor-element elementor-element-4f3d560 elementor-widget elementor-widget-heading\" data-id=\"4f3d560\" data-element_type=\"widget\" data-widget_type=\"heading.default\">\n\t\t\t\t<div class=\"elementor-widget-container\">\n\t\t\t\t\t<h1 class=\"elementor-heading-title elementor-size-default\">Planification des tourn\u00e9es<\/h1>\t\t\t\t<\/div>\n\t\t\t\t<\/div>\n\t\t\t\t\t<\/div>\n\t\t<\/div>\n\t\t\t\t\t<\/div>\n\t\t<\/section>\n\t\t\t\t<section class=\"has_ae_slider elementor-section elementor-top-section elementor-element elementor-element-d743d0e elementor-section-boxed elementor-section-height-default elementor-section-height-default ae-bg-gallery-type-default\" data-id=\"d743d0e\" data-element_type=\"section\">\n\t\t\t\t\t\t<div class=\"elementor-container elementor-column-gap-default\">\n\t\t\t\t\t<div class=\"has_ae_slider elementor-column elementor-col-100 elementor-top-column elementor-element elementor-element-9aa8d95 ae-bg-gallery-type-default\" data-id=\"9aa8d95\" data-element_type=\"column\">\n\t\t\t<div class=\"elementor-widget-wrap elementor-element-populated\">\n\t\t\t\t\t\t<div class=\"elementor-element elementor-element-774848ac elementor-widget elementor-widget-text-editor\" data-id=\"774848ac\" data-element_type=\"widget\" data-widget_type=\"text-editor.default\">\n\t\t\t\t<div class=\"elementor-widget-container\">\n\t\t\t\t\t\t\t\t\t<p>La planification des tourn\u00e9es de classification se fait au bureau. Le but de la planification est de permettre une visite dans chaque exploitation \u00e0 un intervalle de 4-5 mois tout en assurant la plus grande efficacit\u00e9 dans les trajets que les classificateurs ont \u00e0 parcourir. L&#8217;ensemble de la zone de classification est divis\u00e9 en une cinquantaine de r\u00e9gions, d\u00e9finies sur la base du code postal du lieu d&#8217;implantation des \u00e9tablissements. Chaque r\u00e9gion est programm\u00e9e \u00e0 tour de r\u00f4le. L\u2019intervalle de 4-5 mois permet d\u2019avoir une p\u00e9riode de visite diff\u00e9rente chaque ann\u00e9e. Ce ne sont donc pas toujours les m\u00eames exploitations qui ont des visites durant les p\u00e9riodes avec de plus grandes charges de travail. La programmation proprement dite est effectu\u00e9e \u00e0 l\u2019aide d\u2019un logiciel. Chaque exploitation y figure sur une carte interactive sur la base de ses coordonn\u00e9es. Les planificateurs re\u00e7oivent une proposition de programme journalier comprenant des trajets optimis\u00e9s entre les exploitations. Ce logiciel permet aussi de programmer les visites d\u2019exploitation alternativement le matin et l\u2019apr\u00e8s-midi, afin que ce ne soit pas toujours les m\u00eames exploitations qui soient oblig\u00e9es d\u2019accueillir les classificateurs le matin \u00e0 8h15. Finalement, on effectue une rotation entre les classificateurs. En r\u00e8gle g\u00e9n\u00e9rale, lorsqu\u2019un classificateur a pass\u00e9 dans une exploitation, il n\u2019y passe pas lors des deux visites successives. Sous le lien suivant vous trouvez la planification des prochaines mois:<\/p><p><a href=\"https:\/\/linearsa.ch\/wp-content\/uploads\/2024\/01\/Planning-provisoire-05.02.2026.pdf\" target=\"_blank\" rel=\"attachment noopener wp-att-2212 noreferrer\">Planification provisoire des prochaines tourn\u00e9es<\/a><\/p>\t\t\t\t\t\t\t\t<\/div>\n\t\t\t\t<\/div>\n\t\t\t\t\t<\/div>\n\t\t<\/div>\n\t\t\t\t\t<\/div>\n\t\t<\/section>\n\t\t\t\t<\/div>\n\t\t","protected":false},"excerpt":{"rendered":"<p>Organisation Planification des tourn\u00e9es Formulaire Feedback Recours La planification des tourn\u00e9es de classification se fait au bureau. Le but de la planification est de permettre une visite dans chaque exploitation \u00e0 un intervalle de 4-5 mois tout en assurant la plus grande efficacit\u00e9 dans les trajets que les classificateurs ont \u00e0 parcourir. L&#8217;ensemble de la [&hellip;]<\/p>\n","protected":false},"author":5,"featured_media":0,"parent":0,"menu_order":1,"comment_status":"closed","ping_status":"closed","template":"","meta":{"_monsterinsights_skip_tracking":false,"_monsterinsights_sitenote_active":false,"_monsterinsights_sitenote_note":"","_monsterinsights_sitenote_category":0,"footnotes":""},"class_list":["post-5442","page","type-page","status-publish","hentry"],"_links":{"self":[{"href":"https:\/\/linearsa.ch\/fr\/wp-json\/wp\/v2\/pages\/5442","targetHints":{"allow":["GET"]}}],"collection":[{"href":"https:\/\/linearsa.ch\/fr\/wp-json\/wp\/v2\/pages"}],"about":[{"href":"https:\/\/linearsa.ch\/fr\/wp-json\/wp\/v2\/types\/page"}],"author":[{"embeddable":true,"href":"https:\/\/linearsa.ch\/fr\/wp-json\/wp\/v2\/users\/5"}],"replies":[{"embeddable":true,"href":"https:\/\/linearsa.ch\/fr\/wp-json\/wp\/v2\/comments?post=5442"}],"version-history":[{"count":13,"href":"https:\/\/linearsa.ch\/fr\/wp-json\/wp\/v2\/pages\/5442\/revisions"}],"predecessor-version":[{"id":6197,"href":"https:\/\/linearsa.ch\/fr\/wp-json\/wp\/v2\/pages\/5442\/revisions\/6197"}],"wp:attachment":[{"href":"https:\/\/linearsa.ch\/fr\/wp-json\/wp\/v2\/media?parent=5442"}],"curies":[{"name":"wp","href":"https:\/\/api.w.org\/{rel}","templated":true}]}}