{"id":5436,"date":"2014-04-14T08:58:30","date_gmt":"2014-04-14T06:58:30","guid":{"rendered":"https:\/\/g20lpbbitu.preview.infomaniak.website\/organisation\/"},"modified":"2023-10-25T13:07:14","modified_gmt":"2023-10-25T11:07:14","slug":"organisation","status":"publish","type":"page","link":"https:\/\/linearsa.ch\/fr\/organisation\/","title":{"rendered":"Organisation"},"content":{"rendered":"\t\t<div data-elementor-type=\"wp-page\" data-elementor-id=\"5436\" class=\"elementor elementor-5436 elementor-197\" data-elementor-post-type=\"page\">\n\t\t\t\t\t\t<section class=\"has_ae_slider elementor-section elementor-top-section elementor-element elementor-element-bd25b18 elementor-section-height-min-height elementor-section-boxed elementor-section-height-default elementor-section-items-middle ae-bg-gallery-type-default\" data-id=\"bd25b18\" data-element_type=\"section\" data-settings=\"{&quot;background_background&quot;:&quot;classic&quot;,&quot;background_motion_fx_motion_fx_scrolling&quot;:&quot;yes&quot;,&quot;background_motion_fx_translateY_effect&quot;:&quot;yes&quot;,&quot;background_motion_fx_translateY_direction&quot;:&quot;negative&quot;,&quot;background_motion_fx_translateY_speed&quot;:{&quot;unit&quot;:&quot;px&quot;,&quot;size&quot;:8,&quot;sizes&quot;:[]},&quot;background_motion_fx_translateY_affectedRange&quot;:{&quot;unit&quot;:&quot;%&quot;,&quot;size&quot;:&quot;&quot;,&quot;sizes&quot;:{&quot;start&quot;:0,&quot;end&quot;:100}},&quot;background_motion_fx_devices&quot;:[&quot;widescreen&quot;,&quot;desktop&quot;,&quot;laptop&quot;,&quot;tablet_extra&quot;,&quot;tablet&quot;,&quot;mobile_extra&quot;,&quot;mobile&quot;]}\">\n\t\t\t\t\t\t<div class=\"elementor-container elementor-column-gap-default\">\n\t\t\t\t\t<div class=\"has_ae_slider elementor-column elementor-col-100 elementor-top-column elementor-element elementor-element-f058814 ae-bg-gallery-type-default\" data-id=\"f058814\" data-element_type=\"column\">\n\t\t\t<div class=\"elementor-widget-wrap elementor-element-populated\">\n\t\t\t\t\t\t<div class=\"elementor-element elementor-element-f2728b6 elementor-icon-list--layout-inline elementor-align-center elementor-list-item-link-full_width elementor-widget elementor-widget-icon-list\" data-id=\"f2728b6\" data-element_type=\"widget\" data-widget_type=\"icon-list.default\">\n\t\t\t\t<div class=\"elementor-widget-container\">\n\t\t\t\t\t\t\t<ul class=\"elementor-icon-list-items elementor-inline-items\">\n\t\t\t\t\t\t\t<li class=\"elementor-icon-list-item elementor-inline-item\">\n\t\t\t\t\t\t\t\t\t\t\t<a href=\"https:\/\/g20lpbbitu.preview.infomaniak.website\/fr\/organisation\/\">\n\n\t\t\t\t\t\t\t\t\t\t\t<span class=\"elementor-icon-list-text\">Organisation<\/span>\n\t\t\t\t\t\t\t\t\t\t\t<\/a>\n\t\t\t\t\t\t\t\t\t<\/li>\n\t\t\t\t\t\t\t\t<li class=\"elementor-icon-list-item elementor-inline-item\">\n\t\t\t\t\t\t\t\t\t\t\t<a href=\"https:\/\/g20lpbbitu.preview.infomaniak.website\/fr\/planification-des-tournees\/\">\n\n\t\t\t\t\t\t\t\t\t\t\t<span class=\"elementor-icon-list-text\">Planification des tourn\u00e9es<\/span>\n\t\t\t\t\t\t\t\t\t\t\t<\/a>\n\t\t\t\t\t\t\t\t\t<\/li>\n\t\t\t\t\t\t\t\t<li class=\"elementor-icon-list-item elementor-inline-item\">\n\t\t\t\t\t\t\t\t\t\t\t<a href=\"https:\/\/g20lpbbitu.preview.infomaniak.website\/fr\/formulaire-feedback\/\">\n\n\t\t\t\t\t\t\t\t\t\t\t<span class=\"elementor-icon-list-text\">Formulaire Feedback<\/span>\n\t\t\t\t\t\t\t\t\t\t\t<\/a>\n\t\t\t\t\t\t\t\t\t<\/li>\n\t\t\t\t\t\t\t\t<li class=\"elementor-icon-list-item elementor-inline-item\">\n\t\t\t\t\t\t\t\t\t\t\t<a href=\"https:\/\/g20lpbbitu.preview.infomaniak.website\/fr\/recours\/\">\n\n\t\t\t\t\t\t\t\t\t\t\t<span class=\"elementor-icon-list-text\">Recours<\/span>\n\t\t\t\t\t\t\t\t\t\t\t<\/a>\n\t\t\t\t\t\t\t\t\t<\/li>\n\t\t\t\t\t\t<\/ul>\n\t\t\t\t\t\t<\/div>\n\t\t\t\t<\/div>\n\t\t\t\t\t<\/div>\n\t\t<\/div>\n\t\t\t\t\t<\/div>\n\t\t<\/section>\n\t\t\t\t<section class=\"has_ae_slider elementor-section elementor-top-section elementor-element elementor-element-f8fad95 elementor-section-boxed elementor-section-height-default elementor-section-height-default ae-bg-gallery-type-default\" data-id=\"f8fad95\" data-element_type=\"section\">\n\t\t\t\t\t\t<div class=\"elementor-container elementor-column-gap-default\">\n\t\t\t\t\t<div class=\"has_ae_slider elementor-column elementor-col-100 elementor-top-column elementor-element elementor-element-12b5b17 ae-bg-gallery-type-default\" data-id=\"12b5b17\" data-element_type=\"column\">\n\t\t\t<div class=\"elementor-widget-wrap elementor-element-populated\">\n\t\t\t\t\t\t<div class=\"elementor-element elementor-element-55e7be8 elementor-widget elementor-widget-heading\" data-id=\"55e7be8\" data-element_type=\"widget\" data-widget_type=\"heading.default\">\n\t\t\t\t<div class=\"elementor-widget-container\">\n\t\t\t\t\t<h1 class=\"elementor-heading-title elementor-size-default\">Organisation<\/h1>\t\t\t\t<\/div>\n\t\t\t\t<\/div>\n\t\t\t\t\t<\/div>\n\t\t<\/div>\n\t\t\t\t\t<\/div>\n\t\t<\/section>\n\t\t\t\t<section class=\"has_ae_slider elementor-section elementor-top-section elementor-element elementor-element-f03466a elementor-section-boxed elementor-section-height-default elementor-section-height-default ae-bg-gallery-type-default\" data-id=\"f03466a\" data-element_type=\"section\">\n\t\t\t\t\t\t<div class=\"elementor-container elementor-column-gap-default\">\n\t\t\t\t\t<div class=\"has_ae_slider elementor-column elementor-col-100 elementor-top-column elementor-element elementor-element-4d34a021 ae-bg-gallery-type-default\" data-id=\"4d34a021\" data-element_type=\"column\">\n\t\t\t<div class=\"elementor-widget-wrap elementor-element-populated\">\n\t\t\t\t\t\t<div class=\"elementor-element elementor-element-7bfbadf elementor-widget elementor-widget-heading\" data-id=\"7bfbadf\" data-element_type=\"widget\" data-widget_type=\"heading.default\">\n\t\t\t\t<div class=\"elementor-widget-container\">\n\t\t\t\t\t<h2 class=\"elementor-heading-title elementor-size-default\">Inscriptions<\/h2>\t\t\t\t<\/div>\n\t\t\t\t<\/div>\n\t\t\t\t<div class=\"elementor-element elementor-element-9685563 elementor-widget elementor-widget-text-editor\" data-id=\"9685563\" data-element_type=\"widget\" data-widget_type=\"text-editor.default\">\n\t\t\t\t<div class=\"elementor-widget-container\">\n\t\t\t\t\t\t\t\t\t<p>Les inscriptions des animaux pour la DLC sont faites par les \u00e9leveurs aupr\u00e8s de leur f\u00e9d\u00e9ration d\u2019\u00e9levage. Dans le cadre de certains programmes (par exemple, le programme de testage), l\u2019inscription des animaux est automatiquement faite par la f\u00e9d\u00e9ration.<\/p>\n<p>Les \u00e9leveurs peuvent annoncer leurs animaux pour la DLC de trois mani\u00e8res diff\u00e9rentes. Premi\u00e8re possibilit\u00e9 : dans la colonne de la feuille du contr\u00f4le laitier, dans laquelle chaque vache peut \u00eatre coch\u00e9e individuellement. La deuxi\u00e8me possibilit\u00e9 est d\u2019inscrire la vache sur Internet. Cela pr\u00e9suppose n\u00e9anmoins un acc\u00e8s \u00e0 redonline+ ou \u00e0 HolsteinVision. Enfin, l\u2019\u00e9leveur peut annoncer ses animaux par t\u00e9l\u00e9phone aupr\u00e8s de son organisation d\u2019\u00e9levage (C\u2019est d\u2019ailleurs la seule possibilit\u00e9 pour inscire un taureau chez swissherdbook).<\/p>\n<p>Les inscriptions sont transmises chaque nuit \u00e0 Linear SA.<\/p>\n\t\t\t\t\t\t\t\t<\/div>\n\t\t\t\t<\/div>\n\t\t\t\t<div class=\"elementor-element elementor-element-7512c85 elementor-widget elementor-widget-heading\" data-id=\"7512c85\" data-element_type=\"widget\" data-widget_type=\"heading.default\">\n\t\t\t\t<div class=\"elementor-widget-container\">\n\t\t\t\t\t<h2 class=\"elementor-heading-title elementor-size-default\">Planification et classification<\/h2>\t\t\t\t<\/div>\n\t\t\t\t<\/div>\n\t\t\t\t<div class=\"elementor-element elementor-element-c1e0b9a elementor-widget elementor-widget-text-editor\" data-id=\"c1e0b9a\" data-element_type=\"widget\" data-widget_type=\"text-editor.default\">\n\t\t\t\t<div class=\"elementor-widget-container\">\n\t\t\t\t\t\t\t\t\t<p>La planification est exclusivement du ressort de Linear SA. Vous trouverez d\u2019autres informations \u00e0 ce sujet dans la rubrique \u00ab Planification des tourn\u00e9es \u00bb.<\/p>\n\t\t\t\t\t\t\t\t<\/div>\n\t\t\t\t<\/div>\n\t\t\t\t<div class=\"elementor-element elementor-element-f139dfc elementor-widget elementor-widget-heading\" data-id=\"f139dfc\" data-element_type=\"widget\" data-widget_type=\"heading.default\">\n\t\t\t\t<div class=\"elementor-widget-container\">\n\t\t\t\t\t<h2 class=\"elementor-heading-title elementor-size-default\">R\u00e9sultats<\/h2>\t\t\t\t<\/div>\n\t\t\t\t<\/div>\n\t\t\t\t<div class=\"elementor-element elementor-element-6e58fd39 elementor-widget elementor-widget-text-editor\" data-id=\"6e58fd39\" data-element_type=\"widget\" data-widget_type=\"text-editor.default\">\n\t\t\t\t<div class=\"elementor-widget-container\">\n\t\t\t\t\t\t\t\t\t<p>Apr\u00e8s chaque visite, le classificateur imprime, sur place, un r\u00e9sum\u00e9 de la DLC. Les r\u00e9sultats sont mis \u00e0 disposition chaque jour aux f\u00e9d\u00e9rations par Linear SA. La publication de ces r\u00e9sultats est l\u2019affaire des f\u00e9d\u00e9rations.<\/p>\n<p>Ces r\u00e9sultats sont \u00e9galement employ\u00e9s pour les \u00e9valuations g\u00e9n\u00e9tiques.<\/p>\n\t\t\t\t\t\t\t\t<\/div>\n\t\t\t\t<\/div>\n\t\t\t\t<div class=\"elementor-element elementor-element-5370f67 elementor-widget elementor-widget-image\" data-id=\"5370f67\" data-element_type=\"widget\" data-widget_type=\"image.default\">\n\t\t\t\t<div class=\"elementor-widget-container\">\n\t\t\t\t\t\t\t\t\t\t\t\t\t\t\t<img fetchpriority=\"high\" decoding=\"async\" width=\"768\" height=\"385\" src=\"https:\/\/linearsa.ch\/wp-content\/uploads\/2023\/10\/schemas-procedure-fr1-768x385.jpg\" class=\"attachment-medium_large size-medium_large wp-image-4455\" alt=\"Schema proc\u00e9dure\" srcset=\"https:\/\/linearsa.ch\/wp-content\/uploads\/2023\/10\/schemas-procedure-fr1-768x385.jpg 768w, https:\/\/linearsa.ch\/wp-content\/uploads\/2023\/10\/schemas-procedure-fr1-300x150.jpg 300w, https:\/\/linearsa.ch\/wp-content\/uploads\/2023\/10\/schemas-procedure-fr1.jpg 962w\" sizes=\"(max-width: 768px) 100vw, 768px\" \/>\t\t\t\t\t\t\t\t\t\t\t\t\t\t\t<\/div>\n\t\t\t\t<\/div>\n\t\t\t\t\t<\/div>\n\t\t<\/div>\n\t\t\t\t\t<\/div>\n\t\t<\/section>\n\t\t\t\t<\/div>\n\t\t","protected":false},"excerpt":{"rendered":"<p>Organisation Planification des tourn\u00e9es Formulaire Feedback Recours Inscriptions Les inscriptions des animaux pour la DLC sont faites par les \u00e9leveurs aupr\u00e8s de leur f\u00e9d\u00e9ration d\u2019\u00e9levage. Dans le cadre de certains programmes (par exemple, le programme de testage), l\u2019inscription des animaux est automatiquement faite par la f\u00e9d\u00e9ration. Les \u00e9leveurs peuvent annoncer leurs animaux pour la DLC [&hellip;]<\/p>\n","protected":false},"author":5,"featured_media":0,"parent":0,"menu_order":0,"comment_status":"closed","ping_status":"open","template":"","meta":{"_monsterinsights_skip_tracking":false,"_monsterinsights_sitenote_active":false,"_monsterinsights_sitenote_note":"","_monsterinsights_sitenote_category":0,"footnotes":""},"class_list":["post-5436","page","type-page","status-publish","hentry"],"_links":{"self":[{"href":"https:\/\/linearsa.ch\/fr\/wp-json\/wp\/v2\/pages\/5436","targetHints":{"allow":["GET"]}}],"collection":[{"href":"https:\/\/linearsa.ch\/fr\/wp-json\/wp\/v2\/pages"}],"about":[{"href":"https:\/\/linearsa.ch\/fr\/wp-json\/wp\/v2\/types\/page"}],"author":[{"embeddable":true,"href":"https:\/\/linearsa.ch\/fr\/wp-json\/wp\/v2\/users\/5"}],"replies":[{"embeddable":true,"href":"https:\/\/linearsa.ch\/fr\/wp-json\/wp\/v2\/comments?post=5436"}],"version-history":[{"count":2,"href":"https:\/\/linearsa.ch\/fr\/wp-json\/wp\/v2\/pages\/5436\/revisions"}],"predecessor-version":[{"id":5662,"href":"https:\/\/linearsa.ch\/fr\/wp-json\/wp\/v2\/pages\/5436\/revisions\/5662"}],"wp:attachment":[{"href":"https:\/\/linearsa.ch\/fr\/wp-json\/wp\/v2\/media?parent=5436"}],"curies":[{"name":"wp","href":"https:\/\/api.w.org\/{rel}","templated":true}]}}