{"id":5422,"date":"2014-07-30T13:47:40","date_gmt":"2014-07-30T11:47:40","guid":{"rendered":"https:\/\/g20lpbbitu.preview.infomaniak.website\/dlc\/taureaux\/"},"modified":"2024-01-08T16:10:34","modified_gmt":"2024-01-08T15:10:34","slug":"taureaux","status":"publish","type":"page","link":"https:\/\/linearsa.ch\/fr\/dlc\/taureaux\/","title":{"rendered":"Taureaux"},"content":{"rendered":"\t\t<div data-elementor-type=\"wp-page\" data-elementor-id=\"5422\" class=\"elementor elementor-5422 elementor-469\" data-elementor-post-type=\"page\">\n\t\t\t\t\t\t<section class=\"has_ae_slider elementor-section elementor-top-section elementor-element elementor-element-7e76d96 elementor-section-height-min-height elementor-section-boxed elementor-section-height-default elementor-section-items-middle ae-bg-gallery-type-default\" data-id=\"7e76d96\" data-element_type=\"section\" data-settings=\"{&quot;background_background&quot;:&quot;classic&quot;}\">\n\t\t\t\t\t\t<div class=\"elementor-container elementor-column-gap-default\">\n\t\t\t\t\t<div class=\"has_ae_slider elementor-column elementor-col-100 elementor-top-column elementor-element elementor-element-474451a ae-bg-gallery-type-default\" data-id=\"474451a\" data-element_type=\"column\">\n\t\t\t<div class=\"elementor-widget-wrap elementor-element-populated\">\n\t\t\t\t\t\t<div class=\"elementor-element elementor-element-7939dee elementor-icon-list--layout-inline elementor-align-center elementor-list-item-link-full_width elementor-widget elementor-widget-icon-list\" data-id=\"7939dee\" data-element_type=\"widget\" data-widget_type=\"icon-list.default\">\n\t\t\t\t<div class=\"elementor-widget-container\">\n\t\t\t\t\t\t\t<ul class=\"elementor-icon-list-items elementor-inline-items\">\n\t\t\t\t\t\t\t<li class=\"elementor-icon-list-item elementor-inline-item\">\n\t\t\t\t\t\t\t\t\t\t\t<a href=\"\/fr\/classification\/description-lineaire\/\">\n\n\t\t\t\t\t\t\t\t\t\t\t<span class=\"elementor-icon-list-text\">Description lin\u00e9aire<\/span>\n\t\t\t\t\t\t\t\t\t\t\t<\/a>\n\t\t\t\t\t\t\t\t\t<\/li>\n\t\t\t\t\t\t\t\t<li class=\"elementor-icon-list-item elementor-inline-item\">\n\t\t\t\t\t\t\t\t\t\t\t<a href=\"\/fr\/classification\/classification\/\">\n\n\t\t\t\t\t\t\t\t\t\t\t<span class=\"elementor-icon-list-text\">Classification<\/span>\n\t\t\t\t\t\t\t\t\t\t\t<\/a>\n\t\t\t\t\t\t\t\t\t<\/li>\n\t\t\t\t\t\t\t\t<li class=\"elementor-icon-list-item elementor-inline-item\">\n\t\t\t\t\t\t\t\t\t\t\t<a href=\"\/fr\/classification\/races\/\">\n\n\t\t\t\t\t\t\t\t\t\t\t<span class=\"elementor-icon-list-text\">Races<\/span>\n\t\t\t\t\t\t\t\t\t\t\t<\/a>\n\t\t\t\t\t\t\t\t\t<\/li>\n\t\t\t\t\t\t\t\t<li class=\"elementor-icon-list-item elementor-inline-item\">\n\t\t\t\t\t\t\t\t\t\t\t<a href=\"\/fr\/classification\/taureaux\/\">\n\n\t\t\t\t\t\t\t\t\t\t\t<span class=\"elementor-icon-list-text\">Taureaux<\/span>\n\t\t\t\t\t\t\t\t\t\t\t<\/a>\n\t\t\t\t\t\t\t\t\t<\/li>\n\t\t\t\t\t\t\t\t<li class=\"elementor-icon-list-item elementor-inline-item\">\n\t\t\t\t\t\t\t\t\t\t\t<a href=\"\/fr\/classification\/statistiques\/\">\n\n\t\t\t\t\t\t\t\t\t\t\t<span class=\"elementor-icon-list-text\">Statistiques<\/span>\n\t\t\t\t\t\t\t\t\t\t\t<\/a>\n\t\t\t\t\t\t\t\t\t<\/li>\n\t\t\t\t\t\t<\/ul>\n\t\t\t\t\t\t<\/div>\n\t\t\t\t<\/div>\n\t\t\t\t\t<\/div>\n\t\t<\/div>\n\t\t\t\t\t<\/div>\n\t\t<\/section>\n\t\t\t\t<section class=\"has_ae_slider elementor-section elementor-top-section elementor-element elementor-element-f09dfeb elementor-section-boxed elementor-section-height-default elementor-section-height-default ae-bg-gallery-type-default\" data-id=\"f09dfeb\" data-element_type=\"section\">\n\t\t\t\t\t\t<div class=\"elementor-container elementor-column-gap-default\">\n\t\t\t\t\t<div class=\"has_ae_slider elementor-column elementor-col-100 elementor-top-column elementor-element elementor-element-75da018 ae-bg-gallery-type-default\" data-id=\"75da018\" data-element_type=\"column\">\n\t\t\t<div class=\"elementor-widget-wrap elementor-element-populated\">\n\t\t\t\t\t\t<div class=\"elementor-element elementor-element-216693e elementor-widget elementor-widget-heading\" data-id=\"216693e\" data-element_type=\"widget\" data-widget_type=\"heading.default\">\n\t\t\t\t<div class=\"elementor-widget-container\">\n\t\t\t\t\t<h1 class=\"elementor-heading-title elementor-size-default\">Taureaux<\/h1>\t\t\t\t<\/div>\n\t\t\t\t<\/div>\n\t\t\t\t\t<\/div>\n\t\t<\/div>\n\t\t\t\t\t<\/div>\n\t\t<\/section>\n\t\t\t\t<section class=\"has_ae_slider elementor-section elementor-top-section elementor-element elementor-element-e71dd1e elementor-section-boxed elementor-section-height-default elementor-section-height-default ae-bg-gallery-type-default\" data-id=\"e71dd1e\" data-element_type=\"section\">\n\t\t\t\t\t\t<div class=\"elementor-container elementor-column-gap-default\">\n\t\t\t\t\t<div class=\"has_ae_slider elementor-column elementor-col-66 elementor-top-column elementor-element elementor-element-9b2d2ee ae-bg-gallery-type-default\" data-id=\"9b2d2ee\" data-element_type=\"column\">\n\t\t\t<div class=\"elementor-widget-wrap elementor-element-populated\">\n\t\t\t\t\t\t<div class=\"elementor-element elementor-element-5227a58 elementor-widget elementor-widget-text-editor\" data-id=\"5227a58\" data-element_type=\"widget\" data-widget_type=\"text-editor.default\">\n\t\t\t\t<div class=\"elementor-widget-container\">\n\t\t\t\t\t\t\t\t\t<p>Un sch\u00e9ma similaire \u00e0 celui des animaux femelles a \u00e9t\u00e9 d\u00e9velopp\u00e9 pour la DLC des taureaux de toutes les races. Les mesures sont adapt\u00e9es \u00e0 l\u2019\u00e2ge des taureaux et les pond\u00e9rations sont l\u00e9g\u00e8rement diff\u00e9rentes de celles des vaches.<\/p>\n<p>Les taureaux peuvent \u00eatre d\u00e9crits \u00e0 partir de sept mois. Un intervalle minimum de 3 mois doit \u00eatre respect\u00e9 entre les classifications.<\/p>\n<p>Les notes maximales suivantes sont valables pour les taureaux:<\/p>\n<table>\n<tbody>\n<tr>\n<td colspan=\"2\" width=\"213\"><strong>Notes maximales selon l&#8217;\u00e2ge<\/strong><\/td>\n<\/tr>\n<tr>\n<td width=\"106\">7 \u00e0 17 mois<\/td>\n<td width=\"106\"><b>VG-88<\/b><\/td>\n<\/tr>\n<tr>\n<td width=\"106\">18 &#8211; 23 mois<\/td>\n<td width=\"106\"><b>VG-89<\/b><\/td>\n<\/tr>\n<tr>\n<td width=\"106\">24 &#8211; 35 mois<\/td>\n<td width=\"106\"><b>EX-95<\/b><\/td>\n<\/tr>\n<tr>\n<td width=\"106\">d\u00e8s 36 mois<\/td>\n<td width=\"106\"><b>EX-97<\/b><\/td>\n<\/tr>\n<\/tbody>\n<\/table>\n\t\t\t\t\t\t\t\t<\/div>\n\t\t\t\t<\/div>\n\t\t\t\t\t<\/div>\n\t\t<\/div>\n\t\t\t\t<div class=\"has_ae_slider elementor-column elementor-col-33 elementor-top-column elementor-element elementor-element-558422d ae-bg-gallery-type-default\" data-id=\"558422d\" data-element_type=\"column\">\n\t\t\t<div class=\"elementor-widget-wrap elementor-element-populated\">\n\t\t\t\t\t\t<div class=\"elementor-element elementor-element-1dba92c elementor-widget elementor-widget-image\" data-id=\"1dba92c\" data-element_type=\"widget\" data-widget_type=\"image.default\">\n\t\t\t\t<div class=\"elementor-widget-container\">\n\t\t\t\t\t\t\t\t\t\t\t\t\t\t\t<img fetchpriority=\"high\" decoding=\"async\" width=\"286\" height=\"286\" src=\"https:\/\/linearsa.ch\/wp-content\/uploads\/2014\/07\/taureaux.jpg\" class=\"attachment-large size-large wp-image-4543\" alt=\"\" srcset=\"https:\/\/linearsa.ch\/wp-content\/uploads\/2014\/07\/taureaux.jpg 286w, https:\/\/linearsa.ch\/wp-content\/uploads\/2014\/07\/taureaux-150x150.jpg 150w\" sizes=\"(max-width: 286px) 100vw, 286px\" \/>\t\t\t\t\t\t\t\t\t\t\t\t\t\t\t<\/div>\n\t\t\t\t<\/div>\n\t\t\t\t\t<\/div>\n\t\t<\/div>\n\t\t\t\t\t<\/div>\n\t\t<\/section>\n\t\t\t\t<section class=\"has_ae_slider elementor-section elementor-top-section elementor-element elementor-element-22387da4 elementor-section-boxed elementor-section-height-default elementor-section-height-default ae-bg-gallery-type-default\" data-id=\"22387da4\" data-element_type=\"section\">\n\t\t\t\t\t\t<div class=\"elementor-container elementor-column-gap-default\">\n\t\t\t\t\t<div class=\"has_ae_slider elementor-column elementor-col-100 elementor-top-column elementor-element elementor-element-4f06d4bb ae-bg-gallery-type-default\" data-id=\"4f06d4bb\" data-element_type=\"column\">\n\t\t\t<div class=\"elementor-widget-wrap elementor-element-populated\">\n\t\t\t\t\t\t<div class=\"elementor-element elementor-element-2494e778 elementor-widget elementor-widget-text-editor\" data-id=\"2494e778\" data-element_type=\"widget\" data-widget_type=\"text-editor.default\">\n\t\t\t\t<div class=\"elementor-widget-container\">\n\t\t\t\t\t\t\t\t\t<p>La classe \u00ab Excellent \u00bb, la classe la plus \u00e9lev\u00e9e, peut \u00eatre atteinte \u00e0 partir de 2 ans. Les notes maximales ne sont pas confirm\u00e9es pour les taureaux.<\/p><p>L\u2019inscription \u00e0 la DLC se fait par t\u00e9l\u00e9phone aupr\u00e8s de l\u2019organisation d\u2019\u00e9levage de l\u2019\u00e9leveur. Les membres de la F\u00e9d\u00e9ration suisse d\u2019\u00e9levage Holstein peuvent, de plus, inscrire leurs animaux sur HolsteinVision. Les organisations d\u2019\u00e9levage sont responsables des conditions d\u2019admission au herdbook.<\/p><p>Vous trouverez les sch\u00e9mas des taureaux de toutes les races ici:<\/p><ul><li><a href=\"\/wp-content\/uploads\/2024\/01\/Schema-Stiere-HOL_f_9.2024.pdf\" target=\"_blank\" rel=\"noopener noreferrer\">Holstein<\/a><\/li><li><a href=\"https:\/\/linearsa.ch\/wp-content\/uploads\/2024\/01\/Schema-Stiere-SF_f_9.2024.pdf\" target=\"_blank\" rel=\"noopener noreferrer\">Swiss Fleckvieh<\/a><\/li><li><a href=\"https:\/\/linearsa.ch\/wp-content\/uploads\/2024\/01\/Schema-Stiere-SIM_f_9.2024.pdf\" target=\"_blank\" rel=\"noopener noreferrer\">Simmental<\/a><\/li><li><a href=\"\/wp-content\/uploads\/2024\/01\/Schema-Stiere-MON_f_9.2024.pdf\" target=\"_blank\" rel=\"noopener noreferrer\">Montb\u00e9liarde<\/a><\/li><li><a href=\"\/wp-content\/uploads\/2024\/01\/Schema-HRSM2024_f.pdf\" target=\"_blank\" rel=\"noopener noreferrer\">Race d\u2019H\u00e9rens<\/a><\/li><\/ul>\t\t\t\t\t\t\t\t<\/div>\n\t\t\t\t<\/div>\n\t\t\t\t\t<\/div>\n\t\t<\/div>\n\t\t\t\t\t<\/div>\n\t\t<\/section>\n\t\t\t\t<\/div>\n\t\t","protected":false},"excerpt":{"rendered":"<p>Description lin\u00e9aire Classification Races Taureaux Statistiques Un sch\u00e9ma similaire \u00e0 celui des animaux femelles a \u00e9t\u00e9 d\u00e9velopp\u00e9 pour la DLC des taureaux de toutes les races. Les mesures sont adapt\u00e9es \u00e0 l\u2019\u00e2ge des taureaux et les pond\u00e9rations sont l\u00e9g\u00e8rement diff\u00e9rentes de celles des vaches. Les taureaux peuvent \u00eatre d\u00e9crits \u00e0 partir de sept mois. Un [&hellip;]<\/p>\n","protected":false},"author":5,"featured_media":0,"parent":5305,"menu_order":4,"comment_status":"closed","ping_status":"closed","template":"","meta":{"_monsterinsights_skip_tracking":false,"_monsterinsights_sitenote_active":false,"_monsterinsights_sitenote_note":"","_monsterinsights_sitenote_category":0,"footnotes":""},"class_list":["post-5422","page","type-page","status-publish","hentry"],"_links":{"self":[{"href":"https:\/\/linearsa.ch\/fr\/wp-json\/wp\/v2\/pages\/5422","targetHints":{"allow":["GET"]}}],"collection":[{"href":"https:\/\/linearsa.ch\/fr\/wp-json\/wp\/v2\/pages"}],"about":[{"href":"https:\/\/linearsa.ch\/fr\/wp-json\/wp\/v2\/types\/page"}],"author":[{"embeddable":true,"href":"https:\/\/linearsa.ch\/fr\/wp-json\/wp\/v2\/users\/5"}],"replies":[{"embeddable":true,"href":"https:\/\/linearsa.ch\/fr\/wp-json\/wp\/v2\/comments?post=5422"}],"version-history":[{"count":13,"href":"https:\/\/linearsa.ch\/fr\/wp-json\/wp\/v2\/pages\/5422\/revisions"}],"predecessor-version":[{"id":5783,"href":"https:\/\/linearsa.ch\/fr\/wp-json\/wp\/v2\/pages\/5422\/revisions\/5783"}],"up":[{"embeddable":true,"href":"https:\/\/linearsa.ch\/fr\/wp-json\/wp\/v2\/pages\/5305"}],"wp:attachment":[{"href":"https:\/\/linearsa.ch\/fr\/wp-json\/wp\/v2\/media?parent=5422"}],"curies":[{"name":"wp","href":"https:\/\/api.w.org\/{rel}","templated":true}]}}