{"id":5405,"date":"2014-07-31T10:37:11","date_gmt":"2014-07-31T08:37:11","guid":{"rendered":"https:\/\/g20lpbbitu.preview.infomaniak.website\/dlc\/races\/simmental\/"},"modified":"2024-01-08T16:28:11","modified_gmt":"2024-01-08T15:28:11","slug":"simmental","status":"publish","type":"page","link":"https:\/\/linearsa.ch\/fr\/dlc\/races\/simmental\/","title":{"rendered":"Simmental"},"content":{"rendered":"\t\t<div data-elementor-type=\"wp-page\" data-elementor-id=\"5405\" class=\"elementor elementor-5405 elementor-501\" data-elementor-post-type=\"page\">\n\t\t\t\t\t\t<section class=\"has_ae_slider elementor-section elementor-top-section elementor-element elementor-element-0e375e7 elementor-section-height-min-height elementor-section-boxed elementor-section-height-default elementor-section-items-middle ae-bg-gallery-type-default\" data-id=\"0e375e7\" data-element_type=\"section\" data-settings=\"{&quot;background_background&quot;:&quot;classic&quot;,&quot;background_motion_fx_motion_fx_scrolling&quot;:&quot;yes&quot;,&quot;background_motion_fx_translateY_effect&quot;:&quot;yes&quot;,&quot;background_motion_fx_translateY_direction&quot;:&quot;negative&quot;,&quot;background_motion_fx_translateY_speed&quot;:{&quot;unit&quot;:&quot;px&quot;,&quot;size&quot;:8,&quot;sizes&quot;:[]},&quot;background_motion_fx_translateY_affectedRange&quot;:{&quot;unit&quot;:&quot;%&quot;,&quot;size&quot;:&quot;&quot;,&quot;sizes&quot;:{&quot;start&quot;:0,&quot;end&quot;:100}},&quot;background_motion_fx_devices&quot;:[&quot;widescreen&quot;,&quot;desktop&quot;,&quot;laptop&quot;,&quot;tablet_extra&quot;,&quot;tablet&quot;,&quot;mobile_extra&quot;,&quot;mobile&quot;]}\">\n\t\t\t\t\t\t<div class=\"elementor-container elementor-column-gap-default\">\n\t\t\t\t\t<div class=\"has_ae_slider elementor-column elementor-col-100 elementor-top-column elementor-element elementor-element-d0fa009 ae-bg-gallery-type-default\" data-id=\"d0fa009\" data-element_type=\"column\">\n\t\t\t<div class=\"elementor-widget-wrap elementor-element-populated\">\n\t\t\t\t\t\t<div class=\"elementor-element elementor-element-7398f47 elementor-icon-list--layout-inline elementor-align-center elementor-list-item-link-full_width elementor-widget elementor-widget-icon-list\" data-id=\"7398f47\" data-element_type=\"widget\" data-widget_type=\"icon-list.default\">\n\t\t\t\t<div class=\"elementor-widget-container\">\n\t\t\t\t\t\t\t<ul class=\"elementor-icon-list-items elementor-inline-items\">\n\t\t\t\t\t\t\t<li class=\"elementor-icon-list-item elementor-inline-item\">\n\t\t\t\t\t\t\t\t\t\t\t<a href=\"\/fr\/dlc\/races\/holstein\/\">\n\n\t\t\t\t\t\t\t\t\t\t\t<span class=\"elementor-icon-list-text\">Holstein<\/span>\n\t\t\t\t\t\t\t\t\t\t\t<\/a>\n\t\t\t\t\t\t\t\t\t<\/li>\n\t\t\t\t\t\t\t\t<li class=\"elementor-icon-list-item elementor-inline-item\">\n\t\t\t\t\t\t\t\t\t\t\t<a href=\"\/fr\/dlc\/races\/swiss-fleckvieh\/\">\n\n\t\t\t\t\t\t\t\t\t\t\t<span class=\"elementor-icon-list-text\">Swiss Fleckvieh<\/span>\n\t\t\t\t\t\t\t\t\t\t\t<\/a>\n\t\t\t\t\t\t\t\t\t<\/li>\n\t\t\t\t\t\t\t\t<li class=\"elementor-icon-list-item elementor-inline-item\">\n\t\t\t\t\t\t\t\t\t\t\t<a href=\"\/fr\/dlc\/races\/simmental\/\">\n\n\t\t\t\t\t\t\t\t\t\t\t<span class=\"elementor-icon-list-text\">Simmental<\/span>\n\t\t\t\t\t\t\t\t\t\t\t<\/a>\n\t\t\t\t\t\t\t\t\t<\/li>\n\t\t\t\t\t\t\t\t<li class=\"elementor-icon-list-item elementor-inline-item\">\n\t\t\t\t\t\t\t\t\t\t\t<a href=\"\/fr\/dlc\/races\/montbeliarde\/\">\n\n\t\t\t\t\t\t\t\t\t\t\t<span class=\"elementor-icon-list-text\">Montb\u00e9liarde<\/span>\n\t\t\t\t\t\t\t\t\t\t\t<\/a>\n\t\t\t\t\t\t\t\t\t<\/li>\n\t\t\t\t\t\t\t\t<li class=\"elementor-icon-list-item elementor-inline-item\">\n\t\t\t\t\t\t\t\t\t\t\t<a href=\"\/fr\/dlc\/races\/race-dherens\/\">\n\n\t\t\t\t\t\t\t\t\t\t\t<span class=\"elementor-icon-list-text\">Race d\u2019H\u00e9rens<\/span>\n\t\t\t\t\t\t\t\t\t\t\t<\/a>\n\t\t\t\t\t\t\t\t\t<\/li>\n\t\t\t\t\t\t<\/ul>\n\t\t\t\t\t\t<\/div>\n\t\t\t\t<\/div>\n\t\t\t\t\t<\/div>\n\t\t<\/div>\n\t\t\t\t\t<\/div>\n\t\t<\/section>\n\t\t\t\t<section class=\"has_ae_slider elementor-section elementor-top-section elementor-element elementor-element-35b9b1e elementor-section-boxed elementor-section-height-default elementor-section-height-default ae-bg-gallery-type-default\" data-id=\"35b9b1e\" data-element_type=\"section\">\n\t\t\t\t\t\t<div class=\"elementor-container elementor-column-gap-default\">\n\t\t\t\t\t<div class=\"has_ae_slider elementor-column elementor-col-100 elementor-top-column elementor-element elementor-element-38cadf6 ae-bg-gallery-type-default\" data-id=\"38cadf6\" data-element_type=\"column\">\n\t\t\t<div class=\"elementor-widget-wrap elementor-element-populated\">\n\t\t\t\t\t\t<div class=\"elementor-element elementor-element-7c183b6 elementor-widget elementor-widget-heading\" data-id=\"7c183b6\" data-element_type=\"widget\" data-widget_type=\"heading.default\">\n\t\t\t\t<div class=\"elementor-widget-container\">\n\t\t\t\t\t<h1 class=\"elementor-heading-title elementor-size-default\">Simmental<\/h1>\t\t\t\t<\/div>\n\t\t\t\t<\/div>\n\t\t\t\t\t<\/div>\n\t\t<\/div>\n\t\t\t\t\t<\/div>\n\t\t<\/section>\n\t\t\t\t<section class=\"has_ae_slider elementor-section elementor-top-section elementor-element elementor-element-f0a7b94 elementor-section-boxed elementor-section-height-default elementor-section-height-default ae-bg-gallery-type-default\" data-id=\"f0a7b94\" data-element_type=\"section\">\n\t\t\t\t\t\t<div class=\"elementor-container elementor-column-gap-default\">\n\t\t\t\t\t<div class=\"has_ae_slider elementor-column elementor-col-50 elementor-top-column elementor-element elementor-element-7145d8f ae-bg-gallery-type-default\" data-id=\"7145d8f\" data-element_type=\"column\">\n\t\t\t<div class=\"elementor-widget-wrap elementor-element-populated\">\n\t\t\t\t\t\t<div class=\"elementor-element elementor-element-1faceaa elementor-widget elementor-widget-text-editor\" data-id=\"1faceaa\" data-element_type=\"widget\" data-widget_type=\"text-editor.default\">\n\t\t\t\t<div class=\"elementor-widget-container\">\n\t\t\t\t\t\t\t\t\t<p>Contrairement au sch\u00e9ma Holstein, le sch\u00e9ma de la race Simmental ne comprend pas les caract\u00e8res hauteur avant-main, rein et angularit\u00e9. Afin de tenir compte au mieux du fait qu\u2019il s\u2019agit d\u2019une race \u00e0 deux fins, nous d\u00e9crivons en revanche les caract\u00e8res suppl\u00e9mentaires suivants:<\/p>\n<ul>\n<li>Musculature<\/li>\n<li>\u00c9l\u00e9gance<\/li>\n<li>Longueur de l\u2019avant-pis<\/li>\n<\/ul>\n\t\t\t\t\t\t\t\t<\/div>\n\t\t\t\t<\/div>\n\t\t\t\t\t<\/div>\n\t\t<\/div>\n\t\t\t\t<div class=\"has_ae_slider elementor-column elementor-col-50 elementor-top-column elementor-element elementor-element-32ffa97 ae-bg-gallery-type-default\" data-id=\"32ffa97\" data-element_type=\"column\">\n\t\t\t<div class=\"elementor-widget-wrap elementor-element-populated\">\n\t\t\t\t\t\t<div class=\"elementor-element elementor-element-57de19c elementor-widget elementor-widget-image\" data-id=\"57de19c\" data-element_type=\"widget\" data-widget_type=\"image.default\">\n\t\t\t\t<div class=\"elementor-widget-container\">\n\t\t\t\t\t\t\t\t\t\t\t\t\t\t\t<img fetchpriority=\"high\" decoding=\"async\" width=\"547\" height=\"286\" src=\"https:\/\/linearsa.ch\/wp-content\/uploads\/2023\/10\/simmental-fr.jpg\" class=\"attachment-large size-large wp-image-4535\" alt=\"Simmental\" srcset=\"https:\/\/linearsa.ch\/wp-content\/uploads\/2023\/10\/simmental-fr.jpg 547w, https:\/\/linearsa.ch\/wp-content\/uploads\/2023\/10\/simmental-fr-300x157.jpg 300w\" sizes=\"(max-width: 547px) 100vw, 547px\" \/>\t\t\t\t\t\t\t\t\t\t\t\t\t\t\t<\/div>\n\t\t\t\t<\/div>\n\t\t\t\t\t<\/div>\n\t\t<\/div>\n\t\t\t\t\t<\/div>\n\t\t<\/section>\n\t\t\t\t<section class=\"has_ae_slider elementor-section elementor-top-section elementor-element elementor-element-c8f7b70 elementor-section-boxed elementor-section-height-default elementor-section-height-default ae-bg-gallery-type-default\" data-id=\"c8f7b70\" data-element_type=\"section\">\n\t\t\t\t\t\t<div class=\"elementor-container elementor-column-gap-default\">\n\t\t\t\t\t<div class=\"has_ae_slider elementor-column elementor-col-100 elementor-top-column elementor-element elementor-element-03e8ed1 ae-bg-gallery-type-default\" data-id=\"03e8ed1\" data-element_type=\"column\">\n\t\t\t<div class=\"elementor-widget-wrap elementor-element-populated\">\n\t\t\t\t\t\t<div class=\"elementor-element elementor-element-bd537c6 elementor-widget elementor-widget-text-editor\" data-id=\"bd537c6\" data-element_type=\"widget\" data-widget_type=\"text-editor.default\">\n\t\t\t\t<div class=\"elementor-widget-container\">\n\t\t\t\t\t\t\t\t\t<p>Les classificateurs recensent donc 23 caract\u00e8res, r\u00e9partis dans les quatre blocs format \/ capacit\u00e9, membres, syst\u00e8me mammaire et trayons. Des d\u00e9fauts peuvent \u00e9galement \u00eatre recens\u00e9s dans chaque bloc, d\u00e9fauts qui influent sur la note de bloc. Au total, les classificateurs peuvent recenser 38 d\u00e9fauts, en indiquant si les d\u00e9fauts sont l\u00e9g\u00e8rement ou fortement prononc\u00e9s.<br \/>La commission de la race Simmental d\u00e9finit les caract\u00e8res, les optima et les d\u00e9fauts.<br \/>Vous trouverez ici le sch\u00e9ma de la race Simmental avec tous les caract\u00e8res, les d\u00e9fauts et les optima:<\/p><p><a href=\"https:\/\/linearsa.ch\/wp-content\/uploads\/2024\/01\/SIM_F_2024.pdf\" target=\"_blank\" rel=\"noopener noreferrer\">Simmental \u2013 Description lin\u00e9aire et classification (PDF)<\/a><\/p><p>Les mesures id\u00e9ales sont fix\u00e9es pour les vaches adultes. Sur la base du d\u00e9veloppement de la race, la mensuration id\u00e9ale de chaque caract\u00e8re peut \u00eatre calcul\u00e9e pour tous les \u00e2ges.<br \/>Pour les caract\u00e8res du syst\u00e8me mammaire, la diff\u00e9renciation ne se fait pas selon l\u2019\u00e2ge, mais selon le nombre de lactations ainsi que selon le remplissage du pis. Le principe est n\u00e9anmoins le m\u00eame. Les mensurations not\u00e9es peuvent \u00eatre converties en notes sur la base de l\u2019\u00e9volution moyenne de la race ainsi que des valeurs empiriques concernant les modifications engendr\u00e9es par le remplissage accru du pis.<br \/>Le tableau suivant montre les mensurations id\u00e9ales en cm pour une jeune vache et pour une vache en troisi\u00e8me lactation:<\/p>\t\t\t\t\t\t\t\t<\/div>\n\t\t\t\t<\/div>\n\t\t\t\t\t<\/div>\n\t\t<\/div>\n\t\t\t\t\t<\/div>\n\t\t<\/section>\n\t\t\t\t<section class=\"has_ae_slider elementor-section elementor-top-section elementor-element elementor-element-6797b975 elementor-section-boxed elementor-section-height-default elementor-section-height-default ae-bg-gallery-type-default\" data-id=\"6797b975\" data-element_type=\"section\">\n\t\t\t\t\t\t<div class=\"elementor-container elementor-column-gap-default\">\n\t\t\t\t\t<div class=\"has_ae_slider elementor-column elementor-col-100 elementor-top-column elementor-element elementor-element-36104c46 ae-bg-gallery-type-default\" data-id=\"36104c46\" data-element_type=\"column\">\n\t\t\t<div class=\"elementor-widget-wrap elementor-element-populated\">\n\t\t\t\t\t\t<div class=\"elementor-element elementor-element-8b65cf elementor-widget elementor-widget-text-editor\" data-id=\"8b65cf\" data-element_type=\"widget\" data-widget_type=\"text-editor.default\">\n\t\t\t\t<div class=\"elementor-widget-container\">\n\t\t\t\t\t\t\t\t\t<table cellspacing=\"0\" cellpadding=\"0\"><tbody><tr><td><strong>Caract\u00e8re<\/strong><\/td><td style=\"text-align: center;\"><strong>Optimum en cm (3. lact. \/ 54 mois)<\/strong><br \/>(3. lact. \/ 54 mois)<\/td><td style=\"text-align: center;\"><strong>Optimum en cm<\/strong><br \/>(1. lact. \/ 32 mois)<\/td><\/tr><tr><td><strong>Stature<\/strong><\/td><td style=\"text-align: center;\">146<\/td><td style=\"text-align: center;\">143<\/td><\/tr><tr><td><strong>Position des ischions<\/strong><\/td><td style=\"text-align: center;\">-2<\/td><td style=\"text-align: center;\">-3<\/td><\/tr><tr><td><strong>Largeur aux ischions<\/strong><\/td><td style=\"text-align: center;\">21<\/td><td style=\"text-align: center;\">21<\/td><\/tr><tr><td><strong>Talon<\/strong><\/td><td style=\"text-align: center;\">5.0<\/td><td style=\"text-align: center;\">5.0<\/td><\/tr><tr><td><strong>Attache arri\u00e8re hauteur <\/strong>(remplissage pis moyen)<\/td><td style=\"text-align: center;\">22<\/td><td style=\"text-align: center;\">22<\/td><\/tr><tr><td><strong>Attache arri\u00e8re largeur <\/strong>(remplissage pis moyen)<\/td><td style=\"text-align: center;\">20<\/td><td style=\"text-align: center;\">18<\/td><\/tr><tr><td><strong>Profondeur du pis<\/strong><\/td><td style=\"text-align: center;\">8<\/td><td style=\"text-align: center;\">14<\/td><\/tr><tr><td><strong>Longueur trayons avant<\/strong><\/td><td style=\"text-align: center;\">5.5<\/td><td style=\"text-align: center;\">5.0<\/td><\/tr><\/tbody><\/table><p>La pond\u00e9ration des d\u00e9fauts peut \u00eatre consult\u00e9e en suivant le lien ci-apr\u00e8s. Les d\u00e9fauts influent sur la note de bloc. Pour les blocs avec une pond\u00e9ration \u00e9lev\u00e9e dans la note globale, un d\u00e9faut a donc une grande port\u00e9e. En outre, il existe des d\u00e9ductions diff\u00e9rentes au sein d\u2019un m\u00eame bloc. Celles-ci ont \u00e9t\u00e9 fix\u00e9es en tenant compte de la long\u00e9vit\u00e9 et de la rentabilit\u00e9.<br \/>Certains d\u00e9fauts doivent \u00eatre enti\u00e8rement \u00e9limin\u00e9s de la race, raison pour laquelle leur pond\u00e9ration est tr\u00e8s \u00e9lev\u00e9e (p. ex. c\u00f4t\u00e9 perfor\u00e9).<br \/>Certains d\u00e9fauts doivent \u00eatre enti\u00e8rement \u00e9limin\u00e9s de la race, raison pour laquelle leur pond\u00e9ration est tr\u00e8s \u00e9lev\u00e9e (p. ex. c\u00f4t\u00e9 perfor\u00e9). Les d\u00e9fauts c\u00f4t\u00e9s perfor\u00e9, trayon double, trayon suppl\u00e9mentaire actif et quartier improductif provoquent le blocage de la note du pis \u00e0 au maximum 87 points et emp\u00eachent ainsi que la vache puisse \u00eatre classifi\u00e9e EX.<\/p><p><a href=\"https:\/\/linearsa.ch\/wp-content\/uploads\/uploads\/2023\/04\/Gewichtungen-der-Fehler-04.2023-SIMMON-zur-Veroffentlichung.pdf\" target=\"_blank\" rel=\"noopener noreferrer\">Pond\u00e9ration des d\u00e9fauts<\/a><\/p>\t\t\t\t\t\t\t\t<\/div>\n\t\t\t\t<\/div>\n\t\t\t\t\t<\/div>\n\t\t<\/div>\n\t\t\t\t\t<\/div>\n\t\t<\/section>\n\t\t\t\t<\/div>\n\t\t","protected":false},"excerpt":{"rendered":"<p>Holstein Swiss Fleckvieh Simmental Montb\u00e9liarde Race d\u2019H\u00e9rens Contrairement au sch\u00e9ma Holstein, le sch\u00e9ma de la race Simmental ne comprend pas les caract\u00e8res hauteur avant-main, rein et angularit\u00e9. Afin de tenir compte au mieux du fait qu\u2019il s\u2019agit d\u2019une race \u00e0 deux fins, nous d\u00e9crivons en revanche les caract\u00e8res suppl\u00e9mentaires suivants: Musculature \u00c9l\u00e9gance Longueur de l\u2019avant-pis [&hellip;]<\/p>\n","protected":false},"author":5,"featured_media":0,"parent":5341,"menu_order":0,"comment_status":"closed","ping_status":"closed","template":"","meta":{"_monsterinsights_skip_tracking":false,"_monsterinsights_sitenote_active":false,"_monsterinsights_sitenote_note":"","_monsterinsights_sitenote_category":0,"footnotes":""},"class_list":["post-5405","page","type-page","status-publish","hentry"],"_links":{"self":[{"href":"https:\/\/linearsa.ch\/fr\/wp-json\/wp\/v2\/pages\/5405","targetHints":{"allow":["GET"]}}],"collection":[{"href":"https:\/\/linearsa.ch\/fr\/wp-json\/wp\/v2\/pages"}],"about":[{"href":"https:\/\/linearsa.ch\/fr\/wp-json\/wp\/v2\/types\/page"}],"author":[{"embeddable":true,"href":"https:\/\/linearsa.ch\/fr\/wp-json\/wp\/v2\/users\/5"}],"replies":[{"embeddable":true,"href":"https:\/\/linearsa.ch\/fr\/wp-json\/wp\/v2\/comments?post=5405"}],"version-history":[{"count":11,"href":"https:\/\/linearsa.ch\/fr\/wp-json\/wp\/v2\/pages\/5405\/revisions"}],"predecessor-version":[{"id":5801,"href":"https:\/\/linearsa.ch\/fr\/wp-json\/wp\/v2\/pages\/5405\/revisions\/5801"}],"up":[{"embeddable":true,"href":"https:\/\/linearsa.ch\/fr\/wp-json\/wp\/v2\/pages\/5341"}],"wp:attachment":[{"href":"https:\/\/linearsa.ch\/fr\/wp-json\/wp\/v2\/media?parent=5405"}],"curies":[{"name":"wp","href":"https:\/\/api.w.org\/{rel}","templated":true}]}}