{"id":5387,"date":"2014-07-31T10:36:20","date_gmt":"2014-07-31T08:36:20","guid":{"rendered":"https:\/\/g20lpbbitu.preview.infomaniak.website\/dlc\/races\/holstein\/"},"modified":"2024-01-10T15:28:26","modified_gmt":"2024-01-10T14:28:26","slug":"holstein","status":"publish","type":"page","link":"https:\/\/linearsa.ch\/fr\/dlc\/races\/holstein\/","title":{"rendered":"Holstein"},"content":{"rendered":"\t\t<div data-elementor-type=\"wp-page\" data-elementor-id=\"5387\" class=\"elementor elementor-5387 elementor-497\" data-elementor-post-type=\"page\">\n\t\t\t\t\t\t<section class=\"has_ae_slider elementor-section elementor-top-section elementor-element elementor-element-0db83dc elementor-section-height-min-height elementor-section-boxed elementor-section-height-default elementor-section-items-middle ae-bg-gallery-type-default\" data-id=\"0db83dc\" data-element_type=\"section\" data-settings=\"{&quot;background_background&quot;:&quot;classic&quot;,&quot;background_motion_fx_motion_fx_scrolling&quot;:&quot;yes&quot;,&quot;background_motion_fx_translateY_effect&quot;:&quot;yes&quot;,&quot;background_motion_fx_translateY_direction&quot;:&quot;negative&quot;,&quot;background_motion_fx_translateY_speed&quot;:{&quot;unit&quot;:&quot;px&quot;,&quot;size&quot;:8,&quot;sizes&quot;:[]},&quot;background_motion_fx_translateY_affectedRange&quot;:{&quot;unit&quot;:&quot;%&quot;,&quot;size&quot;:&quot;&quot;,&quot;sizes&quot;:{&quot;start&quot;:0,&quot;end&quot;:100}},&quot;background_motion_fx_devices&quot;:[&quot;widescreen&quot;,&quot;desktop&quot;,&quot;laptop&quot;,&quot;tablet_extra&quot;,&quot;tablet&quot;,&quot;mobile_extra&quot;,&quot;mobile&quot;]}\">\n\t\t\t\t\t\t<div class=\"elementor-container elementor-column-gap-default\">\n\t\t\t\t\t<div class=\"has_ae_slider elementor-column elementor-col-100 elementor-top-column elementor-element elementor-element-050f112 ae-bg-gallery-type-default\" data-id=\"050f112\" data-element_type=\"column\">\n\t\t\t<div class=\"elementor-widget-wrap elementor-element-populated\">\n\t\t\t\t\t\t<div class=\"elementor-element elementor-element-fdaeba9 elementor-icon-list--layout-inline elementor-align-center elementor-list-item-link-full_width elementor-widget elementor-widget-icon-list\" data-id=\"fdaeba9\" data-element_type=\"widget\" data-widget_type=\"icon-list.default\">\n\t\t\t\t<div class=\"elementor-widget-container\">\n\t\t\t\t\t\t\t<ul class=\"elementor-icon-list-items elementor-inline-items\">\n\t\t\t\t\t\t\t<li class=\"elementor-icon-list-item elementor-inline-item\">\n\t\t\t\t\t\t\t\t\t\t\t<a href=\"\/fr\/dlc\/races\/holstein\/\">\n\n\t\t\t\t\t\t\t\t\t\t\t<span class=\"elementor-icon-list-text\">Holstein<\/span>\n\t\t\t\t\t\t\t\t\t\t\t<\/a>\n\t\t\t\t\t\t\t\t\t<\/li>\n\t\t\t\t\t\t\t\t<li class=\"elementor-icon-list-item elementor-inline-item\">\n\t\t\t\t\t\t\t\t\t\t\t<a href=\"\/fr\/dlc\/races\/swiss-fleckvieh\/\">\n\n\t\t\t\t\t\t\t\t\t\t\t<span class=\"elementor-icon-list-text\">Swiss Fleckvieh<\/span>\n\t\t\t\t\t\t\t\t\t\t\t<\/a>\n\t\t\t\t\t\t\t\t\t<\/li>\n\t\t\t\t\t\t\t\t<li class=\"elementor-icon-list-item elementor-inline-item\">\n\t\t\t\t\t\t\t\t\t\t\t<a href=\"\/fr\/dlc\/races\/simmental\/\">\n\n\t\t\t\t\t\t\t\t\t\t\t<span class=\"elementor-icon-list-text\">Simmental<\/span>\n\t\t\t\t\t\t\t\t\t\t\t<\/a>\n\t\t\t\t\t\t\t\t\t<\/li>\n\t\t\t\t\t\t\t\t<li class=\"elementor-icon-list-item elementor-inline-item\">\n\t\t\t\t\t\t\t\t\t\t\t<a href=\"\/fr\/dlc\/races\/montbeliarde\/\">\n\n\t\t\t\t\t\t\t\t\t\t\t<span class=\"elementor-icon-list-text\">Montb\u00e9liarde<\/span>\n\t\t\t\t\t\t\t\t\t\t\t<\/a>\n\t\t\t\t\t\t\t\t\t<\/li>\n\t\t\t\t\t\t\t\t<li class=\"elementor-icon-list-item elementor-inline-item\">\n\t\t\t\t\t\t\t\t\t\t\t<a href=\"\/fr\/dlc\/races\/race-dherens\/\">\n\n\t\t\t\t\t\t\t\t\t\t\t<span class=\"elementor-icon-list-text\">Race d\u2019H\u00e9rens<\/span>\n\t\t\t\t\t\t\t\t\t\t\t<\/a>\n\t\t\t\t\t\t\t\t\t<\/li>\n\t\t\t\t\t\t<\/ul>\n\t\t\t\t\t\t<\/div>\n\t\t\t\t<\/div>\n\t\t\t\t\t<\/div>\n\t\t<\/div>\n\t\t\t\t\t<\/div>\n\t\t<\/section>\n\t\t\t\t<section class=\"has_ae_slider elementor-section elementor-top-section elementor-element elementor-element-8349aa6 elementor-section-boxed elementor-section-height-default elementor-section-height-default ae-bg-gallery-type-default\" data-id=\"8349aa6\" data-element_type=\"section\">\n\t\t\t\t\t\t<div class=\"elementor-container elementor-column-gap-default\">\n\t\t\t\t\t<div class=\"has_ae_slider elementor-column elementor-col-100 elementor-top-column elementor-element elementor-element-4d68aec ae-bg-gallery-type-default\" data-id=\"4d68aec\" data-element_type=\"column\">\n\t\t\t<div class=\"elementor-widget-wrap elementor-element-populated\">\n\t\t\t\t\t\t<div class=\"elementor-element elementor-element-b6bf35b elementor-widget elementor-widget-heading\" data-id=\"b6bf35b\" data-element_type=\"widget\" data-widget_type=\"heading.default\">\n\t\t\t\t<div class=\"elementor-widget-container\">\n\t\t\t\t\t<h1 class=\"elementor-heading-title elementor-size-default\">Holstein<\/h1>\t\t\t\t<\/div>\n\t\t\t\t<\/div>\n\t\t\t\t\t<\/div>\n\t\t<\/div>\n\t\t\t\t\t<\/div>\n\t\t<\/section>\n\t\t\t\t<section class=\"has_ae_slider elementor-section elementor-top-section elementor-element elementor-element-991c1ad elementor-section-boxed elementor-section-height-default elementor-section-height-default ae-bg-gallery-type-default\" data-id=\"991c1ad\" data-element_type=\"section\">\n\t\t\t\t\t\t<div class=\"elementor-container elementor-column-gap-default\">\n\t\t\t\t\t<div class=\"has_ae_slider elementor-column elementor-col-50 elementor-top-column elementor-element elementor-element-83fad62 ae-bg-gallery-type-default\" data-id=\"83fad62\" data-element_type=\"column\">\n\t\t\t<div class=\"elementor-widget-wrap elementor-element-populated\">\n\t\t\t\t\t\t<div class=\"elementor-element elementor-element-040e953 elementor-widget elementor-widget-text-editor\" data-id=\"040e953\" data-element_type=\"widget\" data-widget_type=\"text-editor.default\">\n\t\t\t\t<div class=\"elementor-widget-container\">\n\t\t\t\t\t\t\t\t\t<p>Les animaux Red Holstein et Holstein sont d\u00e9crits \u00e0 l\u2019aide du m\u00eame sch\u00e9ma. Les classificateurs d\u00e9crivent 23 caract\u00e8res, r\u00e9partis dans les quatre blocs format \/ capacit\u00e9, croupe, membres et syst\u00e8me mammaire. Des d\u00e9fauts peuvent \u00e9galement \u00eatre recens\u00e9s dans chaque bloc, d\u00e9fauts qui influent sur la note de bloc. Au total, les classificateurs peuvent recenser 39 d\u00e9fauts, en indiquant si les d\u00e9fauts sont l\u00e9g\u00e8rement ou fortement prononc\u00e9s.<br \/>Les caract\u00e8res ainsi que les optima et les d\u00e9fauts sont fix\u00e9s par la commission du sch\u00e9ma.<br \/>Vous trouverez ici le sch\u00e9ma de la race Holstein avec tous les caract\u00e8res, les d\u00e9fauts et les optima:<\/p>\n<p><a href=\"\/wp-content\/uploads\/2024\/01\/Schema-HOL_f_9.2025-1.pdf\" target=\"_blank\" rel=\"noopener noreferrer\">Holstein \u2013 Description lin\u00e9aire et classification (PDF)<\/a><\/p>\n\t\t\t\t\t\t\t\t<\/div>\n\t\t\t\t<\/div>\n\t\t\t\t\t<\/div>\n\t\t<\/div>\n\t\t\t\t<div class=\"has_ae_slider elementor-column elementor-col-50 elementor-top-column elementor-element elementor-element-7cdf14d ae-bg-gallery-type-default\" data-id=\"7cdf14d\" data-element_type=\"column\">\n\t\t\t<div class=\"elementor-widget-wrap elementor-element-populated\">\n\t\t\t\t\t\t<div class=\"elementor-element elementor-element-263bde4 elementor-widget elementor-widget-image\" data-id=\"263bde4\" data-element_type=\"widget\" data-widget_type=\"image.default\">\n\t\t\t\t<div class=\"elementor-widget-container\">\n\t\t\t\t\t\t\t\t\t\t\t\t\t\t\t<img fetchpriority=\"high\" decoding=\"async\" width=\"286\" height=\"286\" src=\"https:\/\/linearsa.ch\/wp-content\/uploads\/2014\/07\/race-holstein-fr.jpg\" class=\"attachment-large size-large wp-image-4517\" alt=\"Holstein\" srcset=\"https:\/\/linearsa.ch\/wp-content\/uploads\/2014\/07\/race-holstein-fr.jpg 286w, https:\/\/linearsa.ch\/wp-content\/uploads\/2014\/07\/race-holstein-fr-150x150.jpg 150w\" sizes=\"(max-width: 286px) 100vw, 286px\" \/>\t\t\t\t\t\t\t\t\t\t\t\t\t\t\t<\/div>\n\t\t\t\t<\/div>\n\t\t\t\t\t<\/div>\n\t\t<\/div>\n\t\t\t\t\t<\/div>\n\t\t<\/section>\n\t\t\t\t<section class=\"has_ae_slider elementor-section elementor-top-section elementor-element elementor-element-aaead0a elementor-section-boxed elementor-section-height-default elementor-section-height-default ae-bg-gallery-type-default\" data-id=\"aaead0a\" data-element_type=\"section\">\n\t\t\t\t\t\t<div class=\"elementor-container elementor-column-gap-default\">\n\t\t\t\t\t<div class=\"has_ae_slider elementor-column elementor-col-100 elementor-top-column elementor-element elementor-element-53db09b ae-bg-gallery-type-default\" data-id=\"53db09b\" data-element_type=\"column\">\n\t\t\t<div class=\"elementor-widget-wrap elementor-element-populated\">\n\t\t\t\t\t\t<div class=\"elementor-element elementor-element-ba030f4 elementor-widget elementor-widget-text-editor\" data-id=\"ba030f4\" data-element_type=\"widget\" data-widget_type=\"text-editor.default\">\n\t\t\t\t<div class=\"elementor-widget-container\">\n\t\t\t\t\t\t\t\t\t<p>Les mesures id\u00e9ales sont fix\u00e9es pour les vaches adultes. Sur la base du d\u00e9veloppement de la race, la mensuration id\u00e9ale de chaque caract\u00e8re peut \u00eatre calcul\u00e9e pour tous les \u00e2ges.<\/p>\n<p>Pour les caract\u00e8res du syst\u00e8me mammaire, la diff\u00e9renciation ne se fait pas selon l\u2019\u00e2ge, mais selon le nombre de lactations ainsi que selon le remplissage du pis. Le principe est n\u00e9anmoins le m\u00eame. Les mensurations not\u00e9es peuvent \u00eatre converties en notes sur la base de l\u2019\u00e9volution moyenne de la race ainsi que des valeurs empiriques concernant les modifications engendr\u00e9es par le remplissage accru du pis. Pour la hauteur de l\u2019attache arri\u00e8re et la profondeur du pis, on tient compte de la taille de la vache.<br \/>Le tableau suivant montre les mensurations id\u00e9ales en cm pour une jeune vache et pour une vache en troisi\u00e8me lactation qui pr\u00e9sentent chaque fois une stature moyenne:<\/p>\n\t\t\t\t\t\t\t\t<\/div>\n\t\t\t\t<\/div>\n\t\t\t\t\t<\/div>\n\t\t<\/div>\n\t\t\t\t\t<\/div>\n\t\t<\/section>\n\t\t\t\t<section class=\"has_ae_slider elementor-section elementor-top-section elementor-element elementor-element-34e2510 elementor-section-boxed elementor-section-height-default elementor-section-height-default ae-bg-gallery-type-default\" data-id=\"34e2510\" data-element_type=\"section\">\n\t\t\t\t\t\t<div class=\"elementor-container elementor-column-gap-default\">\n\t\t\t\t\t<div class=\"has_ae_slider elementor-column elementor-col-100 elementor-top-column elementor-element elementor-element-b99f9a0 ae-bg-gallery-type-default\" data-id=\"b99f9a0\" data-element_type=\"column\">\n\t\t\t<div class=\"elementor-widget-wrap elementor-element-populated\">\n\t\t\t\t\t\t<div class=\"elementor-element elementor-element-b17e9ab elementor-widget elementor-widget-text-editor\" data-id=\"b17e9ab\" data-element_type=\"widget\" data-widget_type=\"text-editor.default\">\n\t\t\t\t<div class=\"elementor-widget-container\">\n\t\t\t\t\t\t\t\t\t<table cellspacing=\"0\" cellpadding=\"0\">\n<tbody>\n<tr>\n<td><strong>Caract\u00e8re<\/strong><\/td>\n<td style=\"text-align: center;\"><strong>Optimum en cm<\/strong>\n(3. lact. \/ 54 mois)<\/td>\n<td style=\"text-align: center;\"><strong>Optimum en cm<\/strong>\n(1. lact. \/ 32 mois)<\/td>\n<\/tr>\n<tr>\n<td><strong>Stature<\/strong><\/td>\n<td style=\"text-align: center;\">155<\/td>\n<td style=\"text-align: center;\">152<\/td>\n<\/tr>\n<tr>\n<td><strong>Hauteur relative \u00e0 l\u2019avant-main<\/strong><\/td>\n<td style=\"text-align: center;\">3<\/td>\n<td style=\"text-align: center;\">1<\/td>\n<\/tr>\n<tr>\n<td><strong>Position des ischions<\/strong><\/td>\n<td style=\"text-align: center;\">-2<\/td>\n<td style=\"text-align: center;\">-3<\/td>\n<\/tr>\n<tr>\n<td><strong>Largeur aux ischions<\/strong><\/td>\n<td style=\"text-align: center;\">25<\/td>\n<td style=\"text-align: center;\">23<\/td>\n<\/tr>\n<tr>\n<td><strong>Talon<\/strong><\/td>\n<td style=\"text-align: center;\">4.5<\/td>\n<td style=\"text-align: center;\">4.5<\/td>\n<\/tr>\n<tr>\n<td><strong>Attache arri\u00e8re hauteur<\/strong> (remplissage pis moyen)<\/td>\n<td style=\"text-align: center;\">18<\/td>\n<td style=\"text-align: center;\">18<\/td>\n<\/tr>\n<tr>\n<td><strong>Attache arri\u00e8re largeur<\/strong> (remplissage pis moyen)<\/td>\n<td style=\"text-align: center;\">23<\/td>\n<td style=\"text-align: center;\">21<\/td>\n<\/tr>\n<tr>\n<td><strong>Profondeur du pis<\/strong><\/td>\n<td style=\"text-align: center;\">  7<\/td>\n<td style=\"text-align: center;\">15<\/td>\n<\/tr>\n<tr>\n<td><strong>Longueur trayons avant<\/strong><\/td>\n<td style=\"text-align: center;\">5.5<\/td>\n<td style=\"text-align: center;\">5.0<\/td>\n<\/tr>\n<\/tbody>\n<\/table>\t\t\t\t\t\t\t\t<\/div>\n\t\t\t\t<\/div>\n\t\t\t\t\t<\/div>\n\t\t<\/div>\n\t\t\t\t\t<\/div>\n\t\t<\/section>\n\t\t\t\t<section class=\"has_ae_slider elementor-section elementor-top-section elementor-element elementor-element-717a6ba elementor-section-boxed elementor-section-height-default elementor-section-height-default ae-bg-gallery-type-default\" data-id=\"717a6ba\" data-element_type=\"section\">\n\t\t\t\t\t\t<div class=\"elementor-container elementor-column-gap-default\">\n\t\t\t\t\t<div class=\"has_ae_slider elementor-column elementor-col-100 elementor-top-column elementor-element elementor-element-700a966c ae-bg-gallery-type-default\" data-id=\"700a966c\" data-element_type=\"column\">\n\t\t\t<div class=\"elementor-widget-wrap elementor-element-populated\">\n\t\t\t\t\t\t<div class=\"elementor-element elementor-element-4bf194c1 elementor-widget elementor-widget-text-editor\" data-id=\"4bf194c1\" data-element_type=\"widget\" data-widget_type=\"text-editor.default\">\n\t\t\t\t<div class=\"elementor-widget-container\">\n\t\t\t\t\t\t\t\t\t<p>La pond\u00e9ration des d\u00e9fauts peut \u00eatre consult\u00e9e en suivant le lien ci-apr\u00e8s. Les d\u00e9fauts influent sur la note de bloc. Pour les blocs avec une pond\u00e9ration \u00e9lev\u00e9e dans la note globale, un d\u00e9faut a donc une grande port\u00e9e. En outre, il existe des d\u00e9ductions diff\u00e9rentes au sein d\u2019un m\u00eame bloc. Celles-ci ont \u00e9t\u00e9 fix\u00e9es en tenant compte de la long\u00e9vit\u00e9 et de la rentabilit\u00e9.<br \/>Certains d\u00e9fauts doivent \u00eatre enti\u00e8rement \u00e9limin\u00e9s de la race, raison pour laquelle leur pond\u00e9ration est tr\u00e8s \u00e9lev\u00e9e (p. ex. c\u00f4t\u00e9 perfor\u00e9).<br \/>Certains d\u00e9fauts doivent \u00eatre enti\u00e8rement \u00e9limin\u00e9s de la race, raison pour laquelle leur pond\u00e9ration est tr\u00e8s \u00e9lev\u00e9e (p. ex. c\u00f4t\u00e9 perfor\u00e9). Les d\u00e9fauts c\u00f4t\u00e9s perfor\u00e9, trayon double, trayon suppl\u00e9mentaire actif et quartier improductif provoquent le blocage de la note du pis \u00e0 au maximum 87 points et emp\u00eachent ainsi que la vache puisse \u00eatre classifi\u00e9e EX.<\/p><p><a href=\"https:\/\/linearsa.ch\/wp-content\/uploads\/2014\/04\/Gewichtungen-der-Fehler-09.2016-HOL-zur-Veroeffentlichung.pdf\" target=\"_blank\" rel=\"noopener noreferrer\">Pond\u00e9ration des d\u00e9fauts<\/a><\/p>\t\t\t\t\t\t\t\t<\/div>\n\t\t\t\t<\/div>\n\t\t\t\t\t<\/div>\n\t\t<\/div>\n\t\t\t\t\t<\/div>\n\t\t<\/section>\n\t\t\t\t<\/div>\n\t\t","protected":false},"excerpt":{"rendered":"<p>Holstein Swiss Fleckvieh Simmental Montb\u00e9liarde Race d\u2019H\u00e9rens Les animaux Red Holstein et Holstein sont d\u00e9crits \u00e0 l\u2019aide du m\u00eame sch\u00e9ma. Les classificateurs d\u00e9crivent 23 caract\u00e8res, r\u00e9partis dans les quatre blocs format \/ capacit\u00e9, croupe, membres et syst\u00e8me mammaire. Des d\u00e9fauts peuvent \u00e9galement \u00eatre recens\u00e9s dans chaque bloc, d\u00e9fauts qui influent sur la note de bloc. [&hellip;]<\/p>\n","protected":false},"author":5,"featured_media":0,"parent":5341,"menu_order":0,"comment_status":"closed","ping_status":"closed","template":"","meta":{"_monsterinsights_skip_tracking":false,"_monsterinsights_sitenote_active":false,"_monsterinsights_sitenote_note":"","_monsterinsights_sitenote_category":0,"footnotes":""},"class_list":["post-5387","page","type-page","status-publish","hentry"],"_links":{"self":[{"href":"https:\/\/linearsa.ch\/fr\/wp-json\/wp\/v2\/pages\/5387","targetHints":{"allow":["GET"]}}],"collection":[{"href":"https:\/\/linearsa.ch\/fr\/wp-json\/wp\/v2\/pages"}],"about":[{"href":"https:\/\/linearsa.ch\/fr\/wp-json\/wp\/v2\/types\/page"}],"author":[{"embeddable":true,"href":"https:\/\/linearsa.ch\/fr\/wp-json\/wp\/v2\/users\/5"}],"replies":[{"embeddable":true,"href":"https:\/\/linearsa.ch\/fr\/wp-json\/wp\/v2\/comments?post=5387"}],"version-history":[{"count":11,"href":"https:\/\/linearsa.ch\/fr\/wp-json\/wp\/v2\/pages\/5387\/revisions"}],"predecessor-version":[{"id":5832,"href":"https:\/\/linearsa.ch\/fr\/wp-json\/wp\/v2\/pages\/5387\/revisions\/5832"}],"up":[{"embeddable":true,"href":"https:\/\/linearsa.ch\/fr\/wp-json\/wp\/v2\/pages\/5341"}],"wp:attachment":[{"href":"https:\/\/linearsa.ch\/fr\/wp-json\/wp\/v2\/media?parent=5387"}],"curies":[{"name":"wp","href":"https:\/\/api.w.org\/{rel}","templated":true}]}}