{"id":5378,"date":"2014-07-31T10:37:43","date_gmt":"2014-07-31T08:37:43","guid":{"rendered":"https:\/\/g20lpbbitu.preview.infomaniak.website\/dlc\/races\/race-dherens\/"},"modified":"2024-01-08T15:36:28","modified_gmt":"2024-01-08T14:36:28","slug":"race-dherens","status":"publish","type":"page","link":"https:\/\/linearsa.ch\/fr\/dlc\/races\/race-dherens\/","title":{"rendered":"Race d\u2019H\u00e9rens"},"content":{"rendered":"\t\t<div data-elementor-type=\"wp-page\" data-elementor-id=\"5378\" class=\"elementor elementor-5378 elementor-505\" data-elementor-post-type=\"page\">\n\t\t\t\t\t\t<section class=\"has_ae_slider elementor-section elementor-top-section elementor-element elementor-element-d9f1d5e elementor-section-height-min-height elementor-section-boxed elementor-section-height-default elementor-section-items-middle ae-bg-gallery-type-default\" data-id=\"d9f1d5e\" data-element_type=\"section\" data-settings=\"{&quot;background_background&quot;:&quot;classic&quot;,&quot;background_motion_fx_motion_fx_scrolling&quot;:&quot;yes&quot;,&quot;background_motion_fx_translateY_effect&quot;:&quot;yes&quot;,&quot;background_motion_fx_translateY_direction&quot;:&quot;negative&quot;,&quot;background_motion_fx_translateY_speed&quot;:{&quot;unit&quot;:&quot;px&quot;,&quot;size&quot;:8,&quot;sizes&quot;:[]},&quot;background_motion_fx_translateY_affectedRange&quot;:{&quot;unit&quot;:&quot;%&quot;,&quot;size&quot;:&quot;&quot;,&quot;sizes&quot;:{&quot;start&quot;:0,&quot;end&quot;:100}},&quot;background_motion_fx_devices&quot;:[&quot;widescreen&quot;,&quot;desktop&quot;,&quot;laptop&quot;,&quot;tablet_extra&quot;,&quot;tablet&quot;,&quot;mobile_extra&quot;,&quot;mobile&quot;]}\">\n\t\t\t\t\t\t<div class=\"elementor-container elementor-column-gap-default\">\n\t\t\t\t\t<div class=\"has_ae_slider elementor-column elementor-col-100 elementor-top-column elementor-element elementor-element-f9134ea ae-bg-gallery-type-default\" data-id=\"f9134ea\" data-element_type=\"column\">\n\t\t\t<div class=\"elementor-widget-wrap elementor-element-populated\">\n\t\t\t\t\t\t<div class=\"elementor-element elementor-element-76b3f89 elementor-icon-list--layout-inline elementor-align-center elementor-list-item-link-full_width elementor-widget elementor-widget-icon-list\" data-id=\"76b3f89\" data-element_type=\"widget\" data-widget_type=\"icon-list.default\">\n\t\t\t\t<div class=\"elementor-widget-container\">\n\t\t\t\t\t\t\t<ul class=\"elementor-icon-list-items elementor-inline-items\">\n\t\t\t\t\t\t\t<li class=\"elementor-icon-list-item elementor-inline-item\">\n\t\t\t\t\t\t\t\t\t\t\t<a href=\"\/fr\/dlc\/races\/holstein\/\">\n\n\t\t\t\t\t\t\t\t\t\t\t<span class=\"elementor-icon-list-text\">Holstein<\/span>\n\t\t\t\t\t\t\t\t\t\t\t<\/a>\n\t\t\t\t\t\t\t\t\t<\/li>\n\t\t\t\t\t\t\t\t<li class=\"elementor-icon-list-item elementor-inline-item\">\n\t\t\t\t\t\t\t\t\t\t\t<a href=\"\/fr\/dlc\/races\/swiss-fleckvieh\/\">\n\n\t\t\t\t\t\t\t\t\t\t\t<span class=\"elementor-icon-list-text\">Swiss Fleckvieh<\/span>\n\t\t\t\t\t\t\t\t\t\t\t<\/a>\n\t\t\t\t\t\t\t\t\t<\/li>\n\t\t\t\t\t\t\t\t<li class=\"elementor-icon-list-item elementor-inline-item\">\n\t\t\t\t\t\t\t\t\t\t\t<a href=\"\/fr\/dlc\/races\/simmental\/\">\n\n\t\t\t\t\t\t\t\t\t\t\t<span class=\"elementor-icon-list-text\">Simmental<\/span>\n\t\t\t\t\t\t\t\t\t\t\t<\/a>\n\t\t\t\t\t\t\t\t\t<\/li>\n\t\t\t\t\t\t\t\t<li class=\"elementor-icon-list-item elementor-inline-item\">\n\t\t\t\t\t\t\t\t\t\t\t<a href=\"\/fr\/dlc\/races\/montbeliarde\/\">\n\n\t\t\t\t\t\t\t\t\t\t\t<span class=\"elementor-icon-list-text\">Montb\u00e9liarde<\/span>\n\t\t\t\t\t\t\t\t\t\t\t<\/a>\n\t\t\t\t\t\t\t\t\t<\/li>\n\t\t\t\t\t\t\t\t<li class=\"elementor-icon-list-item elementor-inline-item\">\n\t\t\t\t\t\t\t\t\t\t\t<a href=\"\/fr\/dlc\/races\/race-dherens\/\">\n\n\t\t\t\t\t\t\t\t\t\t\t<span class=\"elementor-icon-list-text\">Race d\u2019H\u00e9rens<\/span>\n\t\t\t\t\t\t\t\t\t\t\t<\/a>\n\t\t\t\t\t\t\t\t\t<\/li>\n\t\t\t\t\t\t<\/ul>\n\t\t\t\t\t\t<\/div>\n\t\t\t\t<\/div>\n\t\t\t\t\t<\/div>\n\t\t<\/div>\n\t\t\t\t\t<\/div>\n\t\t<\/section>\n\t\t\t\t<section class=\"has_ae_slider elementor-section elementor-top-section elementor-element elementor-element-6b69461 elementor-section-boxed elementor-section-height-default elementor-section-height-default ae-bg-gallery-type-default\" data-id=\"6b69461\" data-element_type=\"section\">\n\t\t\t\t\t\t<div class=\"elementor-container elementor-column-gap-default\">\n\t\t\t\t\t<div class=\"has_ae_slider elementor-column elementor-col-100 elementor-top-column elementor-element elementor-element-0e7f6aa ae-bg-gallery-type-default\" data-id=\"0e7f6aa\" data-element_type=\"column\">\n\t\t\t<div class=\"elementor-widget-wrap elementor-element-populated\">\n\t\t\t\t\t\t<div class=\"elementor-element elementor-element-9724a45 elementor-widget elementor-widget-heading\" data-id=\"9724a45\" data-element_type=\"widget\" data-widget_type=\"heading.default\">\n\t\t\t\t<div class=\"elementor-widget-container\">\n\t\t\t\t\t<h1 class=\"elementor-heading-title elementor-size-default\">Race d\u2019H\u00e9rens<\/h1>\t\t\t\t<\/div>\n\t\t\t\t<\/div>\n\t\t\t\t\t<\/div>\n\t\t<\/div>\n\t\t\t\t\t<\/div>\n\t\t<\/section>\n\t\t\t\t<section class=\"has_ae_slider elementor-section elementor-top-section elementor-element elementor-element-ec7194e elementor-section-boxed elementor-section-height-default elementor-section-height-default ae-bg-gallery-type-default\" data-id=\"ec7194e\" data-element_type=\"section\">\n\t\t\t\t\t\t<div class=\"elementor-container elementor-column-gap-default\">\n\t\t\t\t\t<div class=\"has_ae_slider elementor-column elementor-col-50 elementor-top-column elementor-element elementor-element-4498888 ae-bg-gallery-type-default\" data-id=\"4498888\" data-element_type=\"column\">\n\t\t\t<div class=\"elementor-widget-wrap elementor-element-populated\">\n\t\t\t\t\t\t<div class=\"elementor-element elementor-element-e9b5412 elementor-widget elementor-widget-text-editor\" data-id=\"e9b5412\" data-element_type=\"widget\" data-widget_type=\"text-editor.default\">\n\t\t\t\t<div class=\"elementor-widget-container\">\n\t\t\t\t\t\t\t\t\t<p>Au contraire du sch\u00e9ma de la Holstein, le sch\u00e9ma de la race d\u2019H\u00e9rens ne comprend pas les caract\u00e8res rein, angularit\u00e9, attache arri\u00e8re hauteur et largeur. Afin de tenir compte au mieux du fait qu\u2019il s\u2019agit d\u2019une race \u00e0 trois fins, nous d\u00e9crivons par contre les caract\u00e8res suppl\u00e9mentaires suivants:<\/p>\n<ul>\n<li>Sortie de cornes<\/li>\n<li>T\u00eate<\/li>\n<li>\u00c9l\u00e9gance<\/li>\n<li>Musculature<\/li>\n<li>Arri\u00e8re pis<\/li>\n<\/ul>\n\t\t\t\t\t\t\t\t<\/div>\n\t\t\t\t<\/div>\n\t\t\t\t\t<\/div>\n\t\t<\/div>\n\t\t\t\t<div class=\"has_ae_slider elementor-column elementor-col-50 elementor-top-column elementor-element elementor-element-66a5230 ae-bg-gallery-type-default\" data-id=\"66a5230\" data-element_type=\"column\">\n\t\t\t<div class=\"elementor-widget-wrap elementor-element-populated\">\n\t\t\t\t\t\t<div class=\"elementor-element elementor-element-951bac1 elementor-widget elementor-widget-image\" data-id=\"951bac1\" data-element_type=\"widget\" data-widget_type=\"image.default\">\n\t\t\t\t<div class=\"elementor-widget-container\">\n\t\t\t\t\t\t\t\t\t\t\t\t\t\t\t<img fetchpriority=\"high\" decoding=\"async\" width=\"286\" height=\"286\" src=\"https:\/\/linearsa.ch\/wp-content\/uploads\/2014\/07\/race-eringer-fr.jpg\" class=\"attachment-large size-large wp-image-4515\" alt=\"Eringer\" srcset=\"https:\/\/linearsa.ch\/wp-content\/uploads\/2014\/07\/race-eringer-fr.jpg 286w, https:\/\/linearsa.ch\/wp-content\/uploads\/2014\/07\/race-eringer-fr-150x150.jpg 150w\" sizes=\"(max-width: 286px) 100vw, 286px\" \/>\t\t\t\t\t\t\t\t\t\t\t\t\t\t\t<\/div>\n\t\t\t\t<\/div>\n\t\t\t\t\t<\/div>\n\t\t<\/div>\n\t\t\t\t\t<\/div>\n\t\t<\/section>\n\t\t\t\t<section class=\"has_ae_slider elementor-section elementor-top-section elementor-element elementor-element-775ce6b elementor-section-boxed elementor-section-height-default elementor-section-height-default ae-bg-gallery-type-default\" data-id=\"775ce6b\" data-element_type=\"section\">\n\t\t\t\t\t\t<div class=\"elementor-container elementor-column-gap-default\">\n\t\t\t\t\t<div class=\"has_ae_slider elementor-column elementor-col-100 elementor-top-column elementor-element elementor-element-47048c1 ae-bg-gallery-type-default\" data-id=\"47048c1\" data-element_type=\"column\">\n\t\t\t<div class=\"elementor-widget-wrap elementor-element-populated\">\n\t\t\t\t\t\t<div class=\"elementor-element elementor-element-65e9a07 elementor-widget elementor-widget-text-editor\" data-id=\"65e9a07\" data-element_type=\"widget\" data-widget_type=\"text-editor.default\">\n\t\t\t\t<div class=\"elementor-widget-container\">\n\t\t\t\t\t\t\t\t\t<p>Les classificateurs recensent donc 24 caract\u00e8res, r\u00e9partis dans les quatre blocs format \/ capacit\u00e9, membres, syst\u00e8me mammaire et trayons. Des d\u00e9fauts peuvent \u00e9galement \u00eatre recens\u00e9s dans chaque bloc, d\u00e9fauts qui influent sur la note de bloc. Au total, les classificateurs peuvent recenser 38 d\u00e9fauts, en indiquant si les d\u00e9fauts sont l\u00e9g\u00e8rement ou fortement prononc\u00e9s.<br \/>Le comit\u00e9 de la F\u00e9d\u00e9ration suisse d\u2019\u00e9levage de la race d\u2019H\u00e9rens d\u00e9finit les caract\u00e8res d\u00e9crits en se basant sur les recommandations de Linear.<br \/>Vous trouverez ici le sch\u00e9ma de la race d\u2019H\u00e9rens avec tous les caract\u00e8res, les d\u00e9fauts et les optima:<\/p>\n<p><a href=\"\/wp-content\/uploads\/2024\/01\/Schema-HRS2024_f-1.pdf\" target=\"_blank\" rel=\"noopener noreferrer\">H\u00e9rens \u2013 Description lin\u00e9aire et classification (PDF)<\/a><\/p>\n<p>Les mesures id\u00e9ales sont fix\u00e9es pour les vaches adultes. Sur la base du d\u00e9veloppement de la race, la mensuration id\u00e9ale de chaque caract\u00e8re peut \u00eatre calcul\u00e9e pour tous les \u00e2ges.<br \/>Pour les caract\u00e8res du syst\u00e8me mammaire, la diff\u00e9renciation ne se fait pas selon l\u2019\u00e2ge, mais selon le nombre de lactations ainsi que selon le remplissage du pis. Le principe est n\u00e9anmoins le m\u00eame. Les mensurations not\u00e9es peuvent \u00eatre converties en notes sur la base de l\u2019\u00e9volution moyenne de la race ainsi que des valeurs empiriques concernant les modifications engendr\u00e9es par le remplissage accru du pis.<br \/>Le tableau suivant montre les mensurations id\u00e9ales en cm pour une jeune vache et pour une vache en troisi\u00e8me lactation:<\/p>\n\t\t\t\t\t\t\t\t<\/div>\n\t\t\t\t<\/div>\n\t\t\t\t\t<\/div>\n\t\t<\/div>\n\t\t\t\t\t<\/div>\n\t\t<\/section>\n\t\t\t\t<section class=\"has_ae_slider elementor-section elementor-top-section elementor-element elementor-element-715f7eac elementor-section-boxed elementor-section-height-default elementor-section-height-default ae-bg-gallery-type-default\" data-id=\"715f7eac\" data-element_type=\"section\">\n\t\t\t\t\t\t<div class=\"elementor-container elementor-column-gap-default\">\n\t\t\t\t\t<div class=\"has_ae_slider elementor-column elementor-col-100 elementor-top-column elementor-element elementor-element-24d06f83 ae-bg-gallery-type-default\" data-id=\"24d06f83\" data-element_type=\"column\">\n\t\t\t<div class=\"elementor-widget-wrap elementor-element-populated\">\n\t\t\t\t\t\t<div class=\"elementor-element elementor-element-74c2d220 elementor-widget elementor-widget-text-editor\" data-id=\"74c2d220\" data-element_type=\"widget\" data-widget_type=\"text-editor.default\">\n\t\t\t\t<div class=\"elementor-widget-container\">\n\t\t\t\t\t\t\t\t\t<p><\/p>\n<table cellspacing=\"0\" cellpadding=\"0\">\n<tbody>\n<tr>\n<td><strong>Caract\u00e8re<\/strong><\/td>\n<td style=\"text-align: center;\"><strong>Optimum en cm<\/strong><br>(3. lact. \/ 52 mois)<\/td>\n<td style=\"text-align: center;\"><strong>Optimum en cm<\/strong><br>(1. (1. lact. \/ 39&nbsp;mois)<\/td>\n<\/tr>\n<tr>\n<td><strong>Stature<\/strong><\/td>\n<td style=\"text-align: center;\">129<\/td>\n<td style=\"text-align: center;\">127<\/td>\n<\/tr>\n<tr>\n<td><strong>Hauteur relative \u00e0 l\u2019avant-main<\/strong><\/td>\n<td style=\"text-align: center;\">1<\/td>\n<td style=\"text-align: center;\">0<\/td>\n<\/tr>\n<tr>\n<td><strong>Position des ischions<\/strong><\/td>\n<td style=\"text-align: center;\">-7<\/td>\n<td style=\"text-align: center;\">-7<\/td>\n<\/tr>\n<tr>\n<td><strong>Largeur aux ischions<\/strong><\/td>\n<td style=\"text-align: center;\">18<\/td>\n<td style=\"text-align: center;\">18<\/td>\n<\/tr>\n<tr>\n<td><strong>Talon<\/strong><\/td>\n<td style=\"text-align: center;\">4.5<\/td>\n<td style=\"text-align: center;\">4.5<\/td>\n<\/tr>\n<tr>\n<td><strong>Profondeur du pis<\/strong><\/td>\n<td style=\"text-align: center;\">7<\/td>\n<td style=\"text-align: center;\">15<\/td>\n<\/tr>\n<tr>\n<td><strong>Longueur trayons avant<\/strong><\/td>\n<td style=\"text-align: center;\">6.5<\/td>\n<td style=\"text-align: center;\">6.0<\/td>\n<\/tr>\n<\/tbody>\n<\/table>\n<p>La pond\u00e9ration des d\u00e9fauts peut \u00eatre consult\u00e9e en suivant le lien ci-apr\u00e8s. Les d\u00e9fauts influent sur la note de bloc. Pour les blocs avec une pond\u00e9ration \u00e9lev\u00e9e dans la note globale, un d\u00e9faut a donc une grande port\u00e9e. En outre, il existe des d\u00e9ductions diff\u00e9rentes au sein d\u2019un m\u00eame bloc. Celles-ci ont \u00e9t\u00e9 fix\u00e9es en tenant compte de la long\u00e9vit\u00e9 et de la rentabilit\u00e9.<br>Certains d\u00e9fauts doivent \u00eatre enti\u00e8rement \u00e9limin\u00e9s de la race, raison pour laquelle leur pond\u00e9ration est tr\u00e8s \u00e9lev\u00e9e (p. ex. c\u00f4t\u00e9 perfor\u00e9).<br>Les d\u00e9fauts c\u00f4t\u00e9s perfor\u00e9, trayon double, trayon suppl\u00e9mentaire actif et quartier improductif provoquent le blocage de la note du pis \u00e0 au maximum&nbsp;87 points et emp\u00eachent ainsi que la vache puisse \u00eatre classifi\u00e9e EX.<\/p>\t\t\t\t\t\t\t\t<\/div>\n\t\t\t\t<\/div>\n\t\t\t\t\t<\/div>\n\t\t<\/div>\n\t\t\t\t\t<\/div>\n\t\t<\/section>\n\t\t\t\t<\/div>\n\t\t","protected":false},"excerpt":{"rendered":"<p>Holstein Swiss Fleckvieh Simmental Montb\u00e9liarde Race d\u2019H\u00e9rens Au contraire du sch\u00e9ma de la Holstein, le sch\u00e9ma de la race d\u2019H\u00e9rens ne comprend pas les caract\u00e8res rein, angularit\u00e9, attache arri\u00e8re hauteur et largeur. Afin de tenir compte au mieux du fait qu\u2019il s\u2019agit d\u2019une race \u00e0 trois fins, nous d\u00e9crivons par contre les caract\u00e8res suppl\u00e9mentaires suivants: [&hellip;]<\/p>\n","protected":false},"author":5,"featured_media":0,"parent":5341,"menu_order":0,"comment_status":"closed","ping_status":"closed","template":"","meta":{"_monsterinsights_skip_tracking":false,"_monsterinsights_sitenote_active":false,"_monsterinsights_sitenote_note":"","_monsterinsights_sitenote_category":0,"footnotes":""},"class_list":["post-5378","page","type-page","status-publish","hentry"],"_links":{"self":[{"href":"https:\/\/linearsa.ch\/fr\/wp-json\/wp\/v2\/pages\/5378","targetHints":{"allow":["GET"]}}],"collection":[{"href":"https:\/\/linearsa.ch\/fr\/wp-json\/wp\/v2\/pages"}],"about":[{"href":"https:\/\/linearsa.ch\/fr\/wp-json\/wp\/v2\/types\/page"}],"author":[{"embeddable":true,"href":"https:\/\/linearsa.ch\/fr\/wp-json\/wp\/v2\/users\/5"}],"replies":[{"embeddable":true,"href":"https:\/\/linearsa.ch\/fr\/wp-json\/wp\/v2\/comments?post=5378"}],"version-history":[{"count":8,"href":"https:\/\/linearsa.ch\/fr\/wp-json\/wp\/v2\/pages\/5378\/revisions"}],"predecessor-version":[{"id":5762,"href":"https:\/\/linearsa.ch\/fr\/wp-json\/wp\/v2\/pages\/5378\/revisions\/5762"}],"up":[{"embeddable":true,"href":"https:\/\/linearsa.ch\/fr\/wp-json\/wp\/v2\/pages\/5341"}],"wp:attachment":[{"href":"https:\/\/linearsa.ch\/fr\/wp-json\/wp\/v2\/media?parent=5378"}],"curies":[{"name":"wp","href":"https:\/\/api.w.org\/{rel}","templated":true}]}}