{"id":5341,"date":"2014-04-14T08:57:00","date_gmt":"2014-04-14T06:57:00","guid":{"rendered":"https:\/\/g20lpbbitu.preview.infomaniak.website\/dlc\/races\/"},"modified":"2024-01-08T15:37:28","modified_gmt":"2024-01-08T14:37:28","slug":"races","status":"publish","type":"page","link":"https:\/\/linearsa.ch\/fr\/dlc\/races\/","title":{"rendered":"Races"},"content":{"rendered":"\t\t<div data-elementor-type=\"wp-page\" data-elementor-id=\"5341\" class=\"elementor elementor-5341 elementor-193\" data-elementor-post-type=\"page\">\n\t\t\t\t\t\t<section class=\"has_ae_slider elementor-section elementor-top-section elementor-element elementor-element-a3389b0 elementor-section-height-min-height elementor-section-boxed elementor-section-height-default elementor-section-items-middle ae-bg-gallery-type-default\" data-id=\"a3389b0\" data-element_type=\"section\" data-settings=\"{&quot;background_background&quot;:&quot;classic&quot;,&quot;background_motion_fx_motion_fx_scrolling&quot;:&quot;yes&quot;,&quot;background_motion_fx_translateY_effect&quot;:&quot;yes&quot;,&quot;background_motion_fx_translateY_direction&quot;:&quot;negative&quot;,&quot;background_motion_fx_translateY_speed&quot;:{&quot;unit&quot;:&quot;px&quot;,&quot;size&quot;:8,&quot;sizes&quot;:[]},&quot;background_motion_fx_translateY_affectedRange&quot;:{&quot;unit&quot;:&quot;%&quot;,&quot;size&quot;:&quot;&quot;,&quot;sizes&quot;:{&quot;start&quot;:0,&quot;end&quot;:100}},&quot;background_motion_fx_devices&quot;:[&quot;widescreen&quot;,&quot;desktop&quot;,&quot;laptop&quot;,&quot;tablet_extra&quot;,&quot;tablet&quot;,&quot;mobile_extra&quot;,&quot;mobile&quot;]}\">\n\t\t\t\t\t\t<div class=\"elementor-container elementor-column-gap-default\">\n\t\t\t\t\t<div class=\"has_ae_slider elementor-column elementor-col-100 elementor-top-column elementor-element elementor-element-c0e1c70 ae-bg-gallery-type-default\" data-id=\"c0e1c70\" data-element_type=\"column\">\n\t\t\t<div class=\"elementor-widget-wrap elementor-element-populated\">\n\t\t\t\t\t\t<div class=\"elementor-element elementor-element-9766fde elementor-icon-list--layout-inline elementor-align-center elementor-list-item-link-full_width elementor-widget elementor-widget-icon-list\" data-id=\"9766fde\" data-element_type=\"widget\" data-widget_type=\"icon-list.default\">\n\t\t\t\t<div class=\"elementor-widget-container\">\n\t\t\t\t\t\t\t<ul class=\"elementor-icon-list-items elementor-inline-items\">\n\t\t\t\t\t\t\t<li class=\"elementor-icon-list-item elementor-inline-item\">\n\t\t\t\t\t\t\t\t\t\t\t<a href=\"\/fr\/classification\/description-lineaire\/\">\n\n\t\t\t\t\t\t\t\t\t\t\t<span class=\"elementor-icon-list-text\">Description lin\u00e9aire<\/span>\n\t\t\t\t\t\t\t\t\t\t\t<\/a>\n\t\t\t\t\t\t\t\t\t<\/li>\n\t\t\t\t\t\t\t\t<li class=\"elementor-icon-list-item elementor-inline-item\">\n\t\t\t\t\t\t\t\t\t\t\t<a href=\"\/fr\/classification\/classification\/\">\n\n\t\t\t\t\t\t\t\t\t\t\t<span class=\"elementor-icon-list-text\">Classification<\/span>\n\t\t\t\t\t\t\t\t\t\t\t<\/a>\n\t\t\t\t\t\t\t\t\t<\/li>\n\t\t\t\t\t\t\t\t<li class=\"elementor-icon-list-item elementor-inline-item\">\n\t\t\t\t\t\t\t\t\t\t\t<a href=\"\/fr\/classification\/races\/\">\n\n\t\t\t\t\t\t\t\t\t\t\t<span class=\"elementor-icon-list-text\">Races<\/span>\n\t\t\t\t\t\t\t\t\t\t\t<\/a>\n\t\t\t\t\t\t\t\t\t<\/li>\n\t\t\t\t\t\t\t\t<li class=\"elementor-icon-list-item elementor-inline-item\">\n\t\t\t\t\t\t\t\t\t\t\t<a href=\"\/fr\/classification\/taureaux\/\">\n\n\t\t\t\t\t\t\t\t\t\t\t<span class=\"elementor-icon-list-text\">Taureaux<\/span>\n\t\t\t\t\t\t\t\t\t\t\t<\/a>\n\t\t\t\t\t\t\t\t\t<\/li>\n\t\t\t\t\t\t\t\t<li class=\"elementor-icon-list-item elementor-inline-item\">\n\t\t\t\t\t\t\t\t\t\t\t<a href=\"\/fr\/classification\/statistiques\/\">\n\n\t\t\t\t\t\t\t\t\t\t\t<span class=\"elementor-icon-list-text\">Statistiques<\/span>\n\t\t\t\t\t\t\t\t\t\t\t<\/a>\n\t\t\t\t\t\t\t\t\t<\/li>\n\t\t\t\t\t\t<\/ul>\n\t\t\t\t\t\t<\/div>\n\t\t\t\t<\/div>\n\t\t\t\t\t<\/div>\n\t\t<\/div>\n\t\t\t\t\t<\/div>\n\t\t<\/section>\n\t\t\t\t<section class=\"has_ae_slider elementor-section elementor-top-section elementor-element elementor-element-8944f64 elementor-section-boxed elementor-section-height-default elementor-section-height-default ae-bg-gallery-type-default\" data-id=\"8944f64\" data-element_type=\"section\">\n\t\t\t\t\t\t<div class=\"elementor-container elementor-column-gap-default\">\n\t\t\t\t\t<div class=\"has_ae_slider elementor-column elementor-col-100 elementor-top-column elementor-element elementor-element-9a54a99 ae-bg-gallery-type-default\" data-id=\"9a54a99\" data-element_type=\"column\">\n\t\t\t<div class=\"elementor-widget-wrap elementor-element-populated\">\n\t\t\t\t\t\t<div class=\"elementor-element elementor-element-b5f4c8f elementor-widget elementor-widget-heading\" data-id=\"b5f4c8f\" data-element_type=\"widget\" data-widget_type=\"heading.default\">\n\t\t\t\t<div class=\"elementor-widget-container\">\n\t\t\t\t\t<h1 class=\"elementor-heading-title elementor-size-default\">Races<\/h1>\t\t\t\t<\/div>\n\t\t\t\t<\/div>\n\t\t\t\t\t<\/div>\n\t\t<\/div>\n\t\t\t\t\t<\/div>\n\t\t<\/section>\n\t\t\t\t<section class=\"has_ae_slider elementor-section elementor-top-section elementor-element elementor-element-379576ba elementor-section-boxed elementor-section-height-default elementor-section-height-default ae-bg-gallery-type-default\" data-id=\"379576ba\" data-element_type=\"section\">\n\t\t\t\t\t\t<div class=\"elementor-container elementor-column-gap-default\">\n\t\t\t\t\t<div class=\"has_ae_slider elementor-column elementor-col-100 elementor-top-column elementor-element elementor-element-16f32001 ae-bg-gallery-type-default\" data-id=\"16f32001\" data-element_type=\"column\">\n\t\t\t<div class=\"elementor-widget-wrap elementor-element-populated\">\n\t\t\t\t\t\t<div class=\"elementor-element elementor-element-28ada36 elementor-widget elementor-widget-text-editor\" data-id=\"28ada36\" data-element_type=\"widget\" data-widget_type=\"text-editor.default\">\n\t\t\t\t<div class=\"elementor-widget-container\">\n\t\t\t\t\t\t\t\t\t<p>Linear SA utilise cinq sch\u00e9mas diff\u00e9rents pour d\u00e9crire les animaux. <br \/>La DLC pour swissherdbook est plus diff\u00e9renci\u00e9e, puisque nous utilisons les sch\u00e9mas Holstein, Swiss Fleckvieh, Simmental et Montb\u00e9liarde. Les animaux de la race Normande sont d\u00e9crits \u00e0 l\u2019aide du sch\u00e9ma de la race Swiss Fleckvieh.  <\/p>\n\t\t\t\t\t\t\t\t<\/div>\n\t\t\t\t<\/div>\n\t\t\t\t\t<\/div>\n\t\t<\/div>\n\t\t\t\t\t<\/div>\n\t\t<\/section>\n\t\t\t\t<section class=\"has_ae_slider elementor-section elementor-top-section elementor-element elementor-element-397c3cd elementor-section-boxed elementor-section-height-default elementor-section-height-default ae-bg-gallery-type-default\" data-id=\"397c3cd\" data-element_type=\"section\">\n\t\t\t\t\t\t<div class=\"elementor-container elementor-column-gap-default\">\n\t\t\t\t\t<div data-ae-url=\"\/de\/lbe\/rassen\/holstein\" class=\"has_ae_slider elementor-column elementor-col-33 elementor-top-column elementor-element elementor-element-3d0784a ae-link-yes ae-bg-gallery-type-default\" data-id=\"3d0784a\" data-element_type=\"column\">\n\t\t\t<div class=\"elementor-widget-wrap elementor-element-populated\">\n\t\t\t\t\t\t<div class=\"elementor-element elementor-element-0cc71d9 elementor-widget elementor-widget-image\" data-id=\"0cc71d9\" data-element_type=\"widget\" data-widget_type=\"image.default\">\n\t\t\t\t<div class=\"elementor-widget-container\">\n\t\t\t\t\t\t\t\t\t\t\t\t\t\t\t\t<a href=\"\/fr\/dlc\/races\/holstein\/\">\n\t\t\t\t\t\t\t<img decoding=\"async\" src=\"https:\/\/linearsa.ch\/wp-content\/uploads\/elementor\/thumbs\/thumbrace_holstein-qdpeuzfzaqt2xqxuup7njbon7buppnfxkseg4adnok.jpg\" title=\"thumbrace_holstein\" alt=\"Holstein\" loading=\"lazy\" \/>\t\t\t\t\t\t\t\t<\/a>\n\t\t\t\t\t\t\t\t\t\t\t\t\t\t\t<\/div>\n\t\t\t\t<\/div>\n\t\t\t\t<div class=\"elementor-element elementor-element-dea332d elementor-widget elementor-widget-text-editor\" data-id=\"dea332d\" data-element_type=\"widget\" data-widget_type=\"text-editor.default\">\n\t\t\t\t<div class=\"elementor-widget-container\">\n\t\t\t\t\t\t\t\t\t<a title=\"Holstein\" href=\"\/fr\/dlc\/races\/holstein\/\">Holstein \/ Red Holstein<\/a>\t\t\t\t\t\t\t\t<\/div>\n\t\t\t\t<\/div>\n\t\t\t\t\t<\/div>\n\t\t<\/div>\n\t\t\t\t<div data-ae-url=\"\/de\/lbe\/rassen\/swiss-fleckvieh\/\" class=\"has_ae_slider elementor-column elementor-col-33 elementor-top-column elementor-element elementor-element-14adf49 ae-link-yes ae-bg-gallery-type-default\" data-id=\"14adf49\" data-element_type=\"column\">\n\t\t\t<div class=\"elementor-widget-wrap elementor-element-populated\">\n\t\t\t\t\t\t<div class=\"elementor-element elementor-element-e1d6715 elementor-widget elementor-widget-image\" data-id=\"e1d6715\" data-element_type=\"widget\" data-widget_type=\"image.default\">\n\t\t\t\t<div class=\"elementor-widget-container\">\n\t\t\t\t\t\t\t\t\t\t\t\t\t\t\t\t<a href=\"\/fr\/dlc\/races\/swiss-fleckvieh\/\">\n\t\t\t\t\t\t\t<img decoding=\"async\" src=\"https:\/\/linearsa.ch\/wp-content\/uploads\/elementor\/thumbs\/swiss_fleckvieh-qdpeuyi53wrsm4z806t0ytx6lxzchyc78nqyn0f1us.jpg\" title=\"swiss_fleckvieh\" alt=\"swiss_fleckvieh\" loading=\"lazy\" \/>\t\t\t\t\t\t\t\t<\/a>\n\t\t\t\t\t\t\t\t\t\t\t\t\t\t\t<\/div>\n\t\t\t\t<\/div>\n\t\t\t\t<div class=\"elementor-element elementor-element-8d249d0 elementor-widget elementor-widget-text-editor\" data-id=\"8d249d0\" data-element_type=\"widget\" data-widget_type=\"text-editor.default\">\n\t\t\t\t<div class=\"elementor-widget-container\">\n\t\t\t\t\t\t\t\t\t<p><a title=\"Swiss Fleckvieh\" href=\"\/fr\/dlc\/races\/swiss-fleckvieh\/\">Swiss Fleckvieh<\/a><\/p>\n\t\t\t\t\t\t\t\t<\/div>\n\t\t\t\t<\/div>\n\t\t\t\t\t<\/div>\n\t\t<\/div>\n\t\t\t\t<div data-ae-url=\"\/de\/lbe\/rassen\/simmental\/\" class=\"has_ae_slider elementor-column elementor-col-33 elementor-top-column elementor-element elementor-element-866e6b9 ae-link-yes ae-bg-gallery-type-default\" data-id=\"866e6b9\" data-element_type=\"column\">\n\t\t\t<div class=\"elementor-widget-wrap elementor-element-populated\">\n\t\t\t\t\t\t<div class=\"elementor-element elementor-element-c5f3789 elementor-widget elementor-widget-image\" data-id=\"c5f3789\" data-element_type=\"widget\" data-widget_type=\"image.default\">\n\t\t\t\t<div class=\"elementor-widget-container\">\n\t\t\t\t\t\t\t\t\t\t\t\t\t\t\t\t<a href=\"\/fr\/dlc\/races\/simmental\/\">\n\t\t\t\t\t\t\t<img decoding=\"async\" src=\"https:\/\/linearsa.ch\/wp-content\/uploads\/elementor\/thumbs\/simmental-qdpeuxkax2qiaj0l5oeeec5q0k3za98gwj3h5qgg10.jpg\" title=\"simmental\" alt=\"simmental\" loading=\"lazy\" \/>\t\t\t\t\t\t\t\t<\/a>\n\t\t\t\t\t\t\t\t\t\t\t\t\t\t\t<\/div>\n\t\t\t\t<\/div>\n\t\t\t\t<div class=\"elementor-element elementor-element-09be7ba elementor-widget elementor-widget-text-editor\" data-id=\"09be7ba\" data-element_type=\"widget\" data-widget_type=\"text-editor.default\">\n\t\t\t\t<div class=\"elementor-widget-container\">\n\t\t\t\t\t\t\t\t\t<p><a title=\"Simmental\" href=\"\/fr\/dlc\/races\/simmental\/\">Simmental<\/a><\/p>\n\t\t\t\t\t\t\t\t<\/div>\n\t\t\t\t<\/div>\n\t\t\t\t\t<\/div>\n\t\t<\/div>\n\t\t\t\t\t<\/div>\n\t\t<\/section>\n\t\t\t\t<section class=\"has_ae_slider elementor-section elementor-top-section elementor-element elementor-element-71349e3 elementor-section-boxed elementor-section-height-default elementor-section-height-default ae-bg-gallery-type-default\" data-id=\"71349e3\" data-element_type=\"section\">\n\t\t\t\t\t\t<div class=\"elementor-container elementor-column-gap-default\">\n\t\t\t\t\t<div data-ae-url=\"\/de\/lbe\/rassen\/montbeliarde\/\" class=\"has_ae_slider elementor-column elementor-col-33 elementor-top-column elementor-element elementor-element-43325b0 ae-link-yes ae-bg-gallery-type-default\" data-id=\"43325b0\" data-element_type=\"column\">\n\t\t\t<div class=\"elementor-widget-wrap elementor-element-populated\">\n\t\t\t\t\t\t<div class=\"elementor-element elementor-element-b210d73 elementor-widget elementor-widget-image\" data-id=\"b210d73\" data-element_type=\"widget\" data-widget_type=\"image.default\">\n\t\t\t\t<div class=\"elementor-widget-container\">\n\t\t\t\t\t\t\t\t\t\t\t\t\t\t\t\t<a href=\"\/fr\/dlc\/races\/montbeliarde\/\">\n\t\t\t\t\t\t\t<img decoding=\"async\" src=\"https:\/\/linearsa.ch\/wp-content\/uploads\/elementor\/thumbs\/montbeliarde-qdpeuwmgq8p7yx1yb5zrtue9f68m2k4qkefzoghu78.jpg\" title=\"montbeliarde\" alt=\"montbeliarde\" loading=\"lazy\" \/>\t\t\t\t\t\t\t\t<\/a>\n\t\t\t\t\t\t\t\t\t\t\t\t\t\t\t<\/div>\n\t\t\t\t<\/div>\n\t\t\t\t<div class=\"elementor-element elementor-element-ab5720e elementor-widget elementor-widget-text-editor\" data-id=\"ab5720e\" data-element_type=\"widget\" data-widget_type=\"text-editor.default\">\n\t\t\t\t<div class=\"elementor-widget-container\">\n\t\t\t\t\t\t\t\t\t<p><a title=\"Montb\u00e9liarde\" href=\"\/fr\/dlc\/races\/montbeliarde\/\">Montb\u00e9liarde<\/a><\/p>\n\t\t\t\t\t\t\t\t<\/div>\n\t\t\t\t<\/div>\n\t\t\t\t\t<\/div>\n\t\t<\/div>\n\t\t\t\t<div data-ae-url=\"\/de\/lbe\/rassen\/eringer\/\" class=\"has_ae_slider elementor-column elementor-col-33 elementor-top-column elementor-element elementor-element-525cd90 ae-link-yes ae-bg-gallery-type-default\" data-id=\"525cd90\" data-element_type=\"column\">\n\t\t\t<div class=\"elementor-widget-wrap elementor-element-populated\">\n\t\t\t\t\t\t<div class=\"elementor-element elementor-element-3107372 elementor-widget elementor-widget-image\" data-id=\"3107372\" data-element_type=\"widget\" data-widget_type=\"image.default\">\n\t\t\t\t<div class=\"elementor-widget-container\">\n\t\t\t\t\t\t\t\t\t\t\t\t\t\t\t\t<a href=\"\/fr\/dlc\/races\/race-dherens\/\">\n\t\t\t\t\t\t\t<img decoding=\"async\" src=\"https:\/\/linearsa.ch\/wp-content\/uploads\/elementor\/thumbs\/thumb_race_eringer-qdpeuvomjenxnb3bgnl59cmstsd8uv1089si76j8dg.jpg\" title=\"thumb_race_eringer\" alt=\"thumb_race_eringer\" loading=\"lazy\" \/>\t\t\t\t\t\t\t\t<\/a>\n\t\t\t\t\t\t\t\t\t\t\t\t\t\t\t<\/div>\n\t\t\t\t<\/div>\n\t\t\t\t<div class=\"elementor-element elementor-element-62924b4 elementor-widget elementor-widget-text-editor\" data-id=\"62924b4\" data-element_type=\"widget\" data-widget_type=\"text-editor.default\">\n\t\t\t\t<div class=\"elementor-widget-container\">\n\t\t\t\t\t\t\t\t\t<p><a href=\"\/fr\/dlc\/races\/race-dherens\/\">Race d\u2019H\u00e9rens<\/a><\/p>\n\t\t\t\t\t\t\t\t<\/div>\n\t\t\t\t<\/div>\n\t\t\t\t\t<\/div>\n\t\t<\/div>\n\t\t\t\t<div class=\"has_ae_slider elementor-column elementor-col-33 elementor-top-column elementor-element elementor-element-4988e31 ae-bg-gallery-type-default\" data-id=\"4988e31\" data-element_type=\"column\">\n\t\t\t<div class=\"elementor-widget-wrap\">\n\t\t\t\t\t\t\t<\/div>\n\t\t<\/div>\n\t\t\t\t\t<\/div>\n\t\t<\/section>\n\t\t\t\t<\/div>\n\t\t","protected":false},"excerpt":{"rendered":"<p>Description lin\u00e9aire Classification Races Taureaux Statistiques Linear SA utilise cinq sch\u00e9mas diff\u00e9rents pour d\u00e9crire les animaux. La DLC pour swissherdbook est plus diff\u00e9renci\u00e9e, puisque nous utilisons les sch\u00e9mas Holstein, Swiss Fleckvieh, Simmental et Montb\u00e9liarde. Les animaux de la race Normande sont d\u00e9crits \u00e0 l\u2019aide du sch\u00e9ma de la race Swiss Fleckvieh. Holstein \/ Red Holstein [&hellip;]<\/p>\n","protected":false},"author":5,"featured_media":0,"parent":5305,"menu_order":3,"comment_status":"closed","ping_status":"open","template":"","meta":{"_monsterinsights_skip_tracking":false,"_monsterinsights_sitenote_active":false,"_monsterinsights_sitenote_note":"","_monsterinsights_sitenote_category":0,"footnotes":""},"class_list":["post-5341","page","type-page","status-publish","hentry"],"_links":{"self":[{"href":"https:\/\/linearsa.ch\/fr\/wp-json\/wp\/v2\/pages\/5341","targetHints":{"allow":["GET"]}}],"collection":[{"href":"https:\/\/linearsa.ch\/fr\/wp-json\/wp\/v2\/pages"}],"about":[{"href":"https:\/\/linearsa.ch\/fr\/wp-json\/wp\/v2\/types\/page"}],"author":[{"embeddable":true,"href":"https:\/\/linearsa.ch\/fr\/wp-json\/wp\/v2\/users\/5"}],"replies":[{"embeddable":true,"href":"https:\/\/linearsa.ch\/fr\/wp-json\/wp\/v2\/comments?post=5341"}],"version-history":[{"count":11,"href":"https:\/\/linearsa.ch\/fr\/wp-json\/wp\/v2\/pages\/5341\/revisions"}],"predecessor-version":[{"id":5765,"href":"https:\/\/linearsa.ch\/fr\/wp-json\/wp\/v2\/pages\/5341\/revisions\/5765"}],"up":[{"embeddable":true,"href":"https:\/\/linearsa.ch\/fr\/wp-json\/wp\/v2\/pages\/5305"}],"wp:attachment":[{"href":"https:\/\/linearsa.ch\/fr\/wp-json\/wp\/v2\/media?parent=5341"}],"curies":[{"name":"wp","href":"https:\/\/api.w.org\/{rel}","templated":true}]}}