{"id":5325,"date":"2014-04-14T08:55:38","date_gmt":"2014-04-14T06:55:38","guid":{"rendered":"https:\/\/g20lpbbitu.preview.infomaniak.website\/dlc\/classification\/"},"modified":"2023-10-25T12:03:10","modified_gmt":"2023-10-25T10:03:10","slug":"classification","status":"publish","type":"page","link":"https:\/\/linearsa.ch\/fr\/dlc\/classification\/","title":{"rendered":"Classification"},"content":{"rendered":"\t\t<div data-elementor-type=\"wp-page\" data-elementor-id=\"5325\" class=\"elementor elementor-5325 elementor-191\" data-elementor-post-type=\"page\">\n\t\t\t\t\t\t<section class=\"has_ae_slider elementor-section elementor-top-section elementor-element elementor-element-fb59890 elementor-section-height-min-height elementor-section-boxed elementor-section-height-default elementor-section-items-middle ae-bg-gallery-type-default\" data-id=\"fb59890\" data-element_type=\"section\" data-settings=\"{&quot;background_background&quot;:&quot;classic&quot;}\">\n\t\t\t\t\t\t<div class=\"elementor-container elementor-column-gap-default\">\n\t\t\t\t\t<div class=\"has_ae_slider elementor-column elementor-col-100 elementor-top-column elementor-element elementor-element-ab3cc8a ae-bg-gallery-type-default\" data-id=\"ab3cc8a\" data-element_type=\"column\">\n\t\t\t<div class=\"elementor-widget-wrap elementor-element-populated\">\n\t\t\t\t\t\t<div class=\"elementor-element elementor-element-31d2fe8 elementor-icon-list--layout-inline elementor-align-center elementor-list-item-link-full_width elementor-widget elementor-widget-icon-list\" data-id=\"31d2fe8\" data-element_type=\"widget\" data-widget_type=\"icon-list.default\">\n\t\t\t\t<div class=\"elementor-widget-container\">\n\t\t\t\t\t\t\t<ul class=\"elementor-icon-list-items elementor-inline-items\">\n\t\t\t\t\t\t\t<li class=\"elementor-icon-list-item elementor-inline-item\">\n\t\t\t\t\t\t\t\t\t\t\t<a href=\"\/fr\/classification\/description-lineaire\/\">\n\n\t\t\t\t\t\t\t\t\t\t\t<span class=\"elementor-icon-list-text\">Description lin\u00e9aire<\/span>\n\t\t\t\t\t\t\t\t\t\t\t<\/a>\n\t\t\t\t\t\t\t\t\t<\/li>\n\t\t\t\t\t\t\t\t<li class=\"elementor-icon-list-item elementor-inline-item\">\n\t\t\t\t\t\t\t\t\t\t\t<a href=\"\/fr\/classification\/classification\/\">\n\n\t\t\t\t\t\t\t\t\t\t\t<span class=\"elementor-icon-list-text\">Classification<\/span>\n\t\t\t\t\t\t\t\t\t\t\t<\/a>\n\t\t\t\t\t\t\t\t\t<\/li>\n\t\t\t\t\t\t\t\t<li class=\"elementor-icon-list-item elementor-inline-item\">\n\t\t\t\t\t\t\t\t\t\t\t<a href=\"\/fr\/classification\/races\/\">\n\n\t\t\t\t\t\t\t\t\t\t\t<span class=\"elementor-icon-list-text\">Races<\/span>\n\t\t\t\t\t\t\t\t\t\t\t<\/a>\n\t\t\t\t\t\t\t\t\t<\/li>\n\t\t\t\t\t\t\t\t<li class=\"elementor-icon-list-item elementor-inline-item\">\n\t\t\t\t\t\t\t\t\t\t\t<a href=\"\/fr\/classification\/taureaux\/\">\n\n\t\t\t\t\t\t\t\t\t\t\t<span class=\"elementor-icon-list-text\">Taureaux<\/span>\n\t\t\t\t\t\t\t\t\t\t\t<\/a>\n\t\t\t\t\t\t\t\t\t<\/li>\n\t\t\t\t\t\t\t\t<li class=\"elementor-icon-list-item elementor-inline-item\">\n\t\t\t\t\t\t\t\t\t\t\t<a href=\"\/fr\/classification\/statistiques\/\">\n\n\t\t\t\t\t\t\t\t\t\t\t<span class=\"elementor-icon-list-text\">Statistiques<\/span>\n\t\t\t\t\t\t\t\t\t\t\t<\/a>\n\t\t\t\t\t\t\t\t\t<\/li>\n\t\t\t\t\t\t<\/ul>\n\t\t\t\t\t\t<\/div>\n\t\t\t\t<\/div>\n\t\t\t\t\t<\/div>\n\t\t<\/div>\n\t\t\t\t\t<\/div>\n\t\t<\/section>\n\t\t\t\t<section class=\"has_ae_slider elementor-section elementor-top-section elementor-element elementor-element-efbab4d elementor-section-boxed elementor-section-height-default elementor-section-height-default ae-bg-gallery-type-default\" data-id=\"efbab4d\" data-element_type=\"section\">\n\t\t\t\t\t\t<div class=\"elementor-container elementor-column-gap-default\">\n\t\t\t\t\t<div class=\"has_ae_slider elementor-column elementor-col-100 elementor-top-column elementor-element elementor-element-4cbafa8 ae-bg-gallery-type-default\" data-id=\"4cbafa8\" data-element_type=\"column\">\n\t\t\t<div class=\"elementor-widget-wrap elementor-element-populated\">\n\t\t\t\t\t\t<div class=\"elementor-element elementor-element-0851eaa elementor-widget elementor-widget-heading\" data-id=\"0851eaa\" data-element_type=\"widget\" data-widget_type=\"heading.default\">\n\t\t\t\t<div class=\"elementor-widget-container\">\n\t\t\t\t\t<h1 class=\"elementor-heading-title elementor-size-default\">Classification<\/h1>\t\t\t\t<\/div>\n\t\t\t\t<\/div>\n\t\t\t\t\t<\/div>\n\t\t<\/div>\n\t\t\t\t\t<\/div>\n\t\t<\/section>\n\t\t\t\t<section class=\"has_ae_slider elementor-section elementor-top-section elementor-element elementor-element-f8f929f elementor-section-boxed elementor-section-height-default elementor-section-height-default ae-bg-gallery-type-default\" data-id=\"f8f929f\" data-element_type=\"section\">\n\t\t\t\t\t\t<div class=\"elementor-container elementor-column-gap-default\">\n\t\t\t\t\t<div class=\"has_ae_slider elementor-column elementor-col-50 elementor-top-column elementor-element elementor-element-f8dac4e ae-bg-gallery-type-default\" data-id=\"f8dac4e\" data-element_type=\"column\">\n\t\t\t<div class=\"elementor-widget-wrap elementor-element-populated\">\n\t\t\t\t\t\t<div class=\"elementor-element elementor-element-65c47d7 elementor-widget elementor-widget-text-editor\" data-id=\"65c47d7\" data-element_type=\"widget\" data-widget_type=\"text-editor.default\">\n\t\t\t\t<div class=\"elementor-widget-container\">\n\t\t\t\t\t\t\t\t\t<p>Les notes des caract\u00e8res morphologiques de chaque vache sont compar\u00e9es \u00e0 un mod\u00e8le id\u00e9al. Un algorithme permet de calculer la note globale de classification qui donne une id\u00e9e de la conformation \u00e0 ce mod\u00e8le id\u00e9al. Une vache EX-97 en est tr\u00e8s proche, une vache P-60 en est particuli\u00e8rement \u00e9loign\u00e9e. Pour pr\u00e9ciser le r\u00e9sultat, 4 blocs de classification sont d\u00e9finis. Chaque bloc repr\u00e9sente une r\u00e9gion du corps de l\u2019animal. Pour les races \u00e0 deux fins, le bloc \u00ab Croupe \u00bb est inclus dans le bloc \u00ab Format &amp; Capacit\u00e9 \u00bb, par contre le bloc \u00ab Syst\u00e8me mammaire \u00bb est divis\u00e9 en deux et un nouveau bloc \u00ab Trayons \u00bb est utilis\u00e9.      <\/p>\n\t\t\t\t\t\t\t\t<\/div>\n\t\t\t\t<\/div>\n\t\t\t\t\t<\/div>\n\t\t<\/div>\n\t\t\t\t<div class=\"has_ae_slider elementor-column elementor-col-50 elementor-top-column elementor-element elementor-element-9036e22 ae-bg-gallery-type-default\" data-id=\"9036e22\" data-element_type=\"column\">\n\t\t\t<div class=\"elementor-widget-wrap elementor-element-populated\">\n\t\t\t\t\t\t<div class=\"elementor-element elementor-element-1716fc3 elementor-widget elementor-widget-text-editor\" data-id=\"1716fc3\" data-element_type=\"widget\" data-widget_type=\"text-editor.default\">\n\t\t\t\t<div class=\"elementor-widget-container\">\n\t\t\t\t\t\t\t\t\t<table cellspacing=\"0\" cellpadding=\"0\">\n<tbody>\n<tr>\n<td><strong>Classe<\/strong><\/td>\n<td style=\"text-align: center;\"><strong>Abbr.<\/strong><\/td>\n<td style=\"text-align: center;\"><strong>Notes<\/strong><\/td>\n<\/tr>\n<tr>\n<td>Excellente<\/td>\n<td style=\"text-align: center;\">EX<\/td>\n<td style=\"text-align: center;\">90-97<\/td>\n<\/tr>\n<tr>\n<td>Tr\u00e8s bonne<\/td>\n<td style=\"text-align: center;\">VG<\/td>\n<td style=\"text-align: center;\">85-89<\/td>\n<\/tr>\n<tr>\n<td>Bonne Plus<\/td>\n<td style=\"text-align: center;\">GP<\/td>\n<td style=\"text-align: center;\">80-84<\/td>\n<\/tr>\n<tr>\n<td>Bonne<\/td>\n<td style=\"text-align: center;\">G<\/td>\n<td style=\"text-align: center;\">75-79<\/td>\n<\/tr>\n<tr>\n<td>M\u00e9diocre<\/td>\n<td style=\"text-align: center;\">F<\/td>\n<td style=\"text-align: center;\">70-74<\/td>\n<\/tr>\n<tr>\n<td>Mauvaise<\/td>\n<td style=\"text-align: center;\">P<\/td>\n<td style=\"text-align: center;\">60-69<\/td>\n<\/tr>\n<\/tbody>\n<\/table>\t\t\t\t\t\t\t\t<\/div>\n\t\t\t\t<\/div>\n\t\t\t\t\t<\/div>\n\t\t<\/div>\n\t\t\t\t\t<\/div>\n\t\t<\/section>\n\t\t\t\t<section class=\"has_ae_slider elementor-section elementor-top-section elementor-element elementor-element-68e22c40 elementor-section-boxed elementor-section-height-default elementor-section-height-default ae-bg-gallery-type-default\" data-id=\"68e22c40\" data-element_type=\"section\">\n\t\t\t\t\t\t<div class=\"elementor-container elementor-column-gap-default\">\n\t\t\t\t\t<div class=\"has_ae_slider elementor-column elementor-col-100 elementor-top-column elementor-element elementor-element-3db03602 ae-bg-gallery-type-default\" data-id=\"3db03602\" data-element_type=\"column\">\n\t\t\t<div class=\"elementor-widget-wrap elementor-element-populated\">\n\t\t\t\t\t\t<div class=\"elementor-element elementor-element-41acb51 elementor-widget elementor-widget-image\" data-id=\"41acb51\" data-element_type=\"widget\" data-widget_type=\"image.default\">\n\t\t\t\t<div class=\"elementor-widget-container\">\n\t\t\t\t\t\t\t\t\t\t\t\t\t\t\t<img fetchpriority=\"high\" decoding=\"async\" width=\"547\" height=\"327\" src=\"https:\/\/linearsa.ch\/wp-content\/uploads\/2023\/10\/schema-classification-fr.jpg\" class=\"attachment-large size-large wp-image-4451\" alt=\"\" srcset=\"https:\/\/linearsa.ch\/wp-content\/uploads\/2023\/10\/schema-classification-fr.jpg 547w, https:\/\/linearsa.ch\/wp-content\/uploads\/2023\/10\/schema-classification-fr-300x179.jpg 300w\" sizes=\"(max-width: 547px) 100vw, 547px\" \/>\t\t\t\t\t\t\t\t\t\t\t\t\t\t\t<\/div>\n\t\t\t\t<\/div>\n\t\t\t\t\t<\/div>\n\t\t<\/div>\n\t\t\t\t\t<\/div>\n\t\t<\/section>\n\t\t\t\t<section class=\"has_ae_slider elementor-section elementor-top-section elementor-element elementor-element-fba7106 elementor-section-boxed elementor-section-height-default elementor-section-height-default ae-bg-gallery-type-default\" data-id=\"fba7106\" data-element_type=\"section\">\n\t\t\t\t\t\t<div class=\"elementor-container elementor-column-gap-default\">\n\t\t\t\t\t<div class=\"has_ae_slider elementor-column elementor-col-50 elementor-top-column elementor-element elementor-element-73b8066 ae-bg-gallery-type-default\" data-id=\"73b8066\" data-element_type=\"column\">\n\t\t\t<div class=\"elementor-widget-wrap elementor-element-populated\">\n\t\t\t\t\t\t<div class=\"elementor-element elementor-element-26c7b629 elementor-widget elementor-widget-text-editor\" data-id=\"26c7b629\" data-element_type=\"widget\" data-widget_type=\"text-editor.default\">\n\t\t\t\t<div class=\"elementor-widget-container\">\n\t\t\t\t\t\t\t\t\t<p>La classification permet de mettre en valeur les meilleures vaches de la race en ce qui concerne la conformation. Les classifications au-del\u00e0 de 90 points (classe Excellente) ne sont possibles que pour les vaches ayant v\u00eal\u00e9 au moins 3 fois, et le maximum absolu ne peut \u00eatre atteint qu\u2019\u00e0 partir de la 5e lactation.  <br \/>Les vaches atteignant une haute classification sont propos\u00e9es pour cette note par un premier classificateur. Un ou plusieurs autres classificateurs viennent dans le mois qui suit pour r\u00e9\u00e9valuer la vache, afin de s\u2019assurer que cette classification est justifi\u00e9e. On appelle cela la confirmation.  <\/p>\n\t\t\t\t\t\t\t\t<\/div>\n\t\t\t\t<\/div>\n\t\t\t\t\t<\/div>\n\t\t<\/div>\n\t\t\t\t<div class=\"has_ae_slider elementor-column elementor-col-50 elementor-top-column elementor-element elementor-element-3703896 ae-bg-gallery-type-default\" data-id=\"3703896\" data-element_type=\"column\">\n\t\t\t<div class=\"elementor-widget-wrap elementor-element-populated\">\n\t\t\t\t\t\t<div class=\"elementor-element elementor-element-8ff9438 elementor-widget elementor-widget-image\" data-id=\"8ff9438\" data-element_type=\"widget\" data-widget_type=\"image.default\">\n\t\t\t\t<div class=\"elementor-widget-container\">\n\t\t\t\t\t\t\t\t\t\t\t\t\t\t\t<img decoding=\"async\" width=\"800\" height=\"332\" src=\"https:\/\/linearsa.ch\/wp-content\/uploads\/2023\/10\/lactation-2-FR-1024x425.jpg\" class=\"attachment-large size-large wp-image-4397\" alt=\"\" srcset=\"https:\/\/linearsa.ch\/wp-content\/uploads\/2023\/10\/lactation-2-FR-1024x425.jpg 1024w, https:\/\/linearsa.ch\/wp-content\/uploads\/2023\/10\/lactation-2-FR-300x125.jpg 300w, https:\/\/linearsa.ch\/wp-content\/uploads\/2023\/10\/lactation-2-FR-768x319.jpg 768w, https:\/\/linearsa.ch\/wp-content\/uploads\/2023\/10\/lactation-2-FR.jpg 1293w\" sizes=\"(max-width: 800px) 100vw, 800px\" \/>\t\t\t\t\t\t\t\t\t\t\t\t\t\t\t<\/div>\n\t\t\t\t<\/div>\n\t\t\t\t\t<\/div>\n\t\t<\/div>\n\t\t\t\t\t<\/div>\n\t\t<\/section>\n\t\t\t\t<\/div>\n\t\t","protected":false},"excerpt":{"rendered":"<p>Description lin\u00e9aire Classification Races Taureaux Statistiques Les notes des caract\u00e8res morphologiques de chaque vache sont compar\u00e9es \u00e0 un mod\u00e8le id\u00e9al. Un algorithme permet de calculer la note globale de classification qui donne une id\u00e9e de la conformation \u00e0 ce mod\u00e8le id\u00e9al. Une vache EX-97 en est tr\u00e8s proche, une vache P-60 en est particuli\u00e8rement \u00e9loign\u00e9e. [&hellip;]<\/p>\n","protected":false},"author":5,"featured_media":0,"parent":5305,"menu_order":1,"comment_status":"closed","ping_status":"closed","template":"","meta":{"_monsterinsights_skip_tracking":false,"_monsterinsights_sitenote_active":false,"_monsterinsights_sitenote_note":"","_monsterinsights_sitenote_category":0,"footnotes":""},"class_list":["post-5325","page","type-page","status-publish","hentry"],"_links":{"self":[{"href":"https:\/\/linearsa.ch\/fr\/wp-json\/wp\/v2\/pages\/5325","targetHints":{"allow":["GET"]}}],"collection":[{"href":"https:\/\/linearsa.ch\/fr\/wp-json\/wp\/v2\/pages"}],"about":[{"href":"https:\/\/linearsa.ch\/fr\/wp-json\/wp\/v2\/types\/page"}],"author":[{"embeddable":true,"href":"https:\/\/linearsa.ch\/fr\/wp-json\/wp\/v2\/users\/5"}],"replies":[{"embeddable":true,"href":"https:\/\/linearsa.ch\/fr\/wp-json\/wp\/v2\/comments?post=5325"}],"version-history":[{"count":3,"href":"https:\/\/linearsa.ch\/fr\/wp-json\/wp\/v2\/pages\/5325\/revisions"}],"predecessor-version":[{"id":5658,"href":"https:\/\/linearsa.ch\/fr\/wp-json\/wp\/v2\/pages\/5325\/revisions\/5658"}],"up":[{"embeddable":true,"href":"https:\/\/linearsa.ch\/fr\/wp-json\/wp\/v2\/pages\/5305"}],"wp:attachment":[{"href":"https:\/\/linearsa.ch\/fr\/wp-json\/wp\/v2\/media?parent=5325"}],"curies":[{"name":"wp","href":"https:\/\/api.w.org\/{rel}","templated":true}]}}