{"id":5320,"date":"2014-04-14T08:54:46","date_gmt":"2014-04-14T06:54:46","guid":{"rendered":"https:\/\/g20lpbbitu.preview.infomaniak.website\/dlc\/description-lineaire\/"},"modified":"2023-10-25T11:57:38","modified_gmt":"2023-10-25T09:57:38","slug":"description-lineaire","status":"publish","type":"page","link":"https:\/\/linearsa.ch\/fr\/dlc\/description-lineaire\/","title":{"rendered":"Description lin\u00e9aire"},"content":{"rendered":"\t\t<div data-elementor-type=\"wp-page\" data-elementor-id=\"5320\" class=\"elementor elementor-5320 elementor-189\" data-elementor-post-type=\"page\">\n\t\t\t\t\t\t<section class=\"has_ae_slider elementor-section elementor-top-section elementor-element elementor-element-20bfcb8 elementor-section-height-min-height elementor-section-boxed elementor-section-height-default elementor-section-items-middle ae-bg-gallery-type-default\" data-id=\"20bfcb8\" data-element_type=\"section\" data-settings=\"{&quot;background_background&quot;:&quot;classic&quot;}\">\n\t\t\t\t\t\t<div class=\"elementor-container elementor-column-gap-default\">\n\t\t\t\t\t<div class=\"has_ae_slider elementor-column elementor-col-100 elementor-top-column elementor-element elementor-element-104ac52 ae-bg-gallery-type-default\" data-id=\"104ac52\" data-element_type=\"column\">\n\t\t\t<div class=\"elementor-widget-wrap elementor-element-populated\">\n\t\t\t\t\t\t<div class=\"elementor-element elementor-element-ae4f575 elementor-icon-list--layout-inline elementor-align-center elementor-list-item-link-full_width elementor-widget elementor-widget-icon-list\" data-id=\"ae4f575\" data-element_type=\"widget\" data-widget_type=\"icon-list.default\">\n\t\t\t\t<div class=\"elementor-widget-container\">\n\t\t\t\t\t\t\t<ul class=\"elementor-icon-list-items elementor-inline-items\">\n\t\t\t\t\t\t\t<li class=\"elementor-icon-list-item elementor-inline-item\">\n\t\t\t\t\t\t\t\t\t\t\t<a href=\"\/fr\/classification\/description-lineaire\/\">\n\n\t\t\t\t\t\t\t\t\t\t\t<span class=\"elementor-icon-list-text\">Description lin\u00e9aire<\/span>\n\t\t\t\t\t\t\t\t\t\t\t<\/a>\n\t\t\t\t\t\t\t\t\t<\/li>\n\t\t\t\t\t\t\t\t<li class=\"elementor-icon-list-item elementor-inline-item\">\n\t\t\t\t\t\t\t\t\t\t\t<a href=\"\/fr\/classification\/classification\/\">\n\n\t\t\t\t\t\t\t\t\t\t\t<span class=\"elementor-icon-list-text\">Classification<\/span>\n\t\t\t\t\t\t\t\t\t\t\t<\/a>\n\t\t\t\t\t\t\t\t\t<\/li>\n\t\t\t\t\t\t\t\t<li class=\"elementor-icon-list-item elementor-inline-item\">\n\t\t\t\t\t\t\t\t\t\t\t<a href=\"\/fr\/classification\/races\/\">\n\n\t\t\t\t\t\t\t\t\t\t\t<span class=\"elementor-icon-list-text\">Races<\/span>\n\t\t\t\t\t\t\t\t\t\t\t<\/a>\n\t\t\t\t\t\t\t\t\t<\/li>\n\t\t\t\t\t\t\t\t<li class=\"elementor-icon-list-item elementor-inline-item\">\n\t\t\t\t\t\t\t\t\t\t\t<a href=\"\/fr\/classification\/taureaux\/\">\n\n\t\t\t\t\t\t\t\t\t\t\t<span class=\"elementor-icon-list-text\">Taureaux<\/span>\n\t\t\t\t\t\t\t\t\t\t\t<\/a>\n\t\t\t\t\t\t\t\t\t<\/li>\n\t\t\t\t\t\t\t\t<li class=\"elementor-icon-list-item elementor-inline-item\">\n\t\t\t\t\t\t\t\t\t\t\t<a href=\"\/fr\/classification\/statistiques\/\">\n\n\t\t\t\t\t\t\t\t\t\t\t<span class=\"elementor-icon-list-text\">Statistiques<\/span>\n\t\t\t\t\t\t\t\t\t\t\t<\/a>\n\t\t\t\t\t\t\t\t\t<\/li>\n\t\t\t\t\t\t<\/ul>\n\t\t\t\t\t\t<\/div>\n\t\t\t\t<\/div>\n\t\t\t\t\t<\/div>\n\t\t<\/div>\n\t\t\t\t\t<\/div>\n\t\t<\/section>\n\t\t\t\t<section class=\"has_ae_slider elementor-section elementor-top-section elementor-element elementor-element-e7d3370 elementor-section-boxed elementor-section-height-default elementor-section-height-default ae-bg-gallery-type-default\" data-id=\"e7d3370\" data-element_type=\"section\">\n\t\t\t\t\t\t<div class=\"elementor-container elementor-column-gap-default\">\n\t\t\t\t\t<div class=\"has_ae_slider elementor-column elementor-col-100 elementor-top-column elementor-element elementor-element-cd9c0a6 ae-bg-gallery-type-default\" data-id=\"cd9c0a6\" data-element_type=\"column\">\n\t\t\t<div class=\"elementor-widget-wrap elementor-element-populated\">\n\t\t\t\t\t\t<div class=\"elementor-element elementor-element-60597fa elementor-widget elementor-widget-heading\" data-id=\"60597fa\" data-element_type=\"widget\" data-widget_type=\"heading.default\">\n\t\t\t\t<div class=\"elementor-widget-container\">\n\t\t\t\t\t<h1 class=\"elementor-heading-title elementor-size-default\">Description lin\u00e9aire<\/h1>\t\t\t\t<\/div>\n\t\t\t\t<\/div>\n\t\t\t\t\t<\/div>\n\t\t<\/div>\n\t\t\t\t\t<\/div>\n\t\t<\/section>\n\t\t\t\t<section class=\"has_ae_slider elementor-section elementor-top-section elementor-element elementor-element-7abcd6f1 elementor-section-boxed elementor-section-height-default elementor-section-height-default ae-bg-gallery-type-default\" data-id=\"7abcd6f1\" data-element_type=\"section\">\n\t\t\t\t\t\t<div class=\"elementor-container elementor-column-gap-default\">\n\t\t\t\t\t<div class=\"has_ae_slider elementor-column elementor-col-100 elementor-top-column elementor-element elementor-element-68d62291 ae-bg-gallery-type-default\" data-id=\"68d62291\" data-element_type=\"column\">\n\t\t\t<div class=\"elementor-widget-wrap elementor-element-populated\">\n\t\t\t\t\t\t<div class=\"elementor-element elementor-element-1059b9ee elementor-widget elementor-widget-text-editor\" data-id=\"1059b9ee\" data-element_type=\"widget\" data-widget_type=\"text-editor.default\">\n\t\t\t\t<div class=\"elementor-widget-container\">\n\t\t\t\t\t\t\t\t\t<p>La description lin\u00e9aire permet de saisir objectivement plus de 20 caract\u00e8res morphologiques des vaches sur une \u00e9chelle allant de 1 \u00e0 9. L\u2019\u00e9chelle permet de d\u00e9crire la population d\u2019un extr\u00eame \u00e0 l\u2019autre. Certains caract\u00e8res sont mesur\u00e9s en cm et sont converti en note de 1 \u00e0 9 en tenant compte de l\u2019\u00e2ge, de la lactation et du remplissage du pis de la vache. Pr\u00e8s de 40 d\u00e9fauts peuvent \u00e9galement \u00eatre enregistr\u00e9s.  <\/p>\n\t\t\t\t\t\t\t\t<\/div>\n\t\t\t\t<\/div>\n\t\t\t\t<div class=\"elementor-element elementor-element-12ce4cb elementor-widget elementor-widget-image\" data-id=\"12ce4cb\" data-element_type=\"widget\" data-widget_type=\"image.default\">\n\t\t\t\t<div class=\"elementor-widget-container\">\n\t\t\t\t\t\t\t\t\t\t\t\t\t\t\t<img fetchpriority=\"high\" decoding=\"async\" width=\"547\" height=\"327\" src=\"https:\/\/linearsa.ch\/wp-content\/uploads\/2023\/10\/format-capacite1.jpg\" class=\"attachment-medium_large size-medium_large wp-image-4387\" alt=\"\" srcset=\"https:\/\/linearsa.ch\/wp-content\/uploads\/2023\/10\/format-capacite1.jpg 547w, https:\/\/linearsa.ch\/wp-content\/uploads\/2023\/10\/format-capacite1-300x179.jpg 300w\" sizes=\"(max-width: 547px) 100vw, 547px\" \/>\t\t\t\t\t\t\t\t\t\t\t\t\t\t\t<\/div>\n\t\t\t\t<\/div>\n\t\t\t\t<div class=\"elementor-element elementor-element-ed84268 elementor-widget elementor-widget-text-editor\" data-id=\"ed84268\" data-element_type=\"widget\" data-widget_type=\"text-editor.default\">\n\t\t\t\t<div class=\"elementor-widget-container\">\n\t\t\t\t\t\t\t\t\t<p>Une production laiti\u00e8re \u00e9lev\u00e9e requiert l\u2019ingestion de fourrages grossiers. Les vaches doivent donc avoir la capacit\u00e9 n\u00e9cessaire pour ing\u00e9rer ce fourrage. C\u2019est pour cela qu\u2019un corps large et profond est recherch\u00e9 chez les vaches laiti\u00e8res associ\u00e9s \u00e0 beaucoup d\u2019angularit\u00e9 pour laisser de la place au c\u0153ur et aux poumons. Sachant que 500 litres de sang doivent passer dans le pis pour la s\u00e9cr\u00e9tion d\u2019un litre de lait, la capacit\u00e9 de ces \u00abmoteurs\u00bb est essentielle \u00e0 la production laiti\u00e8re.    <\/p>\n\t\t\t\t\t\t\t\t<\/div>\n\t\t\t\t<\/div>\n\t\t\t\t<div class=\"elementor-element elementor-element-12ac4f1 elementor-widget elementor-widget-image\" data-id=\"12ac4f1\" data-element_type=\"widget\" data-widget_type=\"image.default\">\n\t\t\t\t<div class=\"elementor-widget-container\">\n\t\t\t\t\t\t\t\t\t\t\t\t\t\t\t<img decoding=\"async\" width=\"547\" height=\"327\" src=\"https:\/\/linearsa.ch\/wp-content\/uploads\/2023\/10\/croupe-e1423486399375.jpg\" class=\"attachment-medium_large size-medium_large wp-image-4377\" alt=\"\" srcset=\"https:\/\/linearsa.ch\/wp-content\/uploads\/2023\/10\/croupe-e1423486399375.jpg 547w, https:\/\/linearsa.ch\/wp-content\/uploads\/2023\/10\/croupe-e1423486399375-300x179.jpg 300w\" sizes=\"(max-width: 547px) 100vw, 547px\" \/>\t\t\t\t\t\t\t\t\t\t\t\t\t\t\t<\/div>\n\t\t\t\t<\/div>\n\t\t\t\t<div class=\"elementor-element elementor-element-910a8ca elementor-widget elementor-widget-text-editor\" data-id=\"910a8ca\" data-element_type=\"widget\" data-widget_type=\"text-editor.default\">\n\t\t\t\t<div class=\"elementor-widget-container\">\n\t\t\t\t\t\t\t\t\t<p>La reproduction sans probl\u00e8mes Le bloc de la croupe inclut plusieurs caract\u00e8res li\u00e9s \u00e0 la reproduction. Un rein fort est corr\u00e9l\u00e9 \u00e0 une bonne position de l\u2019ut\u00e9rus ; une bonne inclinaison du bassin permet une meilleure f\u00e9condit\u00e9. De plus une large croupe permet d\u2019avoir plus de place pour l\u2019arri\u00e8re-pis et permet une meilleure position des membres.  <\/p>\n\t\t\t\t\t\t\t\t<\/div>\n\t\t\t\t<\/div>\n\t\t\t\t<section class=\"has_ae_slider elementor-section elementor-inner-section elementor-element elementor-element-53c36fe elementor-section-boxed elementor-section-height-default elementor-section-height-default ae-bg-gallery-type-default\" data-id=\"53c36fe\" data-element_type=\"section\">\n\t\t\t\t\t\t<div class=\"elementor-container elementor-column-gap-default\">\n\t\t\t\t\t<div class=\"has_ae_slider elementor-column elementor-col-50 elementor-inner-column elementor-element elementor-element-97144fa ae-bg-gallery-type-default\" data-id=\"97144fa\" data-element_type=\"column\">\n\t\t\t<div class=\"elementor-widget-wrap elementor-element-populated\">\n\t\t\t\t\t\t<div class=\"elementor-element elementor-element-187a880 elementor-widget elementor-widget-image\" data-id=\"187a880\" data-element_type=\"widget\" data-widget_type=\"image.default\">\n\t\t\t\t<div class=\"elementor-widget-container\">\n\t\t\t\t\t\t\t\t\t\t\t\t\t\t\t<img decoding=\"async\" width=\"547\" height=\"327\" src=\"https:\/\/linearsa.ch\/wp-content\/uploads\/2023\/10\/membres-1-e1423486412821.jpg\" class=\"attachment-medium_large size-medium_large wp-image-4407\" alt=\"\" srcset=\"https:\/\/linearsa.ch\/wp-content\/uploads\/2023\/10\/membres-1-e1423486412821.jpg 547w, https:\/\/linearsa.ch\/wp-content\/uploads\/2023\/10\/membres-1-e1423486412821-300x179.jpg 300w\" sizes=\"(max-width: 547px) 100vw, 547px\" \/>\t\t\t\t\t\t\t\t\t\t\t\t\t\t\t<\/div>\n\t\t\t\t<\/div>\n\t\t\t\t\t<\/div>\n\t\t<\/div>\n\t\t\t\t<div class=\"has_ae_slider elementor-column elementor-col-50 elementor-inner-column elementor-element elementor-element-45db18b ae-bg-gallery-type-default\" data-id=\"45db18b\" data-element_type=\"column\">\n\t\t\t<div class=\"elementor-widget-wrap elementor-element-populated\">\n\t\t\t\t\t\t<div class=\"elementor-element elementor-element-f8595e2 elementor-widget elementor-widget-image\" data-id=\"f8595e2\" data-element_type=\"widget\" data-widget_type=\"image.default\">\n\t\t\t\t<div class=\"elementor-widget-container\">\n\t\t\t\t\t\t\t\t\t\t\t\t\t\t\t<img loading=\"lazy\" decoding=\"async\" width=\"558\" height=\"340\" src=\"https:\/\/linearsa.ch\/wp-content\/uploads\/2023\/10\/Hinterbeine.jpg\" class=\"attachment-medium_large size-medium_large wp-image-5316\" alt=\"\" srcset=\"https:\/\/linearsa.ch\/wp-content\/uploads\/2023\/10\/Hinterbeine.jpg 558w, https:\/\/linearsa.ch\/wp-content\/uploads\/2023\/10\/Hinterbeine-300x183.jpg 300w\" sizes=\"(max-width: 558px) 100vw, 558px\" \/>\t\t\t\t\t\t\t\t\t\t\t\t\t\t\t<\/div>\n\t\t\t\t<\/div>\n\t\t\t\t\t<\/div>\n\t\t<\/div>\n\t\t\t\t\t<\/div>\n\t\t<\/section>\n\t\t\t\t<div class=\"elementor-element elementor-element-157e424 elementor-widget elementor-widget-text-editor\" data-id=\"157e424\" data-element_type=\"widget\" data-widget_type=\"text-editor.default\">\n\t\t\t\t<div class=\"elementor-widget-container\">\n\t\t\t\t\t\t\t\t\t<p>La mobilit\u00e9 d\u2019une vache est cruciale pour qu\u2019elle produise tout le lait dont elle est capable. De bons pieds rendront les vaches plus r\u00e9sistantes \u00e0 la boiterie ; elles pourront donc mieux se rendre \u00e0 la cr\u00e8che et \u00e0 l\u2019abreuvoir. De meilleurs membres permettront aux vaches de marcher plus longtemps \u00e0 la p\u00e2ture pour ing\u00e9rer plus de fourrages grossiers. Elles seront \u00e9galement plus \u00e0 l\u2019aise pour se lever et se coucher.   <\/p>\n\t\t\t\t\t\t\t\t<\/div>\n\t\t\t\t<\/div>\n\t\t\t\t<section class=\"has_ae_slider elementor-section elementor-inner-section elementor-element elementor-element-8c08f98 elementor-section-boxed elementor-section-height-default elementor-section-height-default ae-bg-gallery-type-default\" data-id=\"8c08f98\" data-element_type=\"section\">\n\t\t\t\t\t\t<div class=\"elementor-container elementor-column-gap-default\">\n\t\t\t\t\t<div class=\"has_ae_slider elementor-column elementor-col-50 elementor-inner-column elementor-element elementor-element-39be6c4 ae-bg-gallery-type-default\" data-id=\"39be6c4\" data-element_type=\"column\">\n\t\t\t<div class=\"elementor-widget-wrap elementor-element-populated\">\n\t\t\t\t\t\t<div class=\"elementor-element elementor-element-6ea6eb2 elementor-widget elementor-widget-image\" data-id=\"6ea6eb2\" data-element_type=\"widget\" data-widget_type=\"image.default\">\n\t\t\t\t<div class=\"elementor-widget-container\">\n\t\t\t\t\t\t\t\t\t\t\t\t\t\t\t<img loading=\"lazy\" decoding=\"async\" width=\"547\" height=\"327\" src=\"https:\/\/linearsa.ch\/wp-content\/uploads\/2023\/10\/sys-mammaire1.jpg\" class=\"attachment-medium_large size-medium_large wp-image-4479\" alt=\"\" srcset=\"https:\/\/linearsa.ch\/wp-content\/uploads\/2023\/10\/sys-mammaire1.jpg 547w, https:\/\/linearsa.ch\/wp-content\/uploads\/2023\/10\/sys-mammaire1-300x179.jpg 300w\" sizes=\"(max-width: 547px) 100vw, 547px\" \/>\t\t\t\t\t\t\t\t\t\t\t\t\t\t\t<\/div>\n\t\t\t\t<\/div>\n\t\t\t\t\t<\/div>\n\t\t<\/div>\n\t\t\t\t<div class=\"has_ae_slider elementor-column elementor-col-50 elementor-inner-column elementor-element elementor-element-16f3899 ae-bg-gallery-type-default\" data-id=\"16f3899\" data-element_type=\"column\">\n\t\t\t<div class=\"elementor-widget-wrap elementor-element-populated\">\n\t\t\t\t\t\t<div class=\"elementor-element elementor-element-ba884a9 elementor-widget elementor-widget-image\" data-id=\"ba884a9\" data-element_type=\"widget\" data-widget_type=\"image.default\">\n\t\t\t\t<div class=\"elementor-widget-container\">\n\t\t\t\t\t\t\t\t\t\t\t\t\t\t\t<img loading=\"lazy\" decoding=\"async\" width=\"547\" height=\"327\" src=\"https:\/\/linearsa.ch\/wp-content\/uploads\/2023\/10\/sys-mammaire-2-e1423486451487.jpg\" class=\"attachment-medium_large size-medium_large wp-image-4475\" alt=\"\" srcset=\"https:\/\/linearsa.ch\/wp-content\/uploads\/2023\/10\/sys-mammaire-2-e1423486451487.jpg 547w, https:\/\/linearsa.ch\/wp-content\/uploads\/2023\/10\/sys-mammaire-2-e1423486451487-300x179.jpg 300w\" sizes=\"(max-width: 547px) 100vw, 547px\" \/>\t\t\t\t\t\t\t\t\t\t\t\t\t\t\t<\/div>\n\t\t\t\t<\/div>\n\t\t\t\t\t<\/div>\n\t\t<\/div>\n\t\t\t\t\t<\/div>\n\t\t<\/section>\n\t\t\t\t<div class=\"elementor-element elementor-element-6757bbc elementor-widget elementor-widget-text-editor\" data-id=\"6757bbc\" data-element_type=\"widget\" data-widget_type=\"text-editor.default\">\n\t\t\t\t<div class=\"elementor-widget-container\">\n\t\t\t\t\t\t\t\t\t<p>Une bonne conformation du syst\u00e8me mammaire est tr\u00e8s importante pour la production laiti\u00e8re. Les attaches du pis doivent \u00eatre irr\u00e9prochables ; la texture du pis doit lui permettre de bien se vider ; il doit \u00eatre port\u00e9 haut pour ne pas risquer les blessures et la position des trayons doit permettre une traite ais\u00e9e et rapide.   <\/p>\n\t\t\t\t\t\t\t\t<\/div>\n\t\t\t\t<\/div>\n\t\t\t\t\t<\/div>\n\t\t<\/div>\n\t\t\t\t\t<\/div>\n\t\t<\/section>\n\t\t\t\t<\/div>\n\t\t","protected":false},"excerpt":{"rendered":"<p>Description lin\u00e9aire Classification Races Taureaux Statistiques La description lin\u00e9aire permet de saisir objectivement plus de 20 caract\u00e8res morphologiques des vaches sur une \u00e9chelle allant de 1 \u00e0 9. L\u2019\u00e9chelle permet de d\u00e9crire la population d\u2019un extr\u00eame \u00e0 l\u2019autre. Certains caract\u00e8res sont mesur\u00e9s en cm et sont converti en note de 1 \u00e0 9 en tenant [&hellip;]<\/p>\n","protected":false},"author":5,"featured_media":0,"parent":5305,"menu_order":0,"comment_status":"closed","ping_status":"closed","template":"","meta":{"_monsterinsights_skip_tracking":false,"_monsterinsights_sitenote_active":false,"_monsterinsights_sitenote_note":"","_monsterinsights_sitenote_category":0,"footnotes":""},"class_list":["post-5320","page","type-page","status-publish","hentry"],"_links":{"self":[{"href":"https:\/\/linearsa.ch\/fr\/wp-json\/wp\/v2\/pages\/5320","targetHints":{"allow":["GET"]}}],"collection":[{"href":"https:\/\/linearsa.ch\/fr\/wp-json\/wp\/v2\/pages"}],"about":[{"href":"https:\/\/linearsa.ch\/fr\/wp-json\/wp\/v2\/types\/page"}],"author":[{"embeddable":true,"href":"https:\/\/linearsa.ch\/fr\/wp-json\/wp\/v2\/users\/5"}],"replies":[{"embeddable":true,"href":"https:\/\/linearsa.ch\/fr\/wp-json\/wp\/v2\/comments?post=5320"}],"version-history":[{"count":2,"href":"https:\/\/linearsa.ch\/fr\/wp-json\/wp\/v2\/pages\/5320\/revisions"}],"predecessor-version":[{"id":5653,"href":"https:\/\/linearsa.ch\/fr\/wp-json\/wp\/v2\/pages\/5320\/revisions\/5653"}],"up":[{"embeddable":true,"href":"https:\/\/linearsa.ch\/fr\/wp-json\/wp\/v2\/pages\/5305"}],"wp:attachment":[{"href":"https:\/\/linearsa.ch\/fr\/wp-json\/wp\/v2\/media?parent=5320"}],"curies":[{"name":"wp","href":"https:\/\/api.w.org\/{rel}","templated":true}]}}