{"id":5265,"date":"2014-04-01T14:14:10","date_gmt":"2014-04-01T12:14:10","guid":{"rendered":"https:\/\/g20lpbbitu.preview.infomaniak.website\/page-daccueil\/"},"modified":"2023-10-27T12:07:24","modified_gmt":"2023-10-27T10:07:24","slug":"page-daccueil","status":"publish","type":"page","link":"https:\/\/linearsa.ch\/fr\/","title":{"rendered":"Page d&#8217;accueil"},"content":{"rendered":"\t\t<div data-elementor-type=\"wp-page\" data-elementor-id=\"5265\" class=\"elementor elementor-5265 elementor-11\" data-elementor-post-type=\"page\">\n\t\t\t\t\t\t<section class=\"has_ae_slider elementor-section elementor-top-section elementor-element elementor-element-4cbdf19 elementor-section-full_width elementor-section-height-default elementor-section-height-default ae-bg-gallery-type-default\" data-id=\"4cbdf19\" data-element_type=\"section\">\n\t\t\t\t\t\t<div class=\"elementor-container elementor-column-gap-default\">\n\t\t\t\t\t<div class=\"has_ae_slider elementor-column elementor-col-100 elementor-top-column elementor-element elementor-element-62adabe ae-bg-gallery-type-default\" data-id=\"62adabe\" data-element_type=\"column\">\n\t\t\t<div class=\"elementor-widget-wrap elementor-element-populated\">\n\t\t\t\t\t\t<div class=\"elementor-element elementor-element-4d2bee3 elementor--h-position-center elementor--v-position-middle elementor-arrows-position-inside elementor-pagination-position-inside elementor-widget elementor-widget-slides\" data-id=\"4d2bee3\" data-element_type=\"widget\" data-settings=\"{&quot;navigation&quot;:&quot;both&quot;,&quot;autoplay&quot;:&quot;yes&quot;,&quot;pause_on_hover&quot;:&quot;yes&quot;,&quot;pause_on_interaction&quot;:&quot;yes&quot;,&quot;autoplay_speed&quot;:5000,&quot;infinite&quot;:&quot;yes&quot;,&quot;transition&quot;:&quot;slide&quot;,&quot;transition_speed&quot;:500}\" data-widget_type=\"slides.default\">\n\t\t\t\t<div class=\"elementor-widget-container\">\n\t\t\t\t\t\t\t\t\t<div class=\"elementor-swiper\">\n\t\t\t\t\t<div class=\"elementor-slides-wrapper elementor-main-swiper swiper\" role=\"region\" aria-roledescription=\"carousel\" aria-label=\"Diapositives\" dir=\"ltr\" data-animation=\"fadeInUp\">\n\t\t\t\t<div class=\"swiper-wrapper elementor-slides\">\n\t\t\t\t\t\t\t\t\t\t<div class=\"elementor-repeater-item-55cb10f swiper-slide\" role=\"group\" aria-roledescription=\"slide\"><div class=\"swiper-slide-bg\" role=\"img\" aria-label=\"DSC_0525-e1423582661119\"><\/div><a class=\"swiper-slide-inner\" href=\"https:\/\/g20lpbbitu.preview.infomaniak.website\/fr\/linear-sa\/lentreprise\/\"><div class=\"swiper-slide-contents\"><div class=\"elementor-slide-heading\">L\u2019entreprise<\/div><div  class=\"elementor-button elementor-slide-button elementor-size-sm\">En savoir plus<\/div><\/div><\/a><\/div><div class=\"elementor-repeater-item-c14968b swiper-slide\" role=\"group\" aria-roledescription=\"slide\"><div class=\"swiper-slide-bg\" role=\"img\" aria-label=\"DSC_0440-e1423581687640\"><\/div><a class=\"swiper-slide-inner\" href=\"https:\/\/g20lpbbitu.preview.infomaniak.website\/fr\/dlc\/description-lineaire\/\"><div class=\"swiper-slide-contents\"><div class=\"elementor-slide-heading\">Description lin\u00e9aire<\/div><div  class=\"elementor-button elementor-slide-button elementor-size-sm\">En savoir plus<\/div><\/div><\/a><\/div><div class=\"elementor-repeater-item-836a97f swiper-slide\" role=\"group\" aria-roledescription=\"slide\"><div class=\"swiper-slide-bg\" role=\"img\" aria-label=\"DSC_7917_bearbeitet\"><\/div><a class=\"swiper-slide-inner\" href=\"https:\/\/g20lpbbitu.preview.infomaniak.website\/fr\/dlc\/classification\/\"><div class=\"swiper-slide-contents\"><div class=\"elementor-slide-heading\">Classification<\/div><div  class=\"elementor-button elementor-slide-button elementor-size-sm\">En savoir plus<\/div><\/div><\/a><\/div><div class=\"elementor-repeater-item-02ca90e swiper-slide\" role=\"group\" aria-roledescription=\"slide\"><div class=\"swiper-slide-bg\" role=\"img\" aria-label=\"SWISSHERDBOOK024802-e1423581941953\"><\/div><a class=\"swiper-slide-inner\" href=\"https:\/\/g20lpbbitu.preview.infomaniak.website\/fr\/dlc\/races\/\"><div class=\"swiper-slide-contents\"><div class=\"elementor-slide-heading\">Races<\/div><div  class=\"elementor-button elementor-slide-button elementor-size-sm\">En savoir plus<\/div><\/div><\/a><\/div><div class=\"elementor-repeater-item-9dd146f swiper-slide\" role=\"group\" aria-roledescription=\"slide\"><div class=\"swiper-slide-bg\" role=\"img\" aria-label=\"Services\"><\/div><a class=\"swiper-slide-inner\" href=\"https:\/\/g20lpbbitu.preview.infomaniak.website\/fr\/organisation\/\"><div class=\"swiper-slide-contents\"><div class=\"elementor-slide-heading\">Services<\/div><div  class=\"elementor-button elementor-slide-button elementor-size-sm\">En savoir plus<\/div><\/div><\/a><\/div>\t\t\t\t<\/div>\n\t\t\t\t\t\t\t\t\t\t\t\t\t\t\t<div class=\"elementor-swiper-button elementor-swiper-button-prev\" role=\"button\" tabindex=\"0\" aria-label=\"Diapositive pr\u00e9c\u00e9dente\">\n\t\t\t\t\t\t\t<i aria-hidden=\"true\" class=\"eicon-chevron-left\"><\/i>\t\t\t\t\t\t<\/div>\n\t\t\t\t\t\t<div class=\"elementor-swiper-button elementor-swiper-button-next\" role=\"button\" tabindex=\"0\" aria-label=\"Diapositive suivante\">\n\t\t\t\t\t\t\t<i aria-hidden=\"true\" class=\"eicon-chevron-right\"><\/i>\t\t\t\t\t\t<\/div>\n\t\t\t\t\t\t\t\t\t\t\t\t\t\t\t\t<div class=\"swiper-pagination\"><\/div>\n\t\t\t\t\t\t\t\t\t\t\t\t<\/div>\n\t\t\t\t<\/div>\n\t\t\t\t\t\t\t\t<\/div>\n\t\t\t\t<\/div>\n\t\t\t\t\t<\/div>\n\t\t<\/div>\n\t\t\t\t\t<\/div>\n\t\t<\/section>\n\t\t\t\t<section class=\"has_ae_slider elementor-section elementor-top-section elementor-element elementor-element-48efbd29 elementor-section-boxed elementor-section-height-default elementor-section-height-default ae-bg-gallery-type-default\" data-id=\"48efbd29\" data-element_type=\"section\">\n\t\t\t\t\t\t<div class=\"elementor-container elementor-column-gap-default\">\n\t\t\t\t\t<div class=\"has_ae_slider elementor-column elementor-col-100 elementor-top-column elementor-element elementor-element-d02194a ae-bg-gallery-type-default\" data-id=\"d02194a\" data-element_type=\"column\">\n\t\t\t<div class=\"elementor-widget-wrap elementor-element-populated\">\n\t\t\t\t\t\t<div class=\"elementor-element elementor-element-f50e9eb ae-grid-default elementor-widget elementor-widget-ae-post-blocks-adv\" data-id=\"f50e9eb\" data-element_type=\"widget\" data-settings=\"{&quot;grid_columns&quot;:4,&quot;grid_columns_tablet&quot;:&quot;2&quot;,&quot;grid_columns_mobile&quot;:&quot;1&quot;}\" data-widget_type=\"ae-post-blocks-adv.grid\">\n\t\t\t\t<div class=\"elementor-widget-container\">\n\t\t\t\t\t\t\t\t<div class=\"ae-outer-wrapper ae-height-100\" data-source=\"post\" data-pid=\"5265\" data-wid=\"f50e9eb\" data-disable_scroll_on_ajax_load=\"no\" data-pagination_scroll_top_offset=\"0\" >\n\t\t\t\n\t\t<div class=\"ae-post-collection\" >\n\t\t\t\n\t\t<article class=\"ae-post-item ae-post-item-f50e9eb\" >\n\t\t\t<div class=\"ae-post-item-inner\">\n\t\t\t\t\t\t\t\t<div class=\"ae_data elementor elementor-5573 elementor-3897\">\n\t\t\t\t\t\t\t\t\t\t\t<div data-elementor-type=\"wp-post\" data-elementor-id=\"5573\" class=\"elementor elementor-5573 elementor-3897\" data-elementor-post-type=\"ae_global_templates\">\n\t\t\t\t\t\t<section class=\"has_ae_slider elementor-section elementor-top-section elementor-element elementor-element-650b6e03 elementor-section-boxed elementor-section-height-default elementor-section-height-default ae-bg-gallery-type-default\" data-id=\"650b6e03\" data-element_type=\"section\">\n\t\t\t\t\t\t<div class=\"elementor-container elementor-column-gap-default\">\n\t\t\t\t\t<div class=\"has_ae_slider elementor-column elementor-col-100 elementor-top-column elementor-element elementor-element-6ef63dba ae-bg-gallery-type-default\" data-id=\"6ef63dba\" data-element_type=\"column\">\n\t\t\t<div class=\"elementor-widget-wrap elementor-element-populated\">\n\t\t\t\t\t\t<div class=\"elementor-element elementor-element-3a349c7a elementor-widget elementor-widget-ae-post-title\" data-id=\"3a349c7a\" data-element_type=\"widget\" data-widget_type=\"ae-post-title.default\">\n\t\t\t\t<div class=\"elementor-widget-container\">\n\t\t\t\t\t<a  href=\"https:\/\/linearsa.ch\/fr\/adaptations-du-schema-holstein-en-suisse-et-formation-continue-des-classificateurs\/\"><h5 itemprop=\"name\" class=\"ae-element-post-title\">Adaptations du sch\u00e9ma Holstein en Suisse et formation continue des classificateurs<\/h5><\/a>\t\t\t\t<\/div>\n\t\t\t\t<\/div>\n\t\t\t\t<div class=\"elementor-element elementor-element-31efcfe8 elementor-widget elementor-widget-ae-post-meta\" data-id=\"31efcfe8\" data-element_type=\"widget\" data-settings=\"{&quot;layout_mode&quot;:&quot;horizontal&quot;}\" data-widget_type=\"ae-post-meta.default\">\n\t\t\t\t<div class=\"elementor-widget-container\">\n\t\t\t\t\t\t\t\t<div class=\"ae-post-meta-list-wrapper ae-pm-layout-horizontal ae-pm-layout-tablet- ae-pm-layout-mobile-\">\n\t\t\t\t\t\t<div class=\"ae-post-meta-item-wrapper ae-post-date-10-06-2025\">\n\t\t\t\t\t\t\t<span class=\"icon-wrapper ae-element-post-date-icon\">\n\t\t\t\t\t<i class=\"fa fa-clock-o\"><\/i>\n\t\t\t\t<\/span>\n\t\t\t\t\t\t<span class=\"ae-element-post-date-label\">\n\t\t\t\t\t\t\t<\/span>\n\t\t\t<span class=\"ae-element-post-date\" title=\"12:59 PM\" rel=\"date\">\n\t\t\t\t\t\t\t<a href=\"#\" class=\"ae-element-post-date\" title=\"12:59 PM\" rel=\"date\">6 octobre 2025<\/a>\n\t\t\t\t\t\t<\/span>\n\t\t<\/div>\n\t\t\t\t\t<\/div>\n\t\t\t\t\t\t\t<\/div>\n\t\t\t\t<\/div>\n\t\t\t\t<div class=\"elementor-element elementor-element-5b751af8 elementor-widget elementor-widget-ae-post-content\" data-id=\"5b751af8\" data-element_type=\"widget\" data-widget_type=\"ae-post-content.default\">\n\t\t\t\t<div class=\"elementor-widget-container\">\n\t\t\t\t\t\t\t<div class=\"ae-element-post-content\">\n\t\t\t\t\t\t\tLe membres de la commission technique DLC Holstein se sont r\u00e9unis le 27 juin pour...\t\t\t\t\t\t<\/div>\n\t\t\t\t\t\t<\/div>\n\t\t\t\t<\/div>\n\t\t\t\t<div class=\"elementor-element elementor-element-35e029e8 elementor-widget elementor-widget-button\" data-id=\"35e029e8\" data-element_type=\"widget\" data-widget_type=\"button.default\">\n\t\t\t\t<div class=\"elementor-widget-container\">\n\t\t\t\t\t\t\t\t\t<div class=\"elementor-button-wrapper\">\n\t\t\t\t\t<a class=\"elementor-button elementor-button-link elementor-size-sm\" href=\"https:\/\/linearsa.ch\/fr\/adaptations-du-schema-holstein-en-suisse-et-formation-continue-des-classificateurs\/\">\n\t\t\t\t\t\t<span class=\"elementor-button-content-wrapper\">\n\t\t\t\t\t\t\t\t\t<span class=\"elementor-button-text\">Lire la suite<\/span>\n\t\t\t\t\t<\/span>\n\t\t\t\t\t<\/a>\n\t\t\t\t<\/div>\n\t\t\t\t\t\t\t\t<\/div>\n\t\t\t\t<\/div>\n\t\t\t\t\t<\/div>\n\t\t<\/div>\n\t\t\t\t\t<\/div>\n\t\t<\/section>\n\t\t\t\t<\/div>\n\t\t\t\t\t\t\t\t\t\t<\/div>\n\t\t\t\t\t\t\t<\/div>\n\t\t<\/article>\n\n\t\t\n\t\t<article class=\"ae-post-item ae-post-item-f50e9eb\" >\n\t\t\t<div class=\"ae-post-item-inner\">\n\t\t\t\t\t\t\t\t<div class=\"ae_data elementor elementor-5573 elementor-3897\">\n\t\t\t\t\t\t\t\t\t\t\t<div data-elementor-type=\"wp-post\" data-elementor-id=\"5573\" class=\"elementor elementor-5573 elementor-3897\" data-elementor-post-type=\"ae_global_templates\">\n\t\t\t\t\t\t<section class=\"has_ae_slider elementor-section elementor-top-section elementor-element elementor-element-650b6e03 elementor-section-boxed elementor-section-height-default elementor-section-height-default ae-bg-gallery-type-default\" data-id=\"650b6e03\" data-element_type=\"section\">\n\t\t\t\t\t\t<div class=\"elementor-container elementor-column-gap-default\">\n\t\t\t\t\t<div class=\"has_ae_slider elementor-column elementor-col-100 elementor-top-column elementor-element elementor-element-6ef63dba ae-bg-gallery-type-default\" data-id=\"6ef63dba\" data-element_type=\"column\">\n\t\t\t<div class=\"elementor-widget-wrap elementor-element-populated\">\n\t\t\t\t\t\t<div class=\"elementor-element elementor-element-3a349c7a elementor-widget elementor-widget-ae-post-title\" data-id=\"3a349c7a\" data-element_type=\"widget\" data-widget_type=\"ae-post-title.default\">\n\t\t\t\t<div class=\"elementor-widget-container\">\n\t\t\t\t\t<a  href=\"https:\/\/linearsa.ch\/fr\/nouveaux-classificateurs-en-2025\/\"><h5 itemprop=\"name\" class=\"ae-element-post-title\">Nouveaux classificateurs en 2025<\/h5><\/a>\t\t\t\t<\/div>\n\t\t\t\t<\/div>\n\t\t\t\t<div class=\"elementor-element elementor-element-31efcfe8 elementor-widget elementor-widget-ae-post-meta\" data-id=\"31efcfe8\" data-element_type=\"widget\" data-settings=\"{&quot;layout_mode&quot;:&quot;horizontal&quot;}\" data-widget_type=\"ae-post-meta.default\">\n\t\t\t\t<div class=\"elementor-widget-container\">\n\t\t\t\t\t\t\t\t<div class=\"ae-post-meta-list-wrapper ae-pm-layout-horizontal ae-pm-layout-tablet- ae-pm-layout-mobile-\">\n\t\t\t\t\t\t<div class=\"ae-post-meta-item-wrapper ae-post-date-09-22-2025\">\n\t\t\t\t\t\t\t<span class=\"icon-wrapper ae-element-post-date-icon\">\n\t\t\t\t\t<i class=\"fa fa-clock-o\"><\/i>\n\t\t\t\t<\/span>\n\t\t\t\t\t\t<span class=\"ae-element-post-date-label\">\n\t\t\t\t\t\t\t<\/span>\n\t\t\t<span class=\"ae-element-post-date\" title=\"9:38 AM\" rel=\"date\">\n\t\t\t\t\t\t\t<a href=\"#\" class=\"ae-element-post-date\" title=\"9:38 AM\" rel=\"date\">22 septembre 2025<\/a>\n\t\t\t\t\t\t<\/span>\n\t\t<\/div>\n\t\t\t\t\t<\/div>\n\t\t\t\t\t\t\t<\/div>\n\t\t\t\t<\/div>\n\t\t\t\t<div class=\"elementor-element elementor-element-5b751af8 elementor-widget elementor-widget-ae-post-content\" data-id=\"5b751af8\" data-element_type=\"widget\" data-widget_type=\"ae-post-content.default\">\n\t\t\t\t<div class=\"elementor-widget-container\">\n\t\t\t\t\t\t\t<div class=\"ae-element-post-content\">\n\t\t\t\t\t\t\tPour compl\u00e9ter l\u2019\u00e9quipe, Simon Messerli a \u00e9t\u00e9 engag\u00e9 en f\u00e9vrier 2025. Il avait r\u00e9ussi la...\t\t\t\t\t\t<\/div>\n\t\t\t\t\t\t<\/div>\n\t\t\t\t<\/div>\n\t\t\t\t<div class=\"elementor-element elementor-element-35e029e8 elementor-widget elementor-widget-button\" data-id=\"35e029e8\" data-element_type=\"widget\" data-widget_type=\"button.default\">\n\t\t\t\t<div class=\"elementor-widget-container\">\n\t\t\t\t\t\t\t\t\t<div class=\"elementor-button-wrapper\">\n\t\t\t\t\t<a class=\"elementor-button elementor-button-link elementor-size-sm\" href=\"https:\/\/linearsa.ch\/fr\/nouveaux-classificateurs-en-2025\/\">\n\t\t\t\t\t\t<span class=\"elementor-button-content-wrapper\">\n\t\t\t\t\t\t\t\t\t<span class=\"elementor-button-text\">Lire la suite<\/span>\n\t\t\t\t\t<\/span>\n\t\t\t\t\t<\/a>\n\t\t\t\t<\/div>\n\t\t\t\t\t\t\t\t<\/div>\n\t\t\t\t<\/div>\n\t\t\t\t\t<\/div>\n\t\t<\/div>\n\t\t\t\t\t<\/div>\n\t\t<\/section>\n\t\t\t\t<\/div>\n\t\t\t\t\t\t\t\t\t\t<\/div>\n\t\t\t\t\t\t\t<\/div>\n\t\t<\/article>\n\n\t\t\n\t\t<article class=\"ae-post-item ae-post-item-f50e9eb\" >\n\t\t\t<div class=\"ae-post-item-inner\">\n\t\t\t\t\t\t\t\t<div class=\"ae_data elementor elementor-5573 elementor-3897\">\n\t\t\t\t\t\t\t\t\t\t\t<div data-elementor-type=\"wp-post\" data-elementor-id=\"5573\" class=\"elementor elementor-5573 elementor-3897\" data-elementor-post-type=\"ae_global_templates\">\n\t\t\t\t\t\t<section class=\"has_ae_slider elementor-section elementor-top-section elementor-element elementor-element-650b6e03 elementor-section-boxed elementor-section-height-default elementor-section-height-default ae-bg-gallery-type-default\" data-id=\"650b6e03\" data-element_type=\"section\">\n\t\t\t\t\t\t<div class=\"elementor-container elementor-column-gap-default\">\n\t\t\t\t\t<div class=\"has_ae_slider elementor-column elementor-col-100 elementor-top-column elementor-element elementor-element-6ef63dba ae-bg-gallery-type-default\" data-id=\"6ef63dba\" data-element_type=\"column\">\n\t\t\t<div class=\"elementor-widget-wrap elementor-element-populated\">\n\t\t\t\t\t\t<div class=\"elementor-element elementor-element-3a349c7a elementor-widget elementor-widget-ae-post-title\" data-id=\"3a349c7a\" data-element_type=\"widget\" data-widget_type=\"ae-post-title.default\">\n\t\t\t\t<div class=\"elementor-widget-container\">\n\t\t\t\t\t<a  href=\"https:\/\/linearsa.ch\/fr\/information-annonce-de-la-visite-dlc-par-mail\/\"><h5 itemprop=\"name\" class=\"ae-element-post-title\">Information: Annonce de la visite DLC par mail<\/h5><\/a>\t\t\t\t<\/div>\n\t\t\t\t<\/div>\n\t\t\t\t<div class=\"elementor-element elementor-element-31efcfe8 elementor-widget elementor-widget-ae-post-meta\" data-id=\"31efcfe8\" data-element_type=\"widget\" data-settings=\"{&quot;layout_mode&quot;:&quot;horizontal&quot;}\" data-widget_type=\"ae-post-meta.default\">\n\t\t\t\t<div class=\"elementor-widget-container\">\n\t\t\t\t\t\t\t\t<div class=\"ae-post-meta-list-wrapper ae-pm-layout-horizontal ae-pm-layout-tablet- ae-pm-layout-mobile-\">\n\t\t\t\t\t\t<div class=\"ae-post-meta-item-wrapper ae-post-date-05-20-2025\">\n\t\t\t\t\t\t\t<span class=\"icon-wrapper ae-element-post-date-icon\">\n\t\t\t\t\t<i class=\"fa fa-clock-o\"><\/i>\n\t\t\t\t<\/span>\n\t\t\t\t\t\t<span class=\"ae-element-post-date-label\">\n\t\t\t\t\t\t\t<\/span>\n\t\t\t<span class=\"ae-element-post-date\" title=\"7:13 AM\" rel=\"date\">\n\t\t\t\t\t\t\t<a href=\"#\" class=\"ae-element-post-date\" title=\"7:13 AM\" rel=\"date\">20 mai 2025<\/a>\n\t\t\t\t\t\t<\/span>\n\t\t<\/div>\n\t\t\t\t\t<\/div>\n\t\t\t\t\t\t\t<\/div>\n\t\t\t\t<\/div>\n\t\t\t\t<div class=\"elementor-element elementor-element-5b751af8 elementor-widget elementor-widget-ae-post-content\" data-id=\"5b751af8\" data-element_type=\"widget\" data-widget_type=\"ae-post-content.default\">\n\t\t\t\t<div class=\"elementor-widget-container\">\n\t\t\t\t\t\t\t<div class=\"ae-element-post-content\">\n\t\t\t\t\t\t\tL\u2019envoi des annonces de visites pour la DLC se fait par mail pour les \u00e9leveurs...\t\t\t\t\t\t<\/div>\n\t\t\t\t\t\t<\/div>\n\t\t\t\t<\/div>\n\t\t\t\t<div class=\"elementor-element elementor-element-35e029e8 elementor-widget elementor-widget-button\" data-id=\"35e029e8\" data-element_type=\"widget\" data-widget_type=\"button.default\">\n\t\t\t\t<div class=\"elementor-widget-container\">\n\t\t\t\t\t\t\t\t\t<div class=\"elementor-button-wrapper\">\n\t\t\t\t\t<a class=\"elementor-button elementor-button-link elementor-size-sm\" href=\"https:\/\/linearsa.ch\/fr\/information-annonce-de-la-visite-dlc-par-mail\/\">\n\t\t\t\t\t\t<span class=\"elementor-button-content-wrapper\">\n\t\t\t\t\t\t\t\t\t<span class=\"elementor-button-text\">Lire la suite<\/span>\n\t\t\t\t\t<\/span>\n\t\t\t\t\t<\/a>\n\t\t\t\t<\/div>\n\t\t\t\t\t\t\t\t<\/div>\n\t\t\t\t<\/div>\n\t\t\t\t\t<\/div>\n\t\t<\/div>\n\t\t\t\t\t<\/div>\n\t\t<\/section>\n\t\t\t\t<\/div>\n\t\t\t\t\t\t\t\t\t\t<\/div>\n\t\t\t\t\t\t\t<\/div>\n\t\t<\/article>\n\n\t\t\n\t\t<article class=\"ae-post-item ae-post-item-f50e9eb\" >\n\t\t\t<div class=\"ae-post-item-inner\">\n\t\t\t\t\t\t\t\t<div class=\"ae_data elementor elementor-5573 elementor-3897\">\n\t\t\t\t\t\t\t\t\t\t\t<div data-elementor-type=\"wp-post\" data-elementor-id=\"5573\" class=\"elementor elementor-5573 elementor-3897\" data-elementor-post-type=\"ae_global_templates\">\n\t\t\t\t\t\t<section class=\"has_ae_slider elementor-section elementor-top-section elementor-element elementor-element-650b6e03 elementor-section-boxed elementor-section-height-default elementor-section-height-default ae-bg-gallery-type-default\" data-id=\"650b6e03\" data-element_type=\"section\">\n\t\t\t\t\t\t<div class=\"elementor-container elementor-column-gap-default\">\n\t\t\t\t\t<div class=\"has_ae_slider elementor-column elementor-col-100 elementor-top-column elementor-element elementor-element-6ef63dba ae-bg-gallery-type-default\" data-id=\"6ef63dba\" data-element_type=\"column\">\n\t\t\t<div class=\"elementor-widget-wrap elementor-element-populated\">\n\t\t\t\t\t\t<div class=\"elementor-element elementor-element-3a349c7a elementor-widget elementor-widget-ae-post-title\" data-id=\"3a349c7a\" data-element_type=\"widget\" data-widget_type=\"ae-post-title.default\">\n\t\t\t\t<div class=\"elementor-widget-container\">\n\t\t\t\t\t<a  href=\"https:\/\/linearsa.ch\/fr\/adaptations-du-schema-holstein-en-suisse\/\"><h5 itemprop=\"name\" class=\"ae-element-post-title\">Adaptations du sch\u00e9ma Holstein en Suisse<\/h5><\/a>\t\t\t\t<\/div>\n\t\t\t\t<\/div>\n\t\t\t\t<div class=\"elementor-element elementor-element-31efcfe8 elementor-widget elementor-widget-ae-post-meta\" data-id=\"31efcfe8\" data-element_type=\"widget\" data-settings=\"{&quot;layout_mode&quot;:&quot;horizontal&quot;}\" data-widget_type=\"ae-post-meta.default\">\n\t\t\t\t<div class=\"elementor-widget-container\">\n\t\t\t\t\t\t\t\t<div class=\"ae-post-meta-list-wrapper ae-pm-layout-horizontal ae-pm-layout-tablet- ae-pm-layout-mobile-\">\n\t\t\t\t\t\t<div class=\"ae-post-meta-item-wrapper ae-post-date-10-01-2024\">\n\t\t\t\t\t\t\t<span class=\"icon-wrapper ae-element-post-date-icon\">\n\t\t\t\t\t<i class=\"fa fa-clock-o\"><\/i>\n\t\t\t\t<\/span>\n\t\t\t\t\t\t<span class=\"ae-element-post-date-label\">\n\t\t\t\t\t\t\t<\/span>\n\t\t\t<span class=\"ae-element-post-date\" title=\"2:46 PM\" rel=\"date\">\n\t\t\t\t\t\t\t<a href=\"#\" class=\"ae-element-post-date\" title=\"2:46 PM\" rel=\"date\">1 octobre 2024<\/a>\n\t\t\t\t\t\t<\/span>\n\t\t<\/div>\n\t\t\t\t\t<\/div>\n\t\t\t\t\t\t\t<\/div>\n\t\t\t\t<\/div>\n\t\t\t\t<div class=\"elementor-element elementor-element-5b751af8 elementor-widget elementor-widget-ae-post-content\" data-id=\"5b751af8\" data-element_type=\"widget\" data-widget_type=\"ae-post-content.default\">\n\t\t\t\t<div class=\"elementor-widget-container\">\n\t\t\t\t\t\t\t<div class=\"ae-element-post-content\">\n\t\t\t\t\t\t\tLe membres de la commission technique DLC Holstein se sont r\u00e9unis le 4 juillet pour...\t\t\t\t\t\t<\/div>\n\t\t\t\t\t\t<\/div>\n\t\t\t\t<\/div>\n\t\t\t\t<div class=\"elementor-element elementor-element-35e029e8 elementor-widget elementor-widget-button\" data-id=\"35e029e8\" data-element_type=\"widget\" data-widget_type=\"button.default\">\n\t\t\t\t<div class=\"elementor-widget-container\">\n\t\t\t\t\t\t\t\t\t<div class=\"elementor-button-wrapper\">\n\t\t\t\t\t<a class=\"elementor-button elementor-button-link elementor-size-sm\" href=\"https:\/\/linearsa.ch\/fr\/adaptations-du-schema-holstein-en-suisse\/\">\n\t\t\t\t\t\t<span class=\"elementor-button-content-wrapper\">\n\t\t\t\t\t\t\t\t\t<span class=\"elementor-button-text\">Lire la suite<\/span>\n\t\t\t\t\t<\/span>\n\t\t\t\t\t<\/a>\n\t\t\t\t<\/div>\n\t\t\t\t\t\t\t\t<\/div>\n\t\t\t\t<\/div>\n\t\t\t\t\t<\/div>\n\t\t<\/div>\n\t\t\t\t\t<\/div>\n\t\t<\/section>\n\t\t\t\t<\/div>\n\t\t\t\t\t\t\t\t\t\t<\/div>\n\t\t\t\t\t\t\t<\/div>\n\t\t<\/article>\n\n\t\t\t\t<\/div>\n\t\t\t\t\t<\/div> <!-- end .ae-outer-wrapper -->\n\t\t\t\t\t\t\t<\/div>\n\t\t\t\t<\/div>\n\t\t\t\t<div class=\"elementor-element elementor-element-4f51a2b elementor-align-center elementor-widget elementor-widget-button\" data-id=\"4f51a2b\" data-element_type=\"widget\" data-widget_type=\"button.default\">\n\t\t\t\t<div class=\"elementor-widget-container\">\n\t\t\t\t\t\t\t\t\t<div class=\"elementor-button-wrapper\">\n\t\t\t\t\t<a class=\"elementor-button elementor-button-link elementor-size-sm\" href=\"https:\/\/g20lpbbitu.preview.infomaniak.website\/fr\/actualites\/\">\n\t\t\t\t\t\t<span class=\"elementor-button-content-wrapper\">\n\t\t\t\t\t\t\t\t\t<span class=\"elementor-button-text\">Actualit\u00e9s<\/span>\n\t\t\t\t\t<\/span>\n\t\t\t\t\t<\/a>\n\t\t\t\t<\/div>\n\t\t\t\t\t\t\t\t<\/div>\n\t\t\t\t<\/div>\n\t\t\t\t\t<\/div>\n\t\t<\/div>\n\t\t\t\t\t<\/div>\n\t\t<\/section>\n\t\t\t\t<\/div>\n\t\t","protected":false},"excerpt":{"rendered":"<p>L\u2019entrepriseEn savoir plusDescription lin\u00e9aireEn savoir plusClassificationEn savoir plusRacesEn savoir plusServicesEn savoir plus Previous slide Next slide Anzahl Einstufungen und Statistiken der besten Einstufungen 2022 23 janvier 2023 Im 2022 haben wir 64&#8217;635 Tiere beschrieben. Hier finden Sie die besten Einstufungen nach Rassen:&#8230; Weiter lesen Internat. Workshop der Holstein Einstufung WHFF 22 octobre 2022 Der internationale [&hellip;]<\/p>\n","protected":false},"author":5,"featured_media":0,"parent":0,"menu_order":3,"comment_status":"closed","ping_status":"open","template":"","meta":{"_monsterinsights_skip_tracking":false,"_monsterinsights_sitenote_active":false,"_monsterinsights_sitenote_note":"","_monsterinsights_sitenote_category":0,"footnotes":""},"class_list":["post-5265","page","type-page","status-publish","hentry"],"_links":{"self":[{"href":"https:\/\/linearsa.ch\/fr\/wp-json\/wp\/v2\/pages\/5265","targetHints":{"allow":["GET"]}}],"collection":[{"href":"https:\/\/linearsa.ch\/fr\/wp-json\/wp\/v2\/pages"}],"about":[{"href":"https:\/\/linearsa.ch\/fr\/wp-json\/wp\/v2\/types\/page"}],"author":[{"embeddable":true,"href":"https:\/\/linearsa.ch\/fr\/wp-json\/wp\/v2\/users\/5"}],"replies":[{"embeddable":true,"href":"https:\/\/linearsa.ch\/fr\/wp-json\/wp\/v2\/comments?post=5265"}],"version-history":[{"count":3,"href":"https:\/\/linearsa.ch\/fr\/wp-json\/wp\/v2\/pages\/5265\/revisions"}],"predecessor-version":[{"id":5711,"href":"https:\/\/linearsa.ch\/fr\/wp-json\/wp\/v2\/pages\/5265\/revisions\/5711"}],"wp:attachment":[{"href":"https:\/\/linearsa.ch\/fr\/wp-json\/wp\/v2\/media?parent=5265"}],"curies":[{"name":"wp","href":"https:\/\/api.w.org\/{rel}","templated":true}]}}