{"id":3823,"date":"2014-04-01T15:45:52","date_gmt":"2014-04-01T13:45:52","guid":{"rendered":"http:\/\/g20lpbbitu.preview.infomaniak.website\/lentreprise\/"},"modified":"2024-10-10T16:26:36","modified_gmt":"2024-10-10T14:26:36","slug":"lentreprise","status":"publish","type":"page","link":"https:\/\/linearsa.ch\/fr\/linear-sa\/lentreprise\/","title":{"rendered":"L\u2019entreprise"},"content":{"rendered":"\t\t<div data-elementor-type=\"wp-page\" data-elementor-id=\"3823\" class=\"elementor elementor-3823 elementor-12\" data-elementor-post-type=\"page\">\n\t\t\t\t\t\t<section class=\"has_ae_slider elementor-section elementor-top-section elementor-element elementor-element-1c41127 elementor-section-height-min-height elementor-section-boxed elementor-section-height-default elementor-section-items-middle ae-bg-gallery-type-default\" data-id=\"1c41127\" data-element_type=\"section\" data-settings=\"{&quot;background_background&quot;:&quot;classic&quot;}\">\n\t\t\t\t\t\t<div class=\"elementor-container elementor-column-gap-default\">\n\t\t\t\t\t<div class=\"has_ae_slider elementor-column elementor-col-100 elementor-top-column elementor-element elementor-element-0ee008b ae-bg-gallery-type-default\" data-id=\"0ee008b\" data-element_type=\"column\">\n\t\t\t<div class=\"elementor-widget-wrap elementor-element-populated\">\n\t\t\t\t\t\t<div class=\"elementor-element elementor-element-b92210a elementor-icon-list--layout-inline elementor-align-center elementor-list-item-link-full_width elementor-widget elementor-widget-icon-list\" data-id=\"b92210a\" data-element_type=\"widget\" data-widget_type=\"icon-list.default\">\n\t\t\t\t<div class=\"elementor-widget-container\">\n\t\t\t\t\t\t\t<ul class=\"elementor-icon-list-items elementor-inline-items\">\n\t\t\t\t\t\t\t<li class=\"elementor-icon-list-item elementor-inline-item\">\n\t\t\t\t\t\t\t\t\t\t\t<a href=\"https:\/\/g20lpbbitu.preview.infomaniak.website\/fr\/linear-sa\/lentreprise\/\">\n\n\t\t\t\t\t\t\t\t\t\t\t<span class=\"elementor-icon-list-text\">L\u2019entreprise<\/span>\n\t\t\t\t\t\t\t\t\t\t\t<\/a>\n\t\t\t\t\t\t\t\t\t<\/li>\n\t\t\t\t\t\t\t\t<li class=\"elementor-icon-list-item elementor-inline-item\">\n\t\t\t\t\t\t\t\t\t\t\t<a href=\"https:\/\/g20lpbbitu.preview.infomaniak.website\/fr\/linear-sa\/collaborateurs\/\">\n\n\t\t\t\t\t\t\t\t\t\t\t<span class=\"elementor-icon-list-text\">Collaborateurs<\/span>\n\t\t\t\t\t\t\t\t\t\t\t<\/a>\n\t\t\t\t\t\t\t\t\t<\/li>\n\t\t\t\t\t\t<\/ul>\n\t\t\t\t\t\t<\/div>\n\t\t\t\t<\/div>\n\t\t\t\t\t<\/div>\n\t\t<\/div>\n\t\t\t\t\t<\/div>\n\t\t<\/section>\n\t\t\t\t<section class=\"has_ae_slider elementor-section elementor-top-section elementor-element elementor-element-6542b7c elementor-section-boxed elementor-section-height-default elementor-section-height-default ae-bg-gallery-type-default\" data-id=\"6542b7c\" data-element_type=\"section\">\n\t\t\t\t\t\t<div class=\"elementor-container elementor-column-gap-default\">\n\t\t\t\t\t<div class=\"has_ae_slider elementor-column elementor-col-100 elementor-top-column elementor-element elementor-element-e576eb7 ae-bg-gallery-type-default\" data-id=\"e576eb7\" data-element_type=\"column\">\n\t\t\t<div class=\"elementor-widget-wrap elementor-element-populated\">\n\t\t\t\t\t\t<div class=\"elementor-element elementor-element-5a6a4d8 elementor-widget elementor-widget-heading\" data-id=\"5a6a4d8\" data-element_type=\"widget\" data-widget_type=\"heading.default\">\n\t\t\t\t<div class=\"elementor-widget-container\">\n\t\t\t\t\t<h1 class=\"elementor-heading-title elementor-size-default\">L\u2019entreprise<\/h1>\t\t\t\t<\/div>\n\t\t\t\t<\/div>\n\t\t\t\t\t<\/div>\n\t\t<\/div>\n\t\t\t\t\t<\/div>\n\t\t<\/section>\n\t\t\t\t<section class=\"has_ae_slider elementor-section elementor-top-section elementor-element elementor-element-cbd0662 elementor-section-boxed elementor-section-height-default elementor-section-height-default ae-bg-gallery-type-default\" data-id=\"cbd0662\" data-element_type=\"section\">\n\t\t\t\t\t\t<div class=\"elementor-container elementor-column-gap-default\">\n\t\t\t\t\t<div class=\"has_ae_slider elementor-column elementor-col-50 elementor-top-column elementor-element elementor-element-e211064 ae-bg-gallery-type-default\" data-id=\"e211064\" data-element_type=\"column\">\n\t\t\t<div class=\"elementor-widget-wrap elementor-element-populated\">\n\t\t\t\t\t\t<div class=\"elementor-element elementor-element-5f8ee69 elementor-widget elementor-widget-heading\" data-id=\"5f8ee69\" data-element_type=\"widget\" data-widget_type=\"heading.default\">\n\t\t\t\t<div class=\"elementor-widget-container\">\n\t\t\t\t\t<h2 class=\"elementor-heading-title elementor-size-default\">Vision de Linear<\/h2>\t\t\t\t<\/div>\n\t\t\t\t<\/div>\n\t\t\t\t<div class=\"elementor-element elementor-element-6893c7c elementor-widget elementor-widget-text-editor\" data-id=\"6893c7c\" data-element_type=\"widget\" data-widget_type=\"text-editor.default\">\n\t\t\t\t<div class=\"elementor-widget-container\">\n\t\t\t\t\t\t\t\t\t<p>Linear SA a pour but d\u2019assurer le service de description lin\u00e9aire et classification du b\u00e9tail aux meilleures conditions possibles \u00e0 toute entreprise qui le demande.<\/p>\n\t\t\t\t\t\t\t\t<\/div>\n\t\t\t\t<\/div>\n\t\t\t\t\t<\/div>\n\t\t<\/div>\n\t\t\t\t<div class=\"has_ae_slider elementor-column elementor-col-50 elementor-top-column elementor-element elementor-element-f1de823 ae-bg-gallery-type-default\" data-id=\"f1de823\" data-element_type=\"column\">\n\t\t\t<div class=\"elementor-widget-wrap elementor-element-populated\">\n\t\t\t\t\t\t<div class=\"elementor-element elementor-element-dd55738 elementor-widget elementor-widget-heading\" data-id=\"dd55738\" data-element_type=\"widget\" data-widget_type=\"heading.default\">\n\t\t\t\t<div class=\"elementor-widget-container\">\n\t\t\t\t\t<h2 class=\"elementor-heading-title elementor-size-default\">Pr\u00e9sentation<\/h2>\t\t\t\t<\/div>\n\t\t\t\t<\/div>\n\t\t\t\t<div class=\"elementor-element elementor-element-996889a elementor-widget elementor-widget-text-editor\" data-id=\"996889a\" data-element_type=\"widget\" data-widget_type=\"text-editor.default\">\n\t\t\t\t<div class=\"elementor-widget-container\">\n\t\t\t\t\t\t\t\t\t<p>En d\u00e9cembre 2010, la Coop\u00e9rative Suisse d\u2019\u00e9levage Holstein (FSHO) et swissherdbook ont cr\u00e9\u00e9 Linear SA pour effectuer la DLC aupr\u00e8s de tous leurs \u00e9leveurs. Dieses neue Unternehmen soll die LBE f\u00fcr die Mitglieder der Mutterfirmen durchf\u00fchren. La FSHO est l\u2019actionnaire majoritaire (51%). Cette soci\u00e9t\u00e9 \u00e0 son si\u00e8ge \u00e0 Grangeneuve (1725 Posieux) et a commenc\u00e9 ses activit\u00e9s en 2011. La description lin\u00e9aire a \u00e9t\u00e9 effectu\u00e9e d\u00e8s le d\u00e9part pour les races Holstein (rouge et noire), Swiss Fleckvieh, Simmental et Montb\u00e9liarde. D\u00e8s 2013, la race d\u2019H\u00e9rens s\u2019est ajout\u00e9e \u00e0 cette liste.     <\/p>\n<p>Linear SA emploie 21 collaborateurs (9,7 postes \u00e0 plein temps). Le travail administratif repr\u00e9sente 2\u20195 postes de travail \u00e0 plein temps; le reste \u00e9tant le travail de classification dans le terrain. <\/p>\n\t\t\t\t\t\t\t\t<\/div>\n\t\t\t\t<\/div>\n\t\t\t\t\t<\/div>\n\t\t<\/div>\n\t\t\t\t\t<\/div>\n\t\t<\/section>\n\t\t\t\t<section class=\"has_ae_slider elementor-section elementor-top-section elementor-element elementor-element-4ee99bb elementor-section-boxed elementor-section-height-default elementor-section-height-default ae-bg-gallery-type-default\" data-id=\"4ee99bb\" data-element_type=\"section\">\n\t\t\t\t\t\t<div class=\"elementor-container elementor-column-gap-default\">\n\t\t\t\t\t<div class=\"has_ae_slider elementor-column elementor-col-100 elementor-top-column elementor-element elementor-element-bec4bc8 ae-bg-gallery-type-default\" data-id=\"bec4bc8\" data-element_type=\"column\">\n\t\t\t<div class=\"elementor-widget-wrap elementor-element-populated\">\n\t\t\t\t\t\t<div class=\"elementor-element elementor-element-956397c elementor-widget elementor-widget-heading\" data-id=\"956397c\" data-element_type=\"widget\" data-widget_type=\"heading.default\">\n\t\t\t\t<div class=\"elementor-widget-container\">\n\t\t\t\t\t<h3 class=\"elementor-heading-title elementor-size-default\">Organisation<\/h3>\t\t\t\t<\/div>\n\t\t\t\t<\/div>\n\t\t\t\t<div class=\"elementor-element elementor-element-649c380 elementor-widget elementor-widget-image\" data-id=\"649c380\" data-element_type=\"widget\" data-widget_type=\"image.default\">\n\t\t\t\t<div class=\"elementor-widget-container\">\n\t\t\t\t\t\t\t\t\t\t\t\t\t\t\t<img fetchpriority=\"high\" decoding=\"async\" width=\"800\" height=\"348\" src=\"https:\/\/linearsa.ch\/wp-content\/uploads\/2024\/02\/ORGANIGRAMME-f_2024-1024x445.jpg\" class=\"attachment-large size-large wp-image-5938\" alt=\"\" srcset=\"https:\/\/linearsa.ch\/wp-content\/uploads\/2024\/02\/ORGANIGRAMME-f_2024-1024x445.jpg 1024w, https:\/\/linearsa.ch\/wp-content\/uploads\/2024\/02\/ORGANIGRAMME-f_2024-300x130.jpg 300w, https:\/\/linearsa.ch\/wp-content\/uploads\/2024\/02\/ORGANIGRAMME-f_2024-768x333.jpg 768w, https:\/\/linearsa.ch\/wp-content\/uploads\/2024\/02\/ORGANIGRAMME-f_2024.jpg 1110w\" sizes=\"(max-width: 800px) 100vw, 800px\" \/>\t\t\t\t\t\t\t\t\t\t\t\t\t\t\t<\/div>\n\t\t\t\t<\/div>\n\t\t\t\t\t<\/div>\n\t\t<\/div>\n\t\t\t\t\t<\/div>\n\t\t<\/section>\n\t\t\t\t<section class=\"has_ae_slider elementor-section elementor-top-section elementor-element elementor-element-612eb25 elementor-section-boxed elementor-section-height-default elementor-section-height-default ae-bg-gallery-type-default\" data-id=\"612eb25\" data-element_type=\"section\">\n\t\t\t\t\t\t<div class=\"elementor-container elementor-column-gap-default\">\n\t\t\t\t\t<div class=\"has_ae_slider elementor-column elementor-col-50 elementor-top-column elementor-element elementor-element-4ee00c8 ae-bg-gallery-type-default\" data-id=\"4ee00c8\" data-element_type=\"column\">\n\t\t\t<div class=\"elementor-widget-wrap elementor-element-populated\">\n\t\t\t\t\t\t<div class=\"elementor-element elementor-element-04b761d elementor-widget elementor-widget-text-editor\" data-id=\"04b761d\" data-element_type=\"widget\" data-widget_type=\"text-editor.default\">\n\t\t\t\t<div class=\"elementor-widget-container\">\n\t\t\t\t\t\t\t\t\t<p>Le conseil de direction d\u00e9pend directement du conseil d\u2019administration de Linear SA. Ce dernier est form\u00e9 de 2 repr\u00e9sentants de chaque actionnaire ainsi que d\u2019un membre neutre. Actuellement la composition de ce conseil est la suivante:  <\/p>\n\t\t\t\t\t\t\t\t<\/div>\n\t\t\t\t<\/div>\n\t\t\t\t\t<\/div>\n\t\t<\/div>\n\t\t\t\t<div class=\"has_ae_slider elementor-column elementor-col-50 elementor-top-column elementor-element elementor-element-855d32f ae-bg-gallery-type-default\" data-id=\"855d32f\" data-element_type=\"column\">\n\t\t\t<div class=\"elementor-widget-wrap elementor-element-populated\">\n\t\t\t\t\t\t<div class=\"elementor-element elementor-element-d6234f9 elementor-widget elementor-widget-text-editor\" data-id=\"d6234f9\" data-element_type=\"widget\" data-widget_type=\"text-editor.default\">\n\t\t\t\t<div class=\"elementor-widget-container\">\n\t\t\t\t\t\t\t\t\t<table cellspacing=\"0\" cellpadding=\"0\"><tbody><tr><td><strong>Nom<\/strong><\/td><td><strong>Fonction<\/strong><\/td><td><strong>Repr\u00e9sente<\/strong><\/td><td><strong>Depuis<\/strong><\/td><\/tr><tr><td>Adrian Weber<\/td><td>Pr\u00e9sident<\/td><td>swissherdbook<\/td><td>2018<\/td><\/tr><tr><td>Patrick R\u00fcttimann<\/td><td>Membre<\/td><td>HO Switzerland<\/td><td>2024<\/td><\/tr><tr><td>Timoth\u00e9e Neuenschwander<\/td><td>Membre<\/td><td>HO Switzerland<\/td><td>2024<\/td><\/tr><tr><td>Sandra Staub-Hofer<\/td><td>Membre<\/td><td>swissherdbook<\/td><td>2023<\/td><\/tr><tr><td>Urs Wichser<\/td><td>Membre<\/td><td>Neutral<\/td><td>2012<\/td><\/tr><\/tbody><\/table>\t\t\t\t\t\t\t\t<\/div>\n\t\t\t\t<\/div>\n\t\t\t\t\t<\/div>\n\t\t<\/div>\n\t\t\t\t\t<\/div>\n\t\t<\/section>\n\t\t\t\t<section class=\"has_ae_slider elementor-section elementor-top-section elementor-element elementor-element-4614656 elementor-section-boxed elementor-section-height-default elementor-section-height-default ae-bg-gallery-type-default\" data-id=\"4614656\" data-element_type=\"section\">\n\t\t\t\t\t\t<div class=\"elementor-container elementor-column-gap-default\">\n\t\t\t\t\t<div class=\"has_ae_slider elementor-column elementor-col-50 elementor-top-column elementor-element elementor-element-b577c3a ae-bg-gallery-type-default\" data-id=\"b577c3a\" data-element_type=\"column\">\n\t\t\t<div class=\"elementor-widget-wrap elementor-element-populated\">\n\t\t\t\t\t\t<div class=\"elementor-element elementor-element-16bd283 elementor-widget elementor-widget-text-editor\" data-id=\"16bd283\" data-element_type=\"widget\" data-widget_type=\"text-editor.default\">\n\t\t\t\t<div class=\"elementor-widget-container\">\n\t\t\t\t\t\t\t\t\t<p>Les sch\u00e9mas des diff\u00e9rentes races sont d\u00e9finis et contr\u00f4l\u00e9s par les commissions de sch\u00e9mas respectives. Pour la race Holstein, une commission ad-hoc avec des repr\u00e9sentants des deux f\u00e9d\u00e9rations en est responsable. Pour les autres races, la commission de race de swissherdbook est responsable. La composition actuelle des commissions de race peut \u00eatre consult\u00e9e sur le site internet de <a title=\"Swissherdbook\" href=\"https:\/\/www.swissherdbook.ch\" target=\"_blank\" rel=\"noopener noreferrer\">www.swissherdbook.ch<\/a>.   <br \/>La commission de sch\u00e9ma pour la race Holstein se compose des membres suivants:<\/p>\n\t\t\t\t\t\t\t\t<\/div>\n\t\t\t\t<\/div>\n\t\t\t\t\t<\/div>\n\t\t<\/div>\n\t\t\t\t<div class=\"has_ae_slider elementor-column elementor-col-50 elementor-top-column elementor-element elementor-element-b337422 ae-bg-gallery-type-default\" data-id=\"b337422\" data-element_type=\"column\">\n\t\t\t<div class=\"elementor-widget-wrap elementor-element-populated\">\n\t\t\t\t\t\t<div class=\"elementor-element elementor-element-44ecab1 elementor-widget elementor-widget-text-editor\" data-id=\"44ecab1\" data-element_type=\"widget\" data-widget_type=\"text-editor.default\">\n\t\t\t\t<div class=\"elementor-widget-container\">\n\t\t\t\t\t\t\t\t\t<table cellspacing=\"0\" cellpadding=\"0\">\n<tbody>\n<tr>\n<td><strong>Nom<\/strong><\/td>\n<td><strong>Fonction<\/strong><\/td>\n<td><strong>Repr\u00e9sente<\/strong><\/td>\n<td><strong>Depuis<\/strong><\/td>\n<\/tr>\n<tr>\n<td>Nicolas Jotterand<\/td>\n<td>Pr\u00e9sident<\/td>\n<td>HO Switzerland<\/td>\n<td>2022<\/td>\n<\/tr>\n<tr>\n<td>Alain Jungo<\/td>\n<td>Membre<\/td>\n<td>HO Switzerland<\/td>\n<td>2022<\/td>\n<\/tr>\n<tr>\n<td>Roger Frosard<\/td>\n<td>Membre<\/td>\n<td>swissherdbook<\/td>\n<td>2018<\/td>\n<\/tr>\n<tr>\n<td>Thomas Gerber<\/td>\n<td>Membre<\/td>\n<td>swissherdbook<\/td>\n<td>2017<\/td>\n<\/tr>\n\n<\/tbody>\n<\/table>\t\t\t\t\t\t\t\t<\/div>\n\t\t\t\t<\/div>\n\t\t\t\t\t<\/div>\n\t\t<\/div>\n\t\t\t\t\t<\/div>\n\t\t<\/section>\n\t\t\t\t<\/div>\n\t\t","protected":false},"excerpt":{"rendered":"<p>L\u2019entreprise Collaborateurs Vision de Linear Linear SA a pour but d\u2019assurer le service de description lin\u00e9aire et classification du b\u00e9tail aux meilleures conditions possibles \u00e0 toute entreprise qui le demande. Pr\u00e9sentation En d\u00e9cembre 2010, la Coop\u00e9rative Suisse d\u2019\u00e9levage Holstein (FSHO) et swissherdbook ont cr\u00e9\u00e9 Linear SA pour effectuer la DLC aupr\u00e8s de tous leurs \u00e9leveurs. [&hellip;]<\/p>\n","protected":false},"author":5,"featured_media":0,"parent":5287,"menu_order":0,"comment_status":"closed","ping_status":"closed","template":"","meta":{"_monsterinsights_skip_tracking":false,"_monsterinsights_sitenote_active":false,"_monsterinsights_sitenote_note":"","_monsterinsights_sitenote_category":0,"footnotes":""},"class_list":["post-3823","page","type-page","status-publish","hentry"],"_links":{"self":[{"href":"https:\/\/linearsa.ch\/fr\/wp-json\/wp\/v2\/pages\/3823","targetHints":{"allow":["GET"]}}],"collection":[{"href":"https:\/\/linearsa.ch\/fr\/wp-json\/wp\/v2\/pages"}],"about":[{"href":"https:\/\/linearsa.ch\/fr\/wp-json\/wp\/v2\/types\/page"}],"author":[{"embeddable":true,"href":"https:\/\/linearsa.ch\/fr\/wp-json\/wp\/v2\/users\/5"}],"replies":[{"embeddable":true,"href":"https:\/\/linearsa.ch\/fr\/wp-json\/wp\/v2\/comments?post=3823"}],"version-history":[{"count":25,"href":"https:\/\/linearsa.ch\/fr\/wp-json\/wp\/v2\/pages\/3823\/revisions"}],"predecessor-version":[{"id":6079,"href":"https:\/\/linearsa.ch\/fr\/wp-json\/wp\/v2\/pages\/3823\/revisions\/6079"}],"up":[{"embeddable":true,"href":"https:\/\/linearsa.ch\/fr\/wp-json\/wp\/v2\/pages\/5287"}],"wp:attachment":[{"href":"https:\/\/linearsa.ch\/fr\/wp-json\/wp\/v2\/media?parent=3823"}],"curies":[{"name":"wp","href":"https:\/\/api.w.org\/{rel}","templated":true}]}}