{"id":505,"date":"2014-07-31T10:37:43","date_gmt":"2014-07-31T09:37:43","guid":{"rendered":"http:\/\/linearsa.ch\/?page_id=505"},"modified":"2023-10-11T15:37:09","modified_gmt":"2023-10-11T13:37:09","slug":"eringer","status":"publish","type":"page","link":"https:\/\/linearsa.ch\/de\/lbe\/rassen\/eringer\/","title":{"rendered":"Eringer"},"content":{"rendered":"\t\t<div data-elementor-type=\"wp-page\" data-elementor-id=\"505\" class=\"elementor elementor-505\" data-elementor-post-type=\"page\">\n\t\t\t\t\t\t<section class=\"has_ae_slider elementor-section elementor-top-section elementor-element elementor-element-d9f1d5e elementor-section-height-min-height elementor-section-boxed elementor-section-height-default elementor-section-items-middle ae-bg-gallery-type-default\" data-id=\"d9f1d5e\" data-element_type=\"section\" data-settings=\"{&quot;background_background&quot;:&quot;classic&quot;,&quot;background_motion_fx_motion_fx_scrolling&quot;:&quot;yes&quot;,&quot;background_motion_fx_translateY_effect&quot;:&quot;yes&quot;,&quot;background_motion_fx_translateY_direction&quot;:&quot;negative&quot;,&quot;background_motion_fx_translateY_speed&quot;:{&quot;unit&quot;:&quot;px&quot;,&quot;size&quot;:8,&quot;sizes&quot;:[]},&quot;background_motion_fx_translateY_affectedRange&quot;:{&quot;unit&quot;:&quot;%&quot;,&quot;size&quot;:&quot;&quot;,&quot;sizes&quot;:{&quot;start&quot;:0,&quot;end&quot;:100}},&quot;background_motion_fx_devices&quot;:[&quot;widescreen&quot;,&quot;desktop&quot;,&quot;laptop&quot;,&quot;tablet_extra&quot;,&quot;tablet&quot;,&quot;mobile_extra&quot;,&quot;mobile&quot;]}\">\n\t\t\t\t\t\t<div class=\"elementor-container elementor-column-gap-default\">\n\t\t\t\t\t<div class=\"has_ae_slider elementor-column elementor-col-100 elementor-top-column elementor-element elementor-element-f9134ea ae-bg-gallery-type-default\" data-id=\"f9134ea\" data-element_type=\"column\">\n\t\t\t<div class=\"elementor-widget-wrap elementor-element-populated\">\n\t\t\t\t\t\t<div class=\"elementor-element elementor-element-33f8c9e elementor-icon-list--layout-inline elementor-align-center elementor-list-item-link-full_width elementor-widget elementor-widget-icon-list\" data-id=\"33f8c9e\" data-element_type=\"widget\" data-widget_type=\"icon-list.default\">\n\t\t\t\t<div class=\"elementor-widget-container\">\n\t\t\t\t\t\t\t<ul class=\"elementor-icon-list-items elementor-inline-items\">\n\t\t\t\t\t\t\t<li class=\"elementor-icon-list-item elementor-inline-item\">\n\t\t\t\t\t\t\t\t\t\t\t<a href=\"\/de\/lbe\/rassen\/holstein\/\">\n\n\t\t\t\t\t\t\t\t\t\t\t<span class=\"elementor-icon-list-text\">Holstein<\/span>\n\t\t\t\t\t\t\t\t\t\t\t<\/a>\n\t\t\t\t\t\t\t\t\t<\/li>\n\t\t\t\t\t\t\t\t<li class=\"elementor-icon-list-item elementor-inline-item\">\n\t\t\t\t\t\t\t\t\t\t\t<a href=\"\/de\/lbe\/rassen\/swiss-fleckvieh\/\">\n\n\t\t\t\t\t\t\t\t\t\t\t<span class=\"elementor-icon-list-text\">Swiss Fleckvieh<\/span>\n\t\t\t\t\t\t\t\t\t\t\t<\/a>\n\t\t\t\t\t\t\t\t\t<\/li>\n\t\t\t\t\t\t\t\t<li class=\"elementor-icon-list-item elementor-inline-item\">\n\t\t\t\t\t\t\t\t\t\t\t<a href=\"\/de\/lbe\/rassen\/simmental\/\">\n\n\t\t\t\t\t\t\t\t\t\t\t<span class=\"elementor-icon-list-text\">Simmental<\/span>\n\t\t\t\t\t\t\t\t\t\t\t<\/a>\n\t\t\t\t\t\t\t\t\t<\/li>\n\t\t\t\t\t\t\t\t<li class=\"elementor-icon-list-item elementor-inline-item\">\n\t\t\t\t\t\t\t\t\t\t\t<a href=\"\/de\/lbe\/rassen\/montbeliarde\/\">\n\n\t\t\t\t\t\t\t\t\t\t\t<span class=\"elementor-icon-list-text\">Montb\u00e9liarde<\/span>\n\t\t\t\t\t\t\t\t\t\t\t<\/a>\n\t\t\t\t\t\t\t\t\t<\/li>\n\t\t\t\t\t\t\t\t<li class=\"elementor-icon-list-item elementor-inline-item\">\n\t\t\t\t\t\t\t\t\t\t\t<a href=\"\/de\/lbe\/rassen\/eringer\/\">\n\n\t\t\t\t\t\t\t\t\t\t\t<span class=\"elementor-icon-list-text\">Eringer<\/span>\n\t\t\t\t\t\t\t\t\t\t\t<\/a>\n\t\t\t\t\t\t\t\t\t<\/li>\n\t\t\t\t\t\t<\/ul>\n\t\t\t\t\t\t<\/div>\n\t\t\t\t<\/div>\n\t\t\t\t\t<\/div>\n\t\t<\/div>\n\t\t\t\t\t<\/div>\n\t\t<\/section>\n\t\t\t\t<section class=\"has_ae_slider elementor-section elementor-top-section elementor-element elementor-element-6b69461 elementor-section-boxed elementor-section-height-default elementor-section-height-default ae-bg-gallery-type-default\" data-id=\"6b69461\" data-element_type=\"section\">\n\t\t\t\t\t\t<div class=\"elementor-container elementor-column-gap-default\">\n\t\t\t\t\t<div class=\"has_ae_slider elementor-column elementor-col-100 elementor-top-column elementor-element elementor-element-0e7f6aa ae-bg-gallery-type-default\" data-id=\"0e7f6aa\" data-element_type=\"column\">\n\t\t\t<div class=\"elementor-widget-wrap elementor-element-populated\">\n\t\t\t\t\t\t<div class=\"elementor-element elementor-element-9724a45 elementor-widget elementor-widget-heading\" data-id=\"9724a45\" data-element_type=\"widget\" data-widget_type=\"heading.default\">\n\t\t\t\t<div class=\"elementor-widget-container\">\n\t\t\t\t\t<h1 class=\"elementor-heading-title elementor-size-default\">Eringer<\/h1>\t\t\t\t<\/div>\n\t\t\t\t<\/div>\n\t\t\t\t\t<\/div>\n\t\t<\/div>\n\t\t\t\t\t<\/div>\n\t\t<\/section>\n\t\t\t\t<section class=\"has_ae_slider elementor-section elementor-top-section elementor-element elementor-element-ec7194e elementor-section-boxed elementor-section-height-default elementor-section-height-default ae-bg-gallery-type-default\" data-id=\"ec7194e\" data-element_type=\"section\">\n\t\t\t\t\t\t<div class=\"elementor-container elementor-column-gap-default\">\n\t\t\t\t\t<div class=\"has_ae_slider elementor-column elementor-col-50 elementor-top-column elementor-element elementor-element-4498888 ae-bg-gallery-type-default\" data-id=\"4498888\" data-element_type=\"column\">\n\t\t\t<div class=\"elementor-widget-wrap elementor-element-populated\">\n\t\t\t\t\t\t<div class=\"elementor-element elementor-element-e9b5412 elementor-widget elementor-widget-text-editor\" data-id=\"e9b5412\" data-element_type=\"widget\" data-widget_type=\"text-editor.default\">\n\t\t\t\t<div class=\"elementor-widget-container\">\n\t\t\t\t\t\t\t\t\t<p>Beim Eringer-Schema werden im Gegensatz zu Holstein die Merkmale Lende, Milchcharakter, Aufh\u00e4ngung hinten H\u00f6he und Breite nicht beschrieben. Um den Dreinutzungstyp der Rasse optimal zu erfassen, beschreiben wir jedoch folgende zus\u00e4tzlichen Merkmale:<\/p><ul><li>Hornansatz<\/li><li>Kopf<\/li><li>Ausdruck<\/li><li>Bemuskelung<\/li><li>Hintereuter<\/li><\/ul>\t\t\t\t\t\t\t\t<\/div>\n\t\t\t\t<\/div>\n\t\t\t\t\t<\/div>\n\t\t<\/div>\n\t\t\t\t<div class=\"has_ae_slider elementor-column elementor-col-50 elementor-top-column elementor-element elementor-element-66a5230 ae-bg-gallery-type-default\" data-id=\"66a5230\" data-element_type=\"column\">\n\t\t\t<div class=\"elementor-widget-wrap elementor-element-populated\">\n\t\t\t\t\t\t<div class=\"elementor-element elementor-element-951bac1 elementor-widget elementor-widget-image\" data-id=\"951bac1\" data-element_type=\"widget\" data-widget_type=\"image.default\">\n\t\t\t\t<div class=\"elementor-widget-container\">\n\t\t\t\t\t\t\t\t\t\t\t\t\t\t\t<img fetchpriority=\"high\" decoding=\"async\" width=\"286\" height=\"286\" src=\"https:\/\/linearsa.ch\/wp-content\/uploads\/2014\/07\/race-eringer-fr.jpg\" class=\"attachment-large size-large wp-image-4514\" alt=\"Eringer\" srcset=\"https:\/\/linearsa.ch\/wp-content\/uploads\/2014\/07\/race-eringer-fr.jpg 286w, https:\/\/linearsa.ch\/wp-content\/uploads\/2014\/07\/race-eringer-fr-150x150.jpg 150w\" sizes=\"(max-width: 286px) 100vw, 286px\" \/>\t\t\t\t\t\t\t\t\t\t\t\t\t\t\t<\/div>\n\t\t\t\t<\/div>\n\t\t\t\t\t<\/div>\n\t\t<\/div>\n\t\t\t\t\t<\/div>\n\t\t<\/section>\n\t\t\t\t<section class=\"has_ae_slider elementor-section elementor-top-section elementor-element elementor-element-775ce6b elementor-section-boxed elementor-section-height-default elementor-section-height-default ae-bg-gallery-type-default\" data-id=\"775ce6b\" data-element_type=\"section\">\n\t\t\t\t\t\t<div class=\"elementor-container elementor-column-gap-default\">\n\t\t\t\t\t<div class=\"has_ae_slider elementor-column elementor-col-100 elementor-top-column elementor-element elementor-element-47048c1 ae-bg-gallery-type-default\" data-id=\"47048c1\" data-element_type=\"column\">\n\t\t\t<div class=\"elementor-widget-wrap elementor-element-populated\">\n\t\t\t\t\t\t<div class=\"elementor-element elementor-element-65e9a07 elementor-widget elementor-widget-text-editor\" data-id=\"65e9a07\" data-element_type=\"widget\" data-widget_type=\"text-editor.default\">\n\t\t\t\t<div class=\"elementor-widget-container\">\n\t\t\t\t\t\t\t\t\t<p>Die Einstufer erfassen also 24 Merkmale, aufgeteilt in die drei Bl\u00f6cke Format \/ Kapazit\u00e4t, Gliedmassen und Euter. In jedem Block k\u00f6nnen sie zudem Fehler erfassen, welche dann die Einstufung der jeweiligen Blocknote beeinflussen. Insgesamt sind 31 Fehler erfassbar, aufgeteilt in schwacher oder starker Auspr\u00e4gung.<br \/>Der Vorstand des Eringerzuchtverbandes entscheidet auf Empfehlung von Linear dar\u00fcber, welche Merkmale beschrieben werden.<br \/>Hier finden Sie das Schemablatt mit allen Merkmalen, Fehlern und Optimas f\u00fcr die Rasse Eringer:<\/p><p><a href=\"\/wp-content\/uploads\/2024\/01\/Schema-HRS2024_d-1.pdf\" target=\"_blank\" rel=\"noopener noreferrer\">Eringer &#8211; Lineare Beschreibung und Einstufung (PDF)<\/a><\/p><p>Die Idealmasse sind auf Basis der ausgewachsenen K\u00fche festgelegt. Entsprechend der jeweiligen Entwicklung der Rasse kann dieses Idealmass in jedem Merkmal demzufolge f\u00fcr jedes Alter berechnet werden.<br \/>F\u00fcr die Eutermerkmale erfolgt die Unterscheidung nicht nach Alter, sondern nach der Anzahl Laktationen. Das Prinzip ist jedoch dasselbe. Aufgrund der durchschnittlichen Entwicklung der Rasse\u00a0 k\u00f6nnen die eingegebenen Masse in die Noten umgerechnet werden.<br \/>Folgende Tabelle zeigt die idealen Masse in cm bei einer jungen Kuh und einer Kuh in der dritten Laktation:<\/p>\t\t\t\t\t\t\t\t<\/div>\n\t\t\t\t<\/div>\n\t\t\t\t\t<\/div>\n\t\t<\/div>\n\t\t\t\t\t<\/div>\n\t\t<\/section>\n\t\t\t\t<section class=\"has_ae_slider elementor-section elementor-top-section elementor-element elementor-element-715f7eac elementor-section-boxed elementor-section-height-default elementor-section-height-default ae-bg-gallery-type-default\" data-id=\"715f7eac\" data-element_type=\"section\">\n\t\t\t\t\t\t<div class=\"elementor-container elementor-column-gap-default\">\n\t\t\t\t\t<div class=\"has_ae_slider elementor-column elementor-col-100 elementor-top-column elementor-element elementor-element-24d06f83 ae-bg-gallery-type-default\" data-id=\"24d06f83\" data-element_type=\"column\">\n\t\t\t<div class=\"elementor-widget-wrap elementor-element-populated\">\n\t\t\t\t\t\t<div class=\"elementor-element elementor-element-74c2d220 elementor-widget elementor-widget-text-editor\" data-id=\"74c2d220\" data-element_type=\"widget\" data-widget_type=\"text-editor.default\">\n\t\t\t\t<div class=\"elementor-widget-container\">\n\t\t\t\t\t\t\t\t\t<p><\/p>\n<table cellspacing=\"0\" cellpadding=\"0\">\n<tbody>\n<tr>\n<td><strong>Merkmal<\/strong><\/td>\n<td style=\"text-align: center;\"><strong>Optimum in cm<\/strong><br>(3. Lakt. \/ 52 Mte.)<\/td>\n<td style=\"text-align: center;\"><strong>Optimum in cm<\/strong><br>(1. Lakt. \/ 39&nbsp;Mte.)<\/td>\n<\/tr>\n<tr>\n<td><strong>Gr\u00f6sse<\/strong><\/td>\n<td style=\"text-align: center;\">129<\/td>\n<td style=\"text-align: center;\">127<\/td>\n<\/tr>\n<tr>\n<td><strong>Relative H\u00f6he Vorhand<\/strong><\/td>\n<td style=\"text-align: center;\">1<\/td>\n<td style=\"text-align: center;\">0<\/td>\n<\/tr>\n<tr>\n<td><strong>Beckenneigung<\/strong><\/td>\n<td style=\"text-align: center;\">-7<\/td>\n<td style=\"text-align: center;\">-7<\/td>\n<\/tr>\n<tr>\n<td><strong>Beckenbreite<\/strong><\/td>\n<td style=\"text-align: center;\">18<\/td>\n<td style=\"text-align: center;\">18<\/td>\n<\/tr>\n<tr>\n<td><strong>Trachtenh\u00f6he<\/strong><\/td>\n<td style=\"text-align: center;\">4.5<\/td>\n<td style=\"text-align: center;\">4.5<\/td>\n<\/tr>\n<tr>\n<td><strong>Eutertiefe<\/strong><\/td>\n<td style=\"text-align: center;\">7<\/td>\n<td style=\"text-align: center;\">15<\/td>\n<\/tr>\n<tr>\n<td><strong>Zitzenl\u00e4nge vorn<\/strong><\/td>\n<td style=\"text-align: center;\">6.5<\/td>\n<td style=\"text-align: center;\">6.0<\/td>\n<\/tr>\n<\/tbody>\n<\/table>\n<p>Die Gewichtungen der Fehler sind unter dem nachstehenden Link einsehbar. Dabei ist zu erw\u00e4hnen, dass die Fehler einen Einfluss auf die jeweilige Blocknote haben. Bei Bl\u00f6cken mit hoher Gewichtung in der Gesamtnote hat ein Fehler also auch einen h\u00f6heren Einfluss. Zudem gibt es innerhalb eines Blocks auch unterschiedlich hohe Abz\u00fcge. Diese wurden nach Aspekten der Langlebigkeit und Wirtschaftlichkeit bestimmt.<br>Gewisse Fehler sollen aus der Zucht gedr\u00e4ngt werden, weshalb sie eine sehr hohe Gewichtung erfahren (Bsp: Astloch).<br>Die Fehler Astloch, Doppelzitze, lebende Zusatzzitze und unproduktiver Viertel haben eine Blockierung der Euternote bei&nbsp; maximal 87 Punkten zur Folge und verhindern damit, dass die Kuh EX eingestuft werden kann.<\/p>\t\t\t\t\t\t\t\t<\/div>\n\t\t\t\t<\/div>\n\t\t\t\t\t<\/div>\n\t\t<\/div>\n\t\t\t\t\t<\/div>\n\t\t<\/section>\n\t\t\t\t<\/div>\n\t\t","protected":false},"excerpt":{"rendered":"<p>Holstein Swiss Fleckvieh Simmental Montb\u00e9liarde Eringer Beim Eringer-Schema werden im Gegensatz zu Holstein die Merkmale Lende, Milchcharakter, Aufh\u00e4ngung hinten H\u00f6he und Breite nicht beschrieben. Um den Dreinutzungstyp der Rasse optimal zu erfassen, beschreiben wir jedoch folgende zus\u00e4tzlichen Merkmale: Hornansatz Kopf Ausdruck Bemuskelung Hintereuter Die Einstufer erfassen also 24 Merkmale, aufgeteilt in die drei Bl\u00f6cke Format [&hellip;]<\/p>\n","protected":false},"author":5,"featured_media":0,"parent":193,"menu_order":0,"comment_status":"closed","ping_status":"closed","template":"","meta":{"_monsterinsights_skip_tracking":false,"_monsterinsights_sitenote_active":false,"_monsterinsights_sitenote_note":"","_monsterinsights_sitenote_category":0,"footnotes":""},"class_list":["post-505","page","type-page","status-publish","hentry"],"_links":{"self":[{"href":"https:\/\/linearsa.ch\/de\/wp-json\/wp\/v2\/pages\/505","targetHints":{"allow":["GET"]}}],"collection":[{"href":"https:\/\/linearsa.ch\/de\/wp-json\/wp\/v2\/pages"}],"about":[{"href":"https:\/\/linearsa.ch\/de\/wp-json\/wp\/v2\/types\/page"}],"author":[{"embeddable":true,"href":"https:\/\/linearsa.ch\/de\/wp-json\/wp\/v2\/users\/5"}],"replies":[{"embeddable":true,"href":"https:\/\/linearsa.ch\/de\/wp-json\/wp\/v2\/comments?post=505"}],"version-history":[{"count":6,"href":"https:\/\/linearsa.ch\/de\/wp-json\/wp\/v2\/pages\/505\/revisions"}],"predecessor-version":[{"id":5376,"href":"https:\/\/linearsa.ch\/de\/wp-json\/wp\/v2\/pages\/505\/revisions\/5376"}],"up":[{"embeddable":true,"href":"https:\/\/linearsa.ch\/de\/wp-json\/wp\/v2\/pages\/193"}],"wp:attachment":[{"href":"https:\/\/linearsa.ch\/de\/wp-json\/wp\/v2\/media?parent=505"}],"curies":[{"name":"wp","href":"https:\/\/api.w.org\/{rel}","templated":true}]}}