{"id":499,"date":"2014-07-31T10:36:57","date_gmt":"2014-07-31T09:36:57","guid":{"rendered":"http:\/\/linearsa.ch\/?page_id=499"},"modified":"2024-01-10T15:22:37","modified_gmt":"2024-01-10T14:22:37","slug":"swiss-fleckvieh","status":"publish","type":"page","link":"https:\/\/linearsa.ch\/de\/lbe\/rassen\/swiss-fleckvieh\/","title":{"rendered":"Swiss Fleckvieh"},"content":{"rendered":"\t\t<div data-elementor-type=\"wp-page\" data-elementor-id=\"499\" class=\"elementor elementor-499\" data-elementor-post-type=\"page\">\n\t\t\t\t\t\t<section class=\"has_ae_slider elementor-section elementor-top-section elementor-element elementor-element-985c945 elementor-section-height-min-height elementor-section-boxed elementor-section-height-default elementor-section-items-middle ae-bg-gallery-type-default\" data-id=\"985c945\" data-element_type=\"section\" data-settings=\"{&quot;background_background&quot;:&quot;classic&quot;,&quot;background_motion_fx_motion_fx_scrolling&quot;:&quot;yes&quot;,&quot;background_motion_fx_translateY_effect&quot;:&quot;yes&quot;,&quot;background_motion_fx_translateY_direction&quot;:&quot;negative&quot;,&quot;background_motion_fx_translateY_speed&quot;:{&quot;unit&quot;:&quot;px&quot;,&quot;size&quot;:8,&quot;sizes&quot;:[]},&quot;background_motion_fx_translateY_affectedRange&quot;:{&quot;unit&quot;:&quot;%&quot;,&quot;size&quot;:&quot;&quot;,&quot;sizes&quot;:{&quot;start&quot;:0,&quot;end&quot;:100}},&quot;background_motion_fx_devices&quot;:[&quot;widescreen&quot;,&quot;desktop&quot;,&quot;laptop&quot;,&quot;tablet_extra&quot;,&quot;tablet&quot;,&quot;mobile_extra&quot;,&quot;mobile&quot;]}\">\n\t\t\t\t\t\t<div class=\"elementor-container elementor-column-gap-default\">\n\t\t\t\t\t<div class=\"has_ae_slider elementor-column elementor-col-100 elementor-top-column elementor-element elementor-element-d297e57 ae-bg-gallery-type-default\" data-id=\"d297e57\" data-element_type=\"column\">\n\t\t\t<div class=\"elementor-widget-wrap elementor-element-populated\">\n\t\t\t\t\t\t<div class=\"elementor-element elementor-element-626a414 elementor-icon-list--layout-inline elementor-align-center elementor-list-item-link-full_width elementor-widget elementor-widget-icon-list\" data-id=\"626a414\" data-element_type=\"widget\" data-widget_type=\"icon-list.default\">\n\t\t\t\t<div class=\"elementor-widget-container\">\n\t\t\t\t\t\t\t<ul class=\"elementor-icon-list-items elementor-inline-items\">\n\t\t\t\t\t\t\t<li class=\"elementor-icon-list-item elementor-inline-item\">\n\t\t\t\t\t\t\t\t\t\t\t<a href=\"\/de\/lbe\/rassen\/holstein\/\">\n\n\t\t\t\t\t\t\t\t\t\t\t<span class=\"elementor-icon-list-text\">Holstein<\/span>\n\t\t\t\t\t\t\t\t\t\t\t<\/a>\n\t\t\t\t\t\t\t\t\t<\/li>\n\t\t\t\t\t\t\t\t<li class=\"elementor-icon-list-item elementor-inline-item\">\n\t\t\t\t\t\t\t\t\t\t\t<a href=\"\/de\/lbe\/rassen\/swiss-fleckvieh\/\">\n\n\t\t\t\t\t\t\t\t\t\t\t<span class=\"elementor-icon-list-text\">Swiss Fleckvieh<\/span>\n\t\t\t\t\t\t\t\t\t\t\t<\/a>\n\t\t\t\t\t\t\t\t\t<\/li>\n\t\t\t\t\t\t\t\t<li class=\"elementor-icon-list-item elementor-inline-item\">\n\t\t\t\t\t\t\t\t\t\t\t<a href=\"\/de\/lbe\/rassen\/simmental\/\">\n\n\t\t\t\t\t\t\t\t\t\t\t<span class=\"elementor-icon-list-text\">Simmental<\/span>\n\t\t\t\t\t\t\t\t\t\t\t<\/a>\n\t\t\t\t\t\t\t\t\t<\/li>\n\t\t\t\t\t\t\t\t<li class=\"elementor-icon-list-item elementor-inline-item\">\n\t\t\t\t\t\t\t\t\t\t\t<a href=\"\/de\/lbe\/rassen\/montbeliarde\/\">\n\n\t\t\t\t\t\t\t\t\t\t\t<span class=\"elementor-icon-list-text\">Montb\u00e9liarde<\/span>\n\t\t\t\t\t\t\t\t\t\t\t<\/a>\n\t\t\t\t\t\t\t\t\t<\/li>\n\t\t\t\t\t\t\t\t<li class=\"elementor-icon-list-item elementor-inline-item\">\n\t\t\t\t\t\t\t\t\t\t\t<a href=\"\/de\/lbe\/rassen\/eringer\/\">\n\n\t\t\t\t\t\t\t\t\t\t\t<span class=\"elementor-icon-list-text\">Eringer<\/span>\n\t\t\t\t\t\t\t\t\t\t\t<\/a>\n\t\t\t\t\t\t\t\t\t<\/li>\n\t\t\t\t\t\t<\/ul>\n\t\t\t\t\t\t<\/div>\n\t\t\t\t<\/div>\n\t\t\t\t\t<\/div>\n\t\t<\/div>\n\t\t\t\t\t<\/div>\n\t\t<\/section>\n\t\t\t\t<section class=\"has_ae_slider elementor-section elementor-top-section elementor-element elementor-element-96aff29 elementor-section-boxed elementor-section-height-default elementor-section-height-default ae-bg-gallery-type-default\" data-id=\"96aff29\" data-element_type=\"section\">\n\t\t\t\t\t\t<div class=\"elementor-container elementor-column-gap-default\">\n\t\t\t\t\t<div class=\"has_ae_slider elementor-column elementor-col-100 elementor-top-column elementor-element elementor-element-b831c91 ae-bg-gallery-type-default\" data-id=\"b831c91\" data-element_type=\"column\">\n\t\t\t<div class=\"elementor-widget-wrap elementor-element-populated\">\n\t\t\t\t\t\t<div class=\"elementor-element elementor-element-d515a62 elementor-widget elementor-widget-heading\" data-id=\"d515a62\" data-element_type=\"widget\" data-widget_type=\"heading.default\">\n\t\t\t\t<div class=\"elementor-widget-container\">\n\t\t\t\t\t<h1 class=\"elementor-heading-title elementor-size-default\">Swiss Fleckvieh<\/h1>\t\t\t\t<\/div>\n\t\t\t\t<\/div>\n\t\t\t\t\t<\/div>\n\t\t<\/div>\n\t\t\t\t\t<\/div>\n\t\t<\/section>\n\t\t\t\t<section class=\"has_ae_slider elementor-section elementor-top-section elementor-element elementor-element-7a138b8 elementor-section-boxed elementor-section-height-default elementor-section-height-default ae-bg-gallery-type-default\" data-id=\"7a138b8\" data-element_type=\"section\">\n\t\t\t\t\t\t<div class=\"elementor-container elementor-column-gap-default\">\n\t\t\t\t\t<div class=\"has_ae_slider elementor-column elementor-col-50 elementor-top-column elementor-element elementor-element-bc040d1 ae-bg-gallery-type-default\" data-id=\"bc040d1\" data-element_type=\"column\">\n\t\t\t<div class=\"elementor-widget-wrap elementor-element-populated\">\n\t\t\t\t\t\t<div class=\"elementor-element elementor-element-0333f5a elementor-widget elementor-widget-text-editor\" data-id=\"0333f5a\" data-element_type=\"widget\" data-widget_type=\"text-editor.default\">\n\t\t\t\t<div class=\"elementor-widget-container\">\n\t\t\t\t\t\t\t\t\t<p>Beim Schema Swiss Fleckvieh werden im Gegensatz zu Holstein die Merkmale Relative H\u00f6he Vorhand, Lende und Milchcharakter nicht beschrieben. Um den Zweinutzungstyp der Rasse optimal zu erfassen, beschreiben wir jedoch folgende zus\u00e4tzlichen Merkmale:<\/p><ul><li>Bemuskelung<\/li><li>Ausdruck<\/li><li>L\u00e4nge Voreuter<\/li><\/ul>\t\t\t\t\t\t\t\t<\/div>\n\t\t\t\t<\/div>\n\t\t\t\t\t<\/div>\n\t\t<\/div>\n\t\t\t\t<div class=\"has_ae_slider elementor-column elementor-col-50 elementor-top-column elementor-element elementor-element-b842d89 ae-bg-gallery-type-default\" data-id=\"b842d89\" data-element_type=\"column\">\n\t\t\t<div class=\"elementor-widget-wrap elementor-element-populated\">\n\t\t\t\t\t\t<div class=\"elementor-element elementor-element-8bc3515 elementor-widget elementor-widget-image\" data-id=\"8bc3515\" data-element_type=\"widget\" data-widget_type=\"image.default\">\n\t\t\t\t<div class=\"elementor-widget-container\">\n\t\t\t\t\t\t\t\t\t\t\t\t\t\t\t<img fetchpriority=\"high\" decoding=\"async\" width=\"547\" height=\"286\" src=\"https:\/\/linearsa.ch\/wp-content\/uploads\/2014\/07\/swiss-fleckvieh-de.jpg\" class=\"attachment-large size-large wp-image-4538\" alt=\"Swiss Fleckvieh\" srcset=\"https:\/\/linearsa.ch\/wp-content\/uploads\/2014\/07\/swiss-fleckvieh-de.jpg 547w, https:\/\/linearsa.ch\/wp-content\/uploads\/2014\/07\/swiss-fleckvieh-de-300x157.jpg 300w\" sizes=\"(max-width: 547px) 100vw, 547px\" \/>\t\t\t\t\t\t\t\t\t\t\t\t\t\t\t<\/div>\n\t\t\t\t<\/div>\n\t\t\t\t\t<\/div>\n\t\t<\/div>\n\t\t\t\t\t<\/div>\n\t\t<\/section>\n\t\t\t\t<section class=\"has_ae_slider elementor-section elementor-top-section elementor-element elementor-element-9660bfe elementor-section-boxed elementor-section-height-default elementor-section-height-default ae-bg-gallery-type-default\" data-id=\"9660bfe\" data-element_type=\"section\">\n\t\t\t\t\t\t<div class=\"elementor-container elementor-column-gap-default\">\n\t\t\t\t\t<div class=\"has_ae_slider elementor-column elementor-col-100 elementor-top-column elementor-element elementor-element-e0b4741 ae-bg-gallery-type-default\" data-id=\"e0b4741\" data-element_type=\"column\">\n\t\t\t<div class=\"elementor-widget-wrap elementor-element-populated\">\n\t\t\t\t\t\t<div class=\"elementor-element elementor-element-131d962 elementor-widget elementor-widget-text-editor\" data-id=\"131d962\" data-element_type=\"widget\" data-widget_type=\"text-editor.default\">\n\t\t\t\t<div class=\"elementor-widget-container\">\n\t\t\t\t\t\t\t\t\t<p>Die Einstufer erfassen also 23 Merkmale, aufgeteilt in die vier Bl\u00f6cke Format \/ Kapazit\u00e4t, Gliedmassen, Euter und Zitzen. In jedem Block k\u00f6nnen sie zudem Fehler erfassen, welche dann die Einstufung der jeweiligen Blocknote beeinflussen. Insgesamt sind 38 Fehler erfassbar, aufgeteilt in schwacher oder starker Auspr\u00e4gung.<br \/>Die Rassenkommission Swiss Fleckvieh entscheidet \u00fcber Merkmale, Optimas und Fehler.<br \/>Hier finden Sie das Schemablatt mit allen Merkmalen, Fehlern und Optimas f\u00fcr die Rasse Swiss Fleckvieh:<\/p><p><a href=\"https:\/\/linearsa.ch\/wp-content\/uploads\/2024\/01\/SF_D_2024.pdf\" target=\"_blank\" rel=\"noopener noreferrer\">Swiss Fleckvieh &#8211; Lineare Beschreibung und Einstufung (PDF)<\/a><\/p><p>Die Idealmasse sind auf Basis der ausgewachsenen K\u00fche festgelegt. Entsprechend der jeweiligen Entwicklung der Rasse kann dieses Idealmass in jedem Merkmal demzufolge f\u00fcr jedes Alter berechnet werden.<br \/>F\u00fcr die Eutermerkmale erfolgt die Unterscheidung nicht nach Alter, sondern nach der Anzahl Laktationen, sowie der Euterf\u00fclle. Das Prinzip ist jedoch dasselbe. Aufgrund der durchschnittlichen Entwicklung der Rasse\u00a0 und aufgrund der Erfahrungswerte zur Ver\u00e4nderung mit zunehmender Euterf\u00fclle k\u00f6nnen die eingegebenen Masse in die Noten umgerechnet werden.<br \/>Folgende Tabelle zeigt die idealen Masse in cm bei einer jungen Kuh und einer Kuh in der dritten Laktation:<\/p>\t\t\t\t\t\t\t\t<\/div>\n\t\t\t\t<\/div>\n\t\t\t\t\t<\/div>\n\t\t<\/div>\n\t\t\t\t\t<\/div>\n\t\t<\/section>\n\t\t\t\t<section class=\"has_ae_slider elementor-section elementor-top-section elementor-element elementor-element-6cb75fee elementor-section-boxed elementor-section-height-default elementor-section-height-default ae-bg-gallery-type-default\" data-id=\"6cb75fee\" data-element_type=\"section\">\n\t\t\t\t\t\t<div class=\"elementor-container elementor-column-gap-default\">\n\t\t\t\t\t<div class=\"has_ae_slider elementor-column elementor-col-100 elementor-top-column elementor-element elementor-element-18eca439 ae-bg-gallery-type-default\" data-id=\"18eca439\" data-element_type=\"column\">\n\t\t\t<div class=\"elementor-widget-wrap elementor-element-populated\">\n\t\t\t\t\t\t<div class=\"elementor-element elementor-element-55d4ad58 elementor-widget elementor-widget-text-editor\" data-id=\"55d4ad58\" data-element_type=\"widget\" data-widget_type=\"text-editor.default\">\n\t\t\t\t<div class=\"elementor-widget-container\">\n\t\t\t\t\t\t\t\t\t<table cellspacing=\"0\" cellpadding=\"0\"><tbody><tr><td><strong>Merkmal<\/strong><\/td><td style=\"text-align: center;\"><strong>Optimum in cm<\/strong><br \/>(3. Lakt. \/ 54 Mte.)<\/td><td style=\"text-align: center;\"><strong>Optimum in cm<\/strong><br \/>(1. Lakt. \/ 32 Mte.)<\/td><\/tr><tr><td><strong>Gr\u00f6sse<\/strong><\/td><td style=\"text-align: center;\">147 &#8211; 149<\/td><td style=\"text-align: center;\">146<\/td><\/tr><tr><td><strong>Beckenneigung<\/strong><\/td><td style=\"text-align: center;\">-2<\/td><td style=\"text-align: center;\">-3<\/td><\/tr><tr><td><strong>Beckenbreite<\/strong><\/td><td style=\"text-align: center;\">24<\/td><td style=\"text-align: center;\">22<\/td><\/tr><tr><td><strong>Trachtenh\u00f6he<\/strong><\/td><td style=\"text-align: center;\">4.5<\/td><td style=\"text-align: center;\">4.5<\/td><\/tr><tr><td><strong>Aufh\u00e4ngung hinten H\u00f6he <\/strong>(Euterf\u00fclle mittel)<\/td><td style=\"text-align: center;\">19<\/td><td style=\"text-align: center;\">19<\/td><\/tr><tr><td><strong>Aufh\u00e4ngung hinten Breite <\/strong>(Euterf\u00fclle mittel)<\/td><td style=\"text-align: center;\">22<\/td><td style=\"text-align: center;\">20<\/td><\/tr><tr><td><strong>Eutertiefe<\/strong><\/td><td style=\"text-align: center;\">8<\/td><td style=\"text-align: center;\">15<\/td><\/tr><tr><td><strong>Zitzenl\u00e4nge vorn<\/strong><\/td><td style=\"text-align: center;\">5.5<\/td><td style=\"text-align: center;\">5.0<\/td><\/tr><\/tbody><\/table><p>Die Gewichtungen der Fehler sind unter dem nachstehenden Link einsehbar. Dabei ist zu erw\u00e4hnen, dass die Fehler einen Einfluss auf die jeweilige Blocknote haben. Bei Bl\u00f6cken mit hoher Gewichtung in der Gesamtnote hat ein Fehler also auch einen h\u00f6heren Einfluss. Zudem gibt es innerhalb eines Blocks auch unterschiedlich hohe Abz\u00fcge. Diese wurden nach Aspekten der Langlebigkeit und Wirtschaftlichkeit bestimmt.<br \/>Gewisse Fehler sollen aus der Zucht gedr\u00e4ngt werden, weshalb sie eine sehr hohe Gewichtung erfahren (Bsp: Astloch).<br \/>Die Fehler Astloch, Doppelzitze, lebende Zusatzzitze und unproduktiver Viertel haben eine Blockierung der Euternote bei\u00a0 maximal 87 Punkten zur Folge und verhindern damit, dass die Kuh EX eingestuft werden kann.<\/p><p><a href=\"https:\/\/linearsa.ch\/wp-content\/uploads\/2024\/01\/Gewichtungen-der-Fehler-04.2023-SF-zur-Veroffentlichung.pdf\" target=\"_blank\" rel=\"noopener noreferrer\">Gewichtungen der Fehler<\/a><\/p>\t\t\t\t\t\t\t\t<\/div>\n\t\t\t\t<\/div>\n\t\t\t\t\t<\/div>\n\t\t<\/div>\n\t\t\t\t\t<\/div>\n\t\t<\/section>\n\t\t\t\t<\/div>\n\t\t","protected":false},"excerpt":{"rendered":"<p>Holstein Swiss Fleckvieh Simmental Montb\u00e9liarde Eringer Beim Schema Swiss Fleckvieh werden im Gegensatz zu Holstein die Merkmale Relative H\u00f6he Vorhand, Lende und Milchcharakter nicht beschrieben. Um den Zweinutzungstyp der Rasse optimal zu erfassen, beschreiben wir jedoch folgende zus\u00e4tzlichen Merkmale: Bemuskelung Ausdruck L\u00e4nge Voreuter Die Einstufer erfassen also 23 Merkmale, aufgeteilt in die vier Bl\u00f6cke Format [&hellip;]<\/p>\n","protected":false},"author":5,"featured_media":0,"parent":193,"menu_order":0,"comment_status":"closed","ping_status":"closed","template":"","meta":{"_monsterinsights_skip_tracking":false,"_monsterinsights_sitenote_active":false,"_monsterinsights_sitenote_note":"","_monsterinsights_sitenote_category":0,"footnotes":""},"class_list":["post-499","page","type-page","status-publish","hentry"],"_links":{"self":[{"href":"https:\/\/linearsa.ch\/de\/wp-json\/wp\/v2\/pages\/499","targetHints":{"allow":["GET"]}}],"collection":[{"href":"https:\/\/linearsa.ch\/de\/wp-json\/wp\/v2\/pages"}],"about":[{"href":"https:\/\/linearsa.ch\/de\/wp-json\/wp\/v2\/types\/page"}],"author":[{"embeddable":true,"href":"https:\/\/linearsa.ch\/de\/wp-json\/wp\/v2\/users\/5"}],"replies":[{"embeddable":true,"href":"https:\/\/linearsa.ch\/de\/wp-json\/wp\/v2\/comments?post=499"}],"version-history":[{"count":9,"href":"https:\/\/linearsa.ch\/de\/wp-json\/wp\/v2\/pages\/499\/revisions"}],"predecessor-version":[{"id":5820,"href":"https:\/\/linearsa.ch\/de\/wp-json\/wp\/v2\/pages\/499\/revisions\/5820"}],"up":[{"embeddable":true,"href":"https:\/\/linearsa.ch\/de\/wp-json\/wp\/v2\/pages\/193"}],"wp:attachment":[{"href":"https:\/\/linearsa.ch\/de\/wp-json\/wp\/v2\/media?parent=499"}],"curies":[{"name":"wp","href":"https:\/\/api.w.org\/{rel}","templated":true}]}}