{"id":497,"date":"2014-07-31T10:36:20","date_gmt":"2014-07-31T09:36:20","guid":{"rendered":"http:\/\/linearsa.ch\/?page_id=497"},"modified":"2024-01-10T15:16:06","modified_gmt":"2024-01-10T14:16:06","slug":"holstein","status":"publish","type":"page","link":"https:\/\/linearsa.ch\/de\/lbe\/rassen\/holstein\/","title":{"rendered":"Holstein"},"content":{"rendered":"\t\t<div data-elementor-type=\"wp-page\" data-elementor-id=\"497\" class=\"elementor elementor-497\" data-elementor-post-type=\"page\">\n\t\t\t\t\t\t<section class=\"has_ae_slider elementor-section elementor-top-section elementor-element elementor-element-0db83dc elementor-section-height-min-height elementor-section-boxed elementor-section-height-default elementor-section-items-middle ae-bg-gallery-type-default\" data-id=\"0db83dc\" data-element_type=\"section\" data-settings=\"{&quot;background_background&quot;:&quot;classic&quot;,&quot;background_motion_fx_motion_fx_scrolling&quot;:&quot;yes&quot;,&quot;background_motion_fx_translateY_effect&quot;:&quot;yes&quot;,&quot;background_motion_fx_translateY_direction&quot;:&quot;negative&quot;,&quot;background_motion_fx_translateY_speed&quot;:{&quot;unit&quot;:&quot;px&quot;,&quot;size&quot;:8,&quot;sizes&quot;:[]},&quot;background_motion_fx_translateY_affectedRange&quot;:{&quot;unit&quot;:&quot;%&quot;,&quot;size&quot;:&quot;&quot;,&quot;sizes&quot;:{&quot;start&quot;:0,&quot;end&quot;:100}},&quot;background_motion_fx_devices&quot;:[&quot;widescreen&quot;,&quot;desktop&quot;,&quot;laptop&quot;,&quot;tablet_extra&quot;,&quot;tablet&quot;,&quot;mobile_extra&quot;,&quot;mobile&quot;]}\">\n\t\t\t\t\t\t<div class=\"elementor-container elementor-column-gap-default\">\n\t\t\t\t\t<div class=\"has_ae_slider elementor-column elementor-col-100 elementor-top-column elementor-element elementor-element-050f112 ae-bg-gallery-type-default\" data-id=\"050f112\" data-element_type=\"column\">\n\t\t\t<div class=\"elementor-widget-wrap elementor-element-populated\">\n\t\t\t\t\t\t<div class=\"elementor-element elementor-element-fdaeba9 elementor-icon-list--layout-inline elementor-align-center elementor-list-item-link-full_width elementor-widget elementor-widget-icon-list\" data-id=\"fdaeba9\" data-element_type=\"widget\" data-widget_type=\"icon-list.default\">\n\t\t\t\t<div class=\"elementor-widget-container\">\n\t\t\t\t\t\t\t<ul class=\"elementor-icon-list-items elementor-inline-items\">\n\t\t\t\t\t\t\t<li class=\"elementor-icon-list-item elementor-inline-item\">\n\t\t\t\t\t\t\t\t\t\t\t<a href=\"\/de\/lbe\/rassen\/holstein\/\">\n\n\t\t\t\t\t\t\t\t\t\t\t<span class=\"elementor-icon-list-text\">Holstein<\/span>\n\t\t\t\t\t\t\t\t\t\t\t<\/a>\n\t\t\t\t\t\t\t\t\t<\/li>\n\t\t\t\t\t\t\t\t<li class=\"elementor-icon-list-item elementor-inline-item\">\n\t\t\t\t\t\t\t\t\t\t\t<a href=\"\/de\/lbe\/rassen\/swiss-fleckvieh\/\">\n\n\t\t\t\t\t\t\t\t\t\t\t<span class=\"elementor-icon-list-text\">Swiss Fleckvieh<\/span>\n\t\t\t\t\t\t\t\t\t\t\t<\/a>\n\t\t\t\t\t\t\t\t\t<\/li>\n\t\t\t\t\t\t\t\t<li class=\"elementor-icon-list-item elementor-inline-item\">\n\t\t\t\t\t\t\t\t\t\t\t<a href=\"\/de\/lbe\/rassen\/simmental\/\">\n\n\t\t\t\t\t\t\t\t\t\t\t<span class=\"elementor-icon-list-text\">Simmental<\/span>\n\t\t\t\t\t\t\t\t\t\t\t<\/a>\n\t\t\t\t\t\t\t\t\t<\/li>\n\t\t\t\t\t\t\t\t<li class=\"elementor-icon-list-item elementor-inline-item\">\n\t\t\t\t\t\t\t\t\t\t\t<a href=\"\/de\/lbe\/rassen\/montbeliarde\/\">\n\n\t\t\t\t\t\t\t\t\t\t\t<span class=\"elementor-icon-list-text\">Montb\u00e9liarde<\/span>\n\t\t\t\t\t\t\t\t\t\t\t<\/a>\n\t\t\t\t\t\t\t\t\t<\/li>\n\t\t\t\t\t\t\t\t<li class=\"elementor-icon-list-item elementor-inline-item\">\n\t\t\t\t\t\t\t\t\t\t\t<a href=\"\/de\/lbe\/rassen\/eringer\/\">\n\n\t\t\t\t\t\t\t\t\t\t\t<span class=\"elementor-icon-list-text\">Eringer<\/span>\n\t\t\t\t\t\t\t\t\t\t\t<\/a>\n\t\t\t\t\t\t\t\t\t<\/li>\n\t\t\t\t\t\t<\/ul>\n\t\t\t\t\t\t<\/div>\n\t\t\t\t<\/div>\n\t\t\t\t\t<\/div>\n\t\t<\/div>\n\t\t\t\t\t<\/div>\n\t\t<\/section>\n\t\t\t\t<section class=\"has_ae_slider elementor-section elementor-top-section elementor-element elementor-element-8349aa6 elementor-section-boxed elementor-section-height-default elementor-section-height-default ae-bg-gallery-type-default\" data-id=\"8349aa6\" data-element_type=\"section\">\n\t\t\t\t\t\t<div class=\"elementor-container elementor-column-gap-default\">\n\t\t\t\t\t<div class=\"has_ae_slider elementor-column elementor-col-100 elementor-top-column elementor-element elementor-element-4d68aec ae-bg-gallery-type-default\" data-id=\"4d68aec\" data-element_type=\"column\">\n\t\t\t<div class=\"elementor-widget-wrap elementor-element-populated\">\n\t\t\t\t\t\t<div class=\"elementor-element elementor-element-b6bf35b elementor-widget elementor-widget-heading\" data-id=\"b6bf35b\" data-element_type=\"widget\" data-widget_type=\"heading.default\">\n\t\t\t\t<div class=\"elementor-widget-container\">\n\t\t\t\t\t<h1 class=\"elementor-heading-title elementor-size-default\">Holstein<\/h1>\t\t\t\t<\/div>\n\t\t\t\t<\/div>\n\t\t\t\t\t<\/div>\n\t\t<\/div>\n\t\t\t\t\t<\/div>\n\t\t<\/section>\n\t\t\t\t<section class=\"has_ae_slider elementor-section elementor-top-section elementor-element elementor-element-991c1ad elementor-section-boxed elementor-section-height-default elementor-section-height-default ae-bg-gallery-type-default\" data-id=\"991c1ad\" data-element_type=\"section\">\n\t\t\t\t\t\t<div class=\"elementor-container elementor-column-gap-default\">\n\t\t\t\t\t<div class=\"has_ae_slider elementor-column elementor-col-50 elementor-top-column elementor-element elementor-element-83fad62 ae-bg-gallery-type-default\" data-id=\"83fad62\" data-element_type=\"column\">\n\t\t\t<div class=\"elementor-widget-wrap elementor-element-populated\">\n\t\t\t\t\t\t<div class=\"elementor-element elementor-element-040e953 elementor-widget elementor-widget-text-editor\" data-id=\"040e953\" data-element_type=\"widget\" data-widget_type=\"text-editor.default\">\n\t\t\t\t<div class=\"elementor-widget-container\">\n\t\t\t\t\t\t\t\t\t<p>Red Holstein- und Holstein-Tiere werden nach dem gleichen gemeinsamen Schema beschrieben. Dabei erfassen die Einstufer 23 Merkmale, aufgeteilt in die vier Bl\u00f6cke Format \/ Kapazit\u00e4t, Becken, Gliedmassen und Euter. In jedem Block k\u00f6nnen sie zudem Fehler erfassen, welche dann die Einstufung der jeweiligen Blocknote beeinflussen. Insgesamt sind 39 Fehler erfassbar, aufgeteilt in schwacher oder starker Auspr\u00e4gung.<br \/>Die Merkmale, sowie die Optimas und die Fehler legt die Schemakommission fest.<br \/>Hier finden Sie das Schemablatt mit allen Merkmalen, Fehlern und Optimas f\u00fcr die Rasse Holstein:<\/p><p><a href=\"\/wp-content\/uploads\/2024\/01\/Schema-HOL_9.2025.pdf\" target=\"_blank\" rel=\"noopener noreferrer\">Holstein &#8211; Lineare Beschreibung und Einstufung (PDF)<\/a><\/p>\t\t\t\t\t\t\t\t<\/div>\n\t\t\t\t<\/div>\n\t\t\t\t\t<\/div>\n\t\t<\/div>\n\t\t\t\t<div class=\"has_ae_slider elementor-column elementor-col-50 elementor-top-column elementor-element elementor-element-7cdf14d ae-bg-gallery-type-default\" data-id=\"7cdf14d\" data-element_type=\"column\">\n\t\t\t<div class=\"elementor-widget-wrap elementor-element-populated\">\n\t\t\t\t\t\t<div class=\"elementor-element elementor-element-263bde4 elementor-widget elementor-widget-image\" data-id=\"263bde4\" data-element_type=\"widget\" data-widget_type=\"image.default\">\n\t\t\t\t<div class=\"elementor-widget-container\">\n\t\t\t\t\t\t\t\t\t\t\t\t\t\t\t<img fetchpriority=\"high\" decoding=\"async\" width=\"286\" height=\"286\" src=\"https:\/\/linearsa.ch\/wp-content\/uploads\/2014\/07\/race-holstein-fr.jpg\" class=\"attachment-large size-large wp-image-4516\" alt=\"Holstein\" srcset=\"https:\/\/linearsa.ch\/wp-content\/uploads\/2014\/07\/race-holstein-fr.jpg 286w, https:\/\/linearsa.ch\/wp-content\/uploads\/2014\/07\/race-holstein-fr-150x150.jpg 150w\" sizes=\"(max-width: 286px) 100vw, 286px\" \/>\t\t\t\t\t\t\t\t\t\t\t\t\t\t\t<\/div>\n\t\t\t\t<\/div>\n\t\t\t\t\t<\/div>\n\t\t<\/div>\n\t\t\t\t\t<\/div>\n\t\t<\/section>\n\t\t\t\t<section class=\"has_ae_slider elementor-section elementor-top-section elementor-element elementor-element-aaead0a elementor-section-boxed elementor-section-height-default elementor-section-height-default ae-bg-gallery-type-default\" data-id=\"aaead0a\" data-element_type=\"section\">\n\t\t\t\t\t\t<div class=\"elementor-container elementor-column-gap-default\">\n\t\t\t\t\t<div class=\"has_ae_slider elementor-column elementor-col-100 elementor-top-column elementor-element elementor-element-53db09b ae-bg-gallery-type-default\" data-id=\"53db09b\" data-element_type=\"column\">\n\t\t\t<div class=\"elementor-widget-wrap elementor-element-populated\">\n\t\t\t\t\t\t<div class=\"elementor-element elementor-element-ba030f4 elementor-widget elementor-widget-text-editor\" data-id=\"ba030f4\" data-element_type=\"widget\" data-widget_type=\"text-editor.default\">\n\t\t\t\t<div class=\"elementor-widget-container\">\n\t\t\t\t\t\t\t\t\t<p>Die Idealmasse sind auf Basis der ausgewachsenen K\u00fche festgelegt. Entsprechend der jeweiligen Entwicklung der Rasse kann dieses Idealmass in jedem Merkmal demzufolge f\u00fcr jedes Alter berechnet werden.<\/p><p>F\u00fcr die Eutermerkmale erfolgt die Unterscheidung nicht nach Alter, sondern nach der Anzahl Laktationen, sowie der Euterf\u00fclle. Das Prinzip ist jedoch dasselbe. Aufgrund der durchschnittlichen Entwicklung der Rasse\u00a0 und aufgrund der Erfahrungswerte zur Ver\u00e4nderung mit zunehmender Euterf\u00fclle k\u00f6nnen die eingegebenen Masse in die Noten umgerechnet werden. Die Aufh\u00e4ngung hinten H\u00f6he und die Eutertiefe werden zudem in Abh\u00e4ngigkeit mit der Gr\u00f6sse berechnet.<br \/>Folgende Tabelle zeigt die idealen Masse in cm bei einer jungen Kuh und einer Kuh in der dritten Laktation, jeweils mit durchschnittlicher Gr\u00f6sse:<\/p>\t\t\t\t\t\t\t\t<\/div>\n\t\t\t\t<\/div>\n\t\t\t\t\t<\/div>\n\t\t<\/div>\n\t\t\t\t\t<\/div>\n\t\t<\/section>\n\t\t\t\t<section class=\"has_ae_slider elementor-section elementor-top-section elementor-element elementor-element-34e2510 elementor-section-boxed elementor-section-height-default elementor-section-height-default ae-bg-gallery-type-default\" data-id=\"34e2510\" data-element_type=\"section\">\n\t\t\t\t\t\t<div class=\"elementor-container elementor-column-gap-default\">\n\t\t\t\t\t<div class=\"has_ae_slider elementor-column elementor-col-100 elementor-top-column elementor-element elementor-element-b99f9a0 ae-bg-gallery-type-default\" data-id=\"b99f9a0\" data-element_type=\"column\">\n\t\t\t<div class=\"elementor-widget-wrap elementor-element-populated\">\n\t\t\t\t\t\t<div class=\"elementor-element elementor-element-b17e9ab elementor-widget elementor-widget-text-editor\" data-id=\"b17e9ab\" data-element_type=\"widget\" data-widget_type=\"text-editor.default\">\n\t\t\t\t<div class=\"elementor-widget-container\">\n\t\t\t\t\t\t\t\t\t<table cellspacing=\"0\" cellpadding=\"0\">\n<tbody>\n<tr>\n<td><strong>Merkmal<\/strong><\/td>\n<td style=\"text-align: center;\"><strong>Optimum in cm<\/strong>\n(3. Lakt. \/ 54 Mte.)<\/td>\n<td style=\"text-align: center;\"><strong>Optimum in cm<\/strong>\n(1. Lakt. \/ 32 Mte.)<\/td>\n<\/tr>\n<tr>\n<td><strong>Gr\u00f6sse<\/strong><\/td>\n<td style=\"text-align: center;\">155<\/td>\n<td style=\"text-align: center;\">152<\/td>\n<\/tr>\n<tr>\n<td><strong>Relative H\u00f6he Vorhand<\/strong><\/td>\n<td style=\"text-align: center;\">3<\/td>\n<td style=\"text-align: center;\">1<\/td>\n<\/tr>\n<tr>\n<td><strong>Beckenneigung<\/strong><\/td>\n<td style=\"text-align: center;\">-2<\/td>\n<td style=\"text-align: center;\">-3<\/td>\n<\/tr>\n<tr>\n<td><strong>Beckenbreite<\/strong><\/td>\n<td style=\"text-align: center;\">25<\/td>\n<td style=\"text-align: center;\">23<\/td>\n<\/tr>\n<tr>\n<td><strong>Trachtenh\u00f6he<\/strong><\/td>\n<td style=\"text-align: center;\">4.5<\/td>\n<td style=\"text-align: center;\">4.5<\/td>\n<\/tr>\n<tr>\n<td><strong>Aufh\u00e4ngung hinten H\u00f6he <\/strong>(Euterf\u00fclle mittel)<\/td>\n<td style=\"text-align: center;\">18<\/td>\n<td style=\"text-align: center;\">18<\/td>\n<\/tr>\n<tr>\n<td><strong>Aufh\u00e4ngung hinten Breite <\/strong>(Euterf\u00fclle mittel)<\/td>\n<td style=\"text-align: center;\">23<\/td>\n<td style=\"text-align: center;\">21<\/td>\n<\/tr>\n<tr>\n<td><strong>Eutertiefe<\/strong><\/td>\n<td style=\"text-align: center;\">\u00a07<\/td>\n<td style=\"text-align: center;\">15<\/td>\n<\/tr>\n<tr>\n<td><strong>Zitzenl\u00e4nge vorn<\/strong><\/td>\n<td style=\"text-align: center;\">5.5<\/td>\n<td style=\"text-align: center;\">5.0<\/td>\n<\/tr>\n<\/tbody>\n<\/table>\t\t\t\t\t\t\t\t<\/div>\n\t\t\t\t<\/div>\n\t\t\t\t\t<\/div>\n\t\t<\/div>\n\t\t\t\t\t<\/div>\n\t\t<\/section>\n\t\t\t\t<section class=\"has_ae_slider elementor-section elementor-top-section elementor-element elementor-element-717a6ba elementor-section-boxed elementor-section-height-default elementor-section-height-default ae-bg-gallery-type-default\" data-id=\"717a6ba\" data-element_type=\"section\">\n\t\t\t\t\t\t<div class=\"elementor-container elementor-column-gap-default\">\n\t\t\t\t\t<div class=\"has_ae_slider elementor-column elementor-col-100 elementor-top-column elementor-element elementor-element-700a966c ae-bg-gallery-type-default\" data-id=\"700a966c\" data-element_type=\"column\">\n\t\t\t<div class=\"elementor-widget-wrap elementor-element-populated\">\n\t\t\t\t\t\t<div class=\"elementor-element elementor-element-4bf194c1 elementor-widget elementor-widget-text-editor\" data-id=\"4bf194c1\" data-element_type=\"widget\" data-widget_type=\"text-editor.default\">\n\t\t\t\t<div class=\"elementor-widget-container\">\n\t\t\t\t\t\t\t\t\t<p>Die Gewichtungen der Fehler sind unter dem nachstehenden Link einsehbar. Dabei ist zu erw\u00e4hnen, dass die Fehler einen Einfluss auf die jeweilige Blocknote haben. Bei Bl\u00f6cken mit hoher Gewichtung in der Gesamtnote hat ein Fehler also auch einen h\u00f6heren Einfluss. Zudem gibt es innerhalb eines Blocks auch unterschiedlich hohe Abz\u00fcge. Diese wurden nach Aspekten der Langlebigkeit und Wirtschaftlichkeit bestimmt.<br \/>Gewisse Fehler sollen aus der Zucht gedr\u00e4ngt werden, weshalb sie eine sehr hohe Gewichtung erfahren (Bsp: Astloch).<br \/>Die Fehler Astloch, Doppelzitze, lebende Zusatzzitze und unproduktiver Viertel haben eine Blockierung der Euternote bei\u00a0 maximal 87 Punkten zur Folge und verhindern damit, dass die Kuh EX eingestuft werden kann.<\/p><p><a href=\"\/wp-content\/uploads\/2014\/04\/Gewichtungen-der-Fehler-09.2016-HOL-zur-Veroeffentlichung.pdf\" target=\"_blank\" rel=\"noopener noreferrer\">Gewichtungen der Fehler<\/a><\/p>\t\t\t\t\t\t\t\t<\/div>\n\t\t\t\t<\/div>\n\t\t\t\t\t<\/div>\n\t\t<\/div>\n\t\t\t\t\t<\/div>\n\t\t<\/section>\n\t\t\t\t<\/div>\n\t\t","protected":false},"excerpt":{"rendered":"<p>Holstein Swiss Fleckvieh Simmental Montb\u00e9liarde Eringer Red Holstein- und Holstein-Tiere werden nach dem gleichen gemeinsamen Schema beschrieben. Dabei erfassen die Einstufer 23 Merkmale, aufgeteilt in die vier Bl\u00f6cke Format \/ Kapazit\u00e4t, Becken, Gliedmassen und Euter. In jedem Block k\u00f6nnen sie zudem Fehler erfassen, welche dann die Einstufung der jeweiligen Blocknote beeinflussen. Insgesamt sind 39 Fehler [&hellip;]<\/p>\n","protected":false},"author":5,"featured_media":0,"parent":193,"menu_order":0,"comment_status":"closed","ping_status":"closed","template":"","meta":{"_monsterinsights_skip_tracking":false,"_monsterinsights_sitenote_active":false,"_monsterinsights_sitenote_note":"","_monsterinsights_sitenote_category":0,"footnotes":""},"class_list":["post-497","page","type-page","status-publish","hentry"],"_links":{"self":[{"href":"https:\/\/linearsa.ch\/de\/wp-json\/wp\/v2\/pages\/497","targetHints":{"allow":["GET"]}}],"collection":[{"href":"https:\/\/linearsa.ch\/de\/wp-json\/wp\/v2\/pages"}],"about":[{"href":"https:\/\/linearsa.ch\/de\/wp-json\/wp\/v2\/types\/page"}],"author":[{"embeddable":true,"href":"https:\/\/linearsa.ch\/de\/wp-json\/wp\/v2\/users\/5"}],"replies":[{"embeddable":true,"href":"https:\/\/linearsa.ch\/de\/wp-json\/wp\/v2\/comments?post=497"}],"version-history":[{"count":6,"href":"https:\/\/linearsa.ch\/de\/wp-json\/wp\/v2\/pages\/497\/revisions"}],"predecessor-version":[{"id":5812,"href":"https:\/\/linearsa.ch\/de\/wp-json\/wp\/v2\/pages\/497\/revisions\/5812"}],"up":[{"embeddable":true,"href":"https:\/\/linearsa.ch\/de\/wp-json\/wp\/v2\/pages\/193"}],"wp:attachment":[{"href":"https:\/\/linearsa.ch\/de\/wp-json\/wp\/v2\/media?parent=497"}],"curies":[{"name":"wp","href":"https:\/\/api.w.org\/{rel}","templated":true}]}}