{"id":469,"date":"2014-07-30T13:47:40","date_gmt":"2014-07-30T12:47:40","guid":{"rendered":"http:\/\/linearsa.ch\/?page_id=469"},"modified":"2024-01-10T15:06:25","modified_gmt":"2024-01-10T14:06:25","slug":"stiere","status":"publish","type":"page","link":"https:\/\/linearsa.ch\/de\/lbe\/stiere\/","title":{"rendered":"Stiere"},"content":{"rendered":"\t\t<div data-elementor-type=\"wp-page\" data-elementor-id=\"469\" class=\"elementor elementor-469\" data-elementor-post-type=\"page\">\n\t\t\t\t\t\t<section class=\"has_ae_slider elementor-section elementor-top-section elementor-element elementor-element-7e76d96 elementor-section-height-min-height elementor-section-boxed elementor-section-height-default elementor-section-items-middle ae-bg-gallery-type-default\" data-id=\"7e76d96\" data-element_type=\"section\" data-settings=\"{&quot;background_background&quot;:&quot;classic&quot;}\">\n\t\t\t\t\t\t<div class=\"elementor-container elementor-column-gap-default\">\n\t\t\t\t\t<div class=\"has_ae_slider elementor-column elementor-col-100 elementor-top-column elementor-element elementor-element-474451a ae-bg-gallery-type-default\" data-id=\"474451a\" data-element_type=\"column\">\n\t\t\t<div class=\"elementor-widget-wrap elementor-element-populated\">\n\t\t\t\t\t\t<div class=\"elementor-element elementor-element-7939dee elementor-icon-list--layout-inline elementor-align-center elementor-list-item-link-full_width elementor-widget elementor-widget-icon-list\" data-id=\"7939dee\" data-element_type=\"widget\" data-widget_type=\"icon-list.default\">\n\t\t\t\t<div class=\"elementor-widget-container\">\n\t\t\t\t\t\t\t<ul class=\"elementor-icon-list-items elementor-inline-items\">\n\t\t\t\t\t\t\t<li class=\"elementor-icon-list-item elementor-inline-item\">\n\t\t\t\t\t\t\t\t\t\t\t<a href=\"\/de\/klassifikation\/lineare-beschreibung\/\">\n\n\t\t\t\t\t\t\t\t\t\t\t<span class=\"elementor-icon-list-text\">Lineare Beschreibung<\/span>\n\t\t\t\t\t\t\t\t\t\t\t<\/a>\n\t\t\t\t\t\t\t\t\t<\/li>\n\t\t\t\t\t\t\t\t<li class=\"elementor-icon-list-item elementor-inline-item\">\n\t\t\t\t\t\t\t\t\t\t\t<a href=\"\/de\/lineare-beschreibung-und-einstufung\/einstufung\/\">\n\n\t\t\t\t\t\t\t\t\t\t\t<span class=\"elementor-icon-list-text\">Einstufung<\/span>\n\t\t\t\t\t\t\t\t\t\t\t<\/a>\n\t\t\t\t\t\t\t\t\t<\/li>\n\t\t\t\t\t\t\t\t<li class=\"elementor-icon-list-item elementor-inline-item\">\n\t\t\t\t\t\t\t\t\t\t\t<a href=\"\/de\/lineare-beschreibung-und-einstufung\/rassen\/\">\n\n\t\t\t\t\t\t\t\t\t\t\t<span class=\"elementor-icon-list-text\">Rassen<\/span>\n\t\t\t\t\t\t\t\t\t\t\t<\/a>\n\t\t\t\t\t\t\t\t\t<\/li>\n\t\t\t\t\t\t\t\t<li class=\"elementor-icon-list-item elementor-inline-item\">\n\t\t\t\t\t\t\t\t\t\t\t<a href=\"\/de\/lineare-beschreibung-und-einstufung\/stiere\/\">\n\n\t\t\t\t\t\t\t\t\t\t\t<span class=\"elementor-icon-list-text\">Stiere<\/span>\n\t\t\t\t\t\t\t\t\t\t\t<\/a>\n\t\t\t\t\t\t\t\t\t<\/li>\n\t\t\t\t\t\t\t\t<li class=\"elementor-icon-list-item elementor-inline-item\">\n\t\t\t\t\t\t\t\t\t\t\t<a href=\"\/de\/lineare-beschreibung-und-einstufung\/statistiken\/\">\n\n\t\t\t\t\t\t\t\t\t\t\t<span class=\"elementor-icon-list-text\">Statistiken<\/span>\n\t\t\t\t\t\t\t\t\t\t\t<\/a>\n\t\t\t\t\t\t\t\t\t<\/li>\n\t\t\t\t\t\t<\/ul>\n\t\t\t\t\t\t<\/div>\n\t\t\t\t<\/div>\n\t\t\t\t\t<\/div>\n\t\t<\/div>\n\t\t\t\t\t<\/div>\n\t\t<\/section>\n\t\t\t\t<section class=\"has_ae_slider elementor-section elementor-top-section elementor-element elementor-element-f09dfeb elementor-section-boxed elementor-section-height-default elementor-section-height-default ae-bg-gallery-type-default\" data-id=\"f09dfeb\" data-element_type=\"section\">\n\t\t\t\t\t\t<div class=\"elementor-container elementor-column-gap-default\">\n\t\t\t\t\t<div class=\"has_ae_slider elementor-column elementor-col-100 elementor-top-column elementor-element elementor-element-75da018 ae-bg-gallery-type-default\" data-id=\"75da018\" data-element_type=\"column\">\n\t\t\t<div class=\"elementor-widget-wrap elementor-element-populated\">\n\t\t\t\t\t\t<div class=\"elementor-element elementor-element-216693e elementor-widget elementor-widget-heading\" data-id=\"216693e\" data-element_type=\"widget\" data-widget_type=\"heading.default\">\n\t\t\t\t<div class=\"elementor-widget-container\">\n\t\t\t\t\t<h1 class=\"elementor-heading-title elementor-size-default\">Stiere<\/h1>\t\t\t\t<\/div>\n\t\t\t\t<\/div>\n\t\t\t\t\t<\/div>\n\t\t<\/div>\n\t\t\t\t\t<\/div>\n\t\t<\/section>\n\t\t\t\t<section class=\"has_ae_slider elementor-section elementor-top-section elementor-element elementor-element-e71dd1e elementor-section-boxed elementor-section-height-default elementor-section-height-default ae-bg-gallery-type-default\" data-id=\"e71dd1e\" data-element_type=\"section\">\n\t\t\t\t\t\t<div class=\"elementor-container elementor-column-gap-default\">\n\t\t\t\t\t<div class=\"has_ae_slider elementor-column elementor-col-66 elementor-top-column elementor-element elementor-element-9b2d2ee ae-bg-gallery-type-default\" data-id=\"9b2d2ee\" data-element_type=\"column\">\n\t\t\t<div class=\"elementor-widget-wrap elementor-element-populated\">\n\t\t\t\t\t\t<div class=\"elementor-element elementor-element-5227a58 elementor-widget elementor-widget-text-editor\" data-id=\"5227a58\" data-element_type=\"widget\" data-widget_type=\"text-editor.default\">\n\t\t\t\t<div class=\"elementor-widget-container\">\n\t\t\t\t\t\t\t\t\t<p>F\u00fcr alle Rassen wurde entsprechend dem Schema f\u00fcr weibliche Tiere auch ein Schema f\u00fcr die LBE der Stiere entwickelt. Dabei sind die Masse auf das jeweilige Alter der Stiere angepasst und die Gewichtungen im Gegensatz zum Schema der K\u00fche leicht verschoben.<\/p><p>Stiere k\u00f6nnen ab dem Alter von sieben Monaten beschrieben werden. Zwischen zwei Einstufungen muss ein Mindestintervall von 3 Monaten eingehalten werden.<\/p><p>Bei Stieren gelten folgende H\u00f6chstnoten:<\/p><table><tbody><tr><td colspan=\"2\" width=\"213\"><strong>H\u00f6chstnoten nach Alter<\/strong><\/td><\/tr><tr><td width=\"106\">7 &#8211; 17 Monate<\/td><td width=\"106\"><b>VG-88<\/b><\/td><\/tr><tr><td width=\"106\">18 &#8211; 23 Monate<\/td><td width=\"106\"><b>VG-89<\/b><\/td><\/tr><tr><td width=\"106\">24 &#8211; 35 Monate<\/td><td width=\"106\"><b>EX-95<\/b><\/td><\/tr><tr><td width=\"106\">Ab 36 Monaten<\/td><td width=\"106\"><b>EX-97<\/b><\/td><\/tr><\/tbody><\/table>\t\t\t\t\t\t\t\t<\/div>\n\t\t\t\t<\/div>\n\t\t\t\t\t<\/div>\n\t\t<\/div>\n\t\t\t\t<div class=\"has_ae_slider elementor-column elementor-col-33 elementor-top-column elementor-element elementor-element-558422d ae-bg-gallery-type-default\" data-id=\"558422d\" data-element_type=\"column\">\n\t\t\t<div class=\"elementor-widget-wrap elementor-element-populated\">\n\t\t\t\t\t\t<div class=\"elementor-element elementor-element-1dba92c elementor-widget elementor-widget-image\" data-id=\"1dba92c\" data-element_type=\"widget\" data-widget_type=\"image.default\">\n\t\t\t\t<div class=\"elementor-widget-container\">\n\t\t\t\t\t\t\t\t\t\t\t\t\t\t\t<img fetchpriority=\"high\" decoding=\"async\" width=\"286\" height=\"286\" src=\"https:\/\/linearsa.ch\/wp-content\/uploads\/2014\/07\/taureaux.jpg\" class=\"attachment-large size-large wp-image-4542\" alt=\"\" srcset=\"https:\/\/linearsa.ch\/wp-content\/uploads\/2014\/07\/taureaux.jpg 286w, https:\/\/linearsa.ch\/wp-content\/uploads\/2014\/07\/taureaux-150x150.jpg 150w\" sizes=\"(max-width: 286px) 100vw, 286px\" \/>\t\t\t\t\t\t\t\t\t\t\t\t\t\t\t<\/div>\n\t\t\t\t<\/div>\n\t\t\t\t\t<\/div>\n\t\t<\/div>\n\t\t\t\t\t<\/div>\n\t\t<\/section>\n\t\t\t\t<section class=\"has_ae_slider elementor-section elementor-top-section elementor-element elementor-element-22387da4 elementor-section-boxed elementor-section-height-default elementor-section-height-default ae-bg-gallery-type-default\" data-id=\"22387da4\" data-element_type=\"section\">\n\t\t\t\t\t\t<div class=\"elementor-container elementor-column-gap-default\">\n\t\t\t\t\t<div class=\"has_ae_slider elementor-column elementor-col-100 elementor-top-column elementor-element elementor-element-4f06d4bb ae-bg-gallery-type-default\" data-id=\"4f06d4bb\" data-element_type=\"column\">\n\t\t\t<div class=\"elementor-widget-wrap elementor-element-populated\">\n\t\t\t\t\t\t<div class=\"elementor-element elementor-element-2494e778 elementor-widget elementor-widget-text-editor\" data-id=\"2494e778\" data-element_type=\"widget\" data-widget_type=\"text-editor.default\">\n\t\t\t\t<div class=\"elementor-widget-container\">\n\t\t\t\t\t\t\t\t\t<p>Die h\u00f6chste Klasse \u201eExzellent\u201c kann ab 2 Jahren erreicht werden. Bei Stieren gibt es keine Best\u00e4tigung der H\u00f6chstnoten.<\/p><p>Die Anmeldung zur LBE erfolgt mittels Anruf beim jeweiligen Zuchtverband. Beim Schweizerischen Holsteinzuchtverband kann zudem online \u00fcber holsteinvision angemeldet werden. Die Zuchtverb\u00e4nde sind auch f\u00fcr die Bedingungen zur Herdebuchaufnahme verantwortlich.<\/p><p>Hier finden Sie die Schemen der Stiere aller Rassen:<\/p><ul><li><a href=\"https:\/\/linearsa.ch\/wp-content\/uploads\/2024\/01\/Schema-Stiere-HOL_9.2024.pdf\" target=\"_blank\" rel=\"noopener noreferrer\">Holstein<\/a><\/li><li><a href=\"https:\/\/linearsa.ch\/wp-content\/uploads\/2024\/01\/Schema-Stiere-SF_9.2024.pdf\" target=\"_blank\" rel=\"noopener noreferrer\">Swiss Fleckvieh<\/a><\/li><li><a href=\"https:\/\/linearsa.ch\/wp-content\/uploads\/2024\/01\/Schema-Stiere-SIM_9.2024.pdf\" target=\"_blank\" rel=\"noopener noreferrer\">Simmental<\/a><\/li><li><a href=\"https:\/\/linearsa.ch\/wp-content\/uploads\/2024\/01\/Schema-Stiere-MON_9.2024.pdf\" target=\"_blank\" rel=\"noopener noreferrer\">Montb\u00e9liarde<\/a><\/li><li><a href=\"https:\/\/linearsa.ch\/wp-content\/uploads\/2024\/01\/Schema-HRSM2024_d.pdf\" target=\"_blank\" rel=\"noopener noreferrer\">Eringer<\/a><\/li><\/ul>\t\t\t\t\t\t\t\t<\/div>\n\t\t\t\t<\/div>\n\t\t\t\t\t<\/div>\n\t\t<\/div>\n\t\t\t\t\t<\/div>\n\t\t<\/section>\n\t\t\t\t<\/div>\n\t\t","protected":false},"excerpt":{"rendered":"<p>Lineare Beschreibung Einstufung Rassen Stiere Statistiken F\u00fcr alle Rassen wurde entsprechend dem Schema f\u00fcr weibliche Tiere auch ein Schema f\u00fcr die LBE der Stiere entwickelt. Dabei sind die Masse auf das jeweilige Alter der Stiere angepasst und die Gewichtungen im Gegensatz zum Schema der K\u00fche leicht verschoben. Stiere k\u00f6nnen ab dem Alter von sieben Monaten [&hellip;]<\/p>\n","protected":false},"author":5,"featured_media":0,"parent":17,"menu_order":4,"comment_status":"closed","ping_status":"closed","template":"","meta":{"_monsterinsights_skip_tracking":false,"_monsterinsights_sitenote_active":false,"_monsterinsights_sitenote_note":"","_monsterinsights_sitenote_category":0,"footnotes":""},"class_list":["post-469","page","type-page","status-publish","hentry"],"_links":{"self":[{"href":"https:\/\/linearsa.ch\/de\/wp-json\/wp\/v2\/pages\/469","targetHints":{"allow":["GET"]}}],"collection":[{"href":"https:\/\/linearsa.ch\/de\/wp-json\/wp\/v2\/pages"}],"about":[{"href":"https:\/\/linearsa.ch\/de\/wp-json\/wp\/v2\/types\/page"}],"author":[{"embeddable":true,"href":"https:\/\/linearsa.ch\/de\/wp-json\/wp\/v2\/users\/5"}],"replies":[{"embeddable":true,"href":"https:\/\/linearsa.ch\/de\/wp-json\/wp\/v2\/comments?post=469"}],"version-history":[{"count":15,"href":"https:\/\/linearsa.ch\/de\/wp-json\/wp\/v2\/pages\/469\/revisions"}],"predecessor-version":[{"id":5809,"href":"https:\/\/linearsa.ch\/de\/wp-json\/wp\/v2\/pages\/469\/revisions\/5809"}],"up":[{"embeddable":true,"href":"https:\/\/linearsa.ch\/de\/wp-json\/wp\/v2\/pages\/17"}],"wp:attachment":[{"href":"https:\/\/linearsa.ch\/de\/wp-json\/wp\/v2\/media?parent=469"}],"curies":[{"name":"wp","href":"https:\/\/api.w.org\/{rel}","templated":true}]}}