{"id":199,"date":"2014-04-14T08:59:07","date_gmt":"2014-04-14T07:59:07","guid":{"rendered":"http:\/\/linearsa.ch\/?page_id=199"},"modified":"2025-09-02T11:53:33","modified_gmt":"2025-09-02T09:53:33","slug":"planung-der-besuche","status":"publish","type":"page","link":"https:\/\/linearsa.ch\/de\/services\/planung-der-besuche\/","title":{"rendered":"Planung der Besuche"},"content":{"rendered":"\t\t<div data-elementor-type=\"wp-page\" data-elementor-id=\"199\" class=\"elementor elementor-199\" data-elementor-post-type=\"page\">\n\t\t\t\t\t\t<section class=\"has_ae_slider elementor-section elementor-top-section elementor-element elementor-element-6adf5fe elementor-section-height-min-height elementor-section-boxed elementor-section-height-default elementor-section-items-middle ae-bg-gallery-type-default\" data-id=\"6adf5fe\" data-element_type=\"section\" data-settings=\"{&quot;background_background&quot;:&quot;classic&quot;,&quot;background_motion_fx_motion_fx_scrolling&quot;:&quot;yes&quot;,&quot;background_motion_fx_translateY_effect&quot;:&quot;yes&quot;,&quot;background_motion_fx_translateY_direction&quot;:&quot;negative&quot;,&quot;background_motion_fx_translateY_speed&quot;:{&quot;unit&quot;:&quot;px&quot;,&quot;size&quot;:8,&quot;sizes&quot;:[]},&quot;background_motion_fx_translateY_affectedRange&quot;:{&quot;unit&quot;:&quot;%&quot;,&quot;size&quot;:&quot;&quot;,&quot;sizes&quot;:{&quot;start&quot;:0,&quot;end&quot;:100}},&quot;background_motion_fx_devices&quot;:[&quot;widescreen&quot;,&quot;desktop&quot;,&quot;laptop&quot;,&quot;tablet_extra&quot;,&quot;tablet&quot;,&quot;mobile_extra&quot;,&quot;mobile&quot;]}\">\n\t\t\t\t\t\t<div class=\"elementor-container elementor-column-gap-default\">\n\t\t\t\t\t<div class=\"has_ae_slider elementor-column elementor-col-100 elementor-top-column elementor-element elementor-element-0dfe749 ae-bg-gallery-type-default\" data-id=\"0dfe749\" data-element_type=\"column\">\n\t\t\t<div class=\"elementor-widget-wrap elementor-element-populated\">\n\t\t\t\t\t\t<div class=\"elementor-element elementor-element-98969ae elementor-icon-list--layout-inline elementor-align-center elementor-list-item-link-full_width elementor-widget elementor-widget-icon-list\" data-id=\"98969ae\" data-element_type=\"widget\" data-widget_type=\"icon-list.default\">\n\t\t\t\t<div class=\"elementor-widget-container\">\n\t\t\t\t\t\t\t<ul class=\"elementor-icon-list-items elementor-inline-items\">\n\t\t\t\t\t\t\t<li class=\"elementor-icon-list-item elementor-inline-item\">\n\t\t\t\t\t\t\t\t\t\t\t<a href=\"\/de\/services\/organisation\/\">\n\n\t\t\t\t\t\t\t\t\t\t\t<span class=\"elementor-icon-list-text\">Organisation<\/span>\n\t\t\t\t\t\t\t\t\t\t\t<\/a>\n\t\t\t\t\t\t\t\t\t<\/li>\n\t\t\t\t\t\t\t\t<li class=\"elementor-icon-list-item elementor-inline-item\">\n\t\t\t\t\t\t\t\t\t\t\t<a href=\"\/de\/services\/planung-der-besuche\/\">\n\n\t\t\t\t\t\t\t\t\t\t\t<span class=\"elementor-icon-list-text\">Planung der Besuche<\/span>\n\t\t\t\t\t\t\t\t\t\t\t<\/a>\n\t\t\t\t\t\t\t\t\t<\/li>\n\t\t\t\t\t\t\t\t<li class=\"elementor-icon-list-item elementor-inline-item\">\n\t\t\t\t\t\t\t\t\t\t\t<a href=\"\/de\/services\/formular-feedback\/\">\n\n\t\t\t\t\t\t\t\t\t\t\t<span class=\"elementor-icon-list-text\">Formular Feedback<\/span>\n\t\t\t\t\t\t\t\t\t\t\t<\/a>\n\t\t\t\t\t\t\t\t\t<\/li>\n\t\t\t\t\t\t\t\t<li class=\"elementor-icon-list-item elementor-inline-item\">\n\t\t\t\t\t\t\t\t\t\t\t<a href=\"\/de\/services\/rekurs\/\">\n\n\t\t\t\t\t\t\t\t\t\t\t<span class=\"elementor-icon-list-text\">Rekurs<\/span>\n\t\t\t\t\t\t\t\t\t\t\t<\/a>\n\t\t\t\t\t\t\t\t\t<\/li>\n\t\t\t\t\t\t<\/ul>\n\t\t\t\t\t\t<\/div>\n\t\t\t\t<\/div>\n\t\t\t\t\t<\/div>\n\t\t<\/div>\n\t\t\t\t\t<\/div>\n\t\t<\/section>\n\t\t\t\t<section class=\"has_ae_slider elementor-section elementor-top-section elementor-element elementor-element-3e54492 elementor-section-boxed elementor-section-height-default elementor-section-height-default ae-bg-gallery-type-default\" data-id=\"3e54492\" data-element_type=\"section\">\n\t\t\t\t\t\t<div class=\"elementor-container elementor-column-gap-default\">\n\t\t\t\t\t<div class=\"has_ae_slider elementor-column elementor-col-100 elementor-top-column elementor-element elementor-element-dfcc7b6 ae-bg-gallery-type-default\" data-id=\"dfcc7b6\" data-element_type=\"column\">\n\t\t\t<div class=\"elementor-widget-wrap elementor-element-populated\">\n\t\t\t\t\t\t<div class=\"elementor-element elementor-element-4f3d560 elementor-widget elementor-widget-heading\" data-id=\"4f3d560\" data-element_type=\"widget\" data-widget_type=\"heading.default\">\n\t\t\t\t<div class=\"elementor-widget-container\">\n\t\t\t\t\t<h1 class=\"elementor-heading-title elementor-size-default\">Planung der Besuche<\/h1>\t\t\t\t<\/div>\n\t\t\t\t<\/div>\n\t\t\t\t\t<\/div>\n\t\t<\/div>\n\t\t\t\t\t<\/div>\n\t\t<\/section>\n\t\t\t\t<section class=\"has_ae_slider elementor-section elementor-top-section elementor-element elementor-element-d743d0e elementor-section-boxed elementor-section-height-default elementor-section-height-default ae-bg-gallery-type-default\" data-id=\"d743d0e\" data-element_type=\"section\">\n\t\t\t\t\t\t<div class=\"elementor-container elementor-column-gap-default\">\n\t\t\t\t\t<div class=\"has_ae_slider elementor-column elementor-col-100 elementor-top-column elementor-element elementor-element-9aa8d95 ae-bg-gallery-type-default\" data-id=\"9aa8d95\" data-element_type=\"column\">\n\t\t\t<div class=\"elementor-widget-wrap elementor-element-populated\">\n\t\t\t\t\t\t<div class=\"elementor-element elementor-element-774848ac elementor-widget elementor-widget-text-editor\" data-id=\"774848ac\" data-element_type=\"widget\" data-widget_type=\"text-editor.default\">\n\t\t\t\t<div class=\"elementor-widget-container\">\n\t\t\t\t\t\t\t\t\t<p>Planung der Einstufungstouren erfolgt im B\u00fcro. Ziel der Planung ist es, jeden Betrieb in einem Intervall von 4-5 Monaten zu besuchen. Dabei wird auf eine gr\u00f6sstm\u00f6gliche Effizienz der Strecken, welche die Einstufer zur\u00fccklegen, geachtet. Das ganze Einstufungsgebiet ist in rund 50 Regionen unterteilt, die aufgrund der Postleitzahl vom Standort der Betriebe definiert wurden. Die Regionen werden nacheinander besucht. Dank des Intervalls von 4-5 Monaten erfolgt der Besuch jedes Jahr zu einer anderen Jahreszeit. Es werden also nicht immer die gleichen Betriebe zu den Jahreszeiten mit der gr\u00f6ssten Arbeitsbelastung besucht. Die eigentliche Programmierung erfolgt mithilfe eines Informatikprogramms. Darin ist jeder Betrieb aufgrund seiner Koordinaten auf einer interaktiven Karte eingezeichnet. Die Planer erhalten dann einen Vorschlag des Tagesprogramms, bei welchem die Fahrstrecken zwischen den Betrieben optimiert sind. Dieses Informatikprogramm erm\u00f6glicht es auch, die Betriebsbesuche abwechselnd am Morgen und am Nachmittag zu programmieren. Somit sind es nicht immer die gleichen Betriebe, welche die Einstufer um 8.15 Uhr empfangen m\u00fcssen. Schliesslich erfolgt auch eine Rotation zwischen den Einstufern. Nach einem Betriebsbesuch werden die zwei darauffolgenden Besuche in der Regel nicht vom gleichen Einstufer durchgef\u00fchrt. Hier finden Sie die fortlaufende Planung f\u00fcr die n\u00e4chsten Monate:<\/p><p><a href=\"https:\/\/linearsa.ch\/wp-content\/uploads\/2024\/01\/Planning-provisoire-05.02.2026.pdf\" target=\"_blank\" rel=\"attachment noopener wp-att-2212 noreferrer\">Provisorische Planung der n\u00e4chsten Betriebsbesuche<\/a><\/p>\t\t\t\t\t\t\t\t<\/div>\n\t\t\t\t<\/div>\n\t\t\t\t\t<\/div>\n\t\t<\/div>\n\t\t\t\t\t<\/div>\n\t\t<\/section>\n\t\t\t\t<\/div>\n\t\t","protected":false},"excerpt":{"rendered":"<p>Organisation Planung der Besuche Formular Feedback Rekurs Planung der Einstufungstouren erfolgt im B\u00fcro. Ziel der Planung ist es, jeden Betrieb in einem Intervall von 4-5 Monaten zu besuchen. Dabei wird auf eine gr\u00f6sstm\u00f6gliche Effizienz der Strecken, welche die Einstufer zur\u00fccklegen, geachtet. Das ganze Einstufungsgebiet ist in rund 50 Regionen unterteilt, die aufgrund der Postleitzahl vom [&hellip;]<\/p>\n","protected":false},"author":5,"featured_media":0,"parent":20,"menu_order":1,"comment_status":"closed","ping_status":"closed","template":"","meta":{"_monsterinsights_skip_tracking":false,"_monsterinsights_sitenote_active":false,"_monsterinsights_sitenote_note":"","_monsterinsights_sitenote_category":0,"footnotes":""},"class_list":["post-199","page","type-page","status-publish","hentry"],"_links":{"self":[{"href":"https:\/\/linearsa.ch\/de\/wp-json\/wp\/v2\/pages\/199","targetHints":{"allow":["GET"]}}],"collection":[{"href":"https:\/\/linearsa.ch\/de\/wp-json\/wp\/v2\/pages"}],"about":[{"href":"https:\/\/linearsa.ch\/de\/wp-json\/wp\/v2\/types\/page"}],"author":[{"embeddable":true,"href":"https:\/\/linearsa.ch\/de\/wp-json\/wp\/v2\/users\/5"}],"replies":[{"embeddable":true,"href":"https:\/\/linearsa.ch\/de\/wp-json\/wp\/v2\/comments?post=199"}],"version-history":[{"count":18,"href":"https:\/\/linearsa.ch\/de\/wp-json\/wp\/v2\/pages\/199\/revisions"}],"predecessor-version":[{"id":6157,"href":"https:\/\/linearsa.ch\/de\/wp-json\/wp\/v2\/pages\/199\/revisions\/6157"}],"up":[{"embeddable":true,"href":"https:\/\/linearsa.ch\/de\/wp-json\/wp\/v2\/pages\/20"}],"wp:attachment":[{"href":"https:\/\/linearsa.ch\/de\/wp-json\/wp\/v2\/media?parent=199"}],"curies":[{"name":"wp","href":"https:\/\/api.w.org\/{rel}","templated":true}]}}