{"id":191,"date":"2014-04-14T08:55:38","date_gmt":"2014-04-14T07:55:38","guid":{"rendered":"http:\/\/linearsa.ch\/?page_id=191"},"modified":"2023-10-25T12:03:09","modified_gmt":"2023-10-25T10:03:09","slug":"einstufung","status":"publish","type":"page","link":"https:\/\/linearsa.ch\/de\/lbe\/einstufung\/","title":{"rendered":"Einstufung"},"content":{"rendered":"\t\t<div data-elementor-type=\"wp-page\" data-elementor-id=\"191\" class=\"elementor elementor-191\" data-elementor-post-type=\"page\">\n\t\t\t\t\t\t<section class=\"has_ae_slider elementor-section elementor-top-section elementor-element elementor-element-fb59890 elementor-section-height-min-height elementor-section-boxed elementor-section-height-default elementor-section-items-middle ae-bg-gallery-type-default\" data-id=\"fb59890\" data-element_type=\"section\" data-settings=\"{&quot;background_background&quot;:&quot;classic&quot;}\">\n\t\t\t\t\t\t<div class=\"elementor-container elementor-column-gap-default\">\n\t\t\t\t\t<div class=\"has_ae_slider elementor-column elementor-col-100 elementor-top-column elementor-element elementor-element-ab3cc8a ae-bg-gallery-type-default\" data-id=\"ab3cc8a\" data-element_type=\"column\">\n\t\t\t<div class=\"elementor-widget-wrap elementor-element-populated\">\n\t\t\t\t\t\t<div class=\"elementor-element elementor-element-31d2fe8 elementor-icon-list--layout-inline elementor-align-center elementor-list-item-link-full_width elementor-widget elementor-widget-icon-list\" data-id=\"31d2fe8\" data-element_type=\"widget\" data-widget_type=\"icon-list.default\">\n\t\t\t\t<div class=\"elementor-widget-container\">\n\t\t\t\t\t\t\t<ul class=\"elementor-icon-list-items elementor-inline-items\">\n\t\t\t\t\t\t\t<li class=\"elementor-icon-list-item elementor-inline-item\">\n\t\t\t\t\t\t\t\t\t\t\t<a href=\"\/de\/klassifikation\/lineare-beschreibung\/\">\n\n\t\t\t\t\t\t\t\t\t\t\t<span class=\"elementor-icon-list-text\">Lineare Beschreibung<\/span>\n\t\t\t\t\t\t\t\t\t\t\t<\/a>\n\t\t\t\t\t\t\t\t\t<\/li>\n\t\t\t\t\t\t\t\t<li class=\"elementor-icon-list-item elementor-inline-item\">\n\t\t\t\t\t\t\t\t\t\t\t<a href=\"\/de\/lineare-beschreibung-und-einstufung\/einstufung\/\">\n\n\t\t\t\t\t\t\t\t\t\t\t<span class=\"elementor-icon-list-text\">Einstufung<\/span>\n\t\t\t\t\t\t\t\t\t\t\t<\/a>\n\t\t\t\t\t\t\t\t\t<\/li>\n\t\t\t\t\t\t\t\t<li class=\"elementor-icon-list-item elementor-inline-item\">\n\t\t\t\t\t\t\t\t\t\t\t<a href=\"\/de\/lineare-beschreibung-und-einstufung\/rassen\/\">\n\n\t\t\t\t\t\t\t\t\t\t\t<span class=\"elementor-icon-list-text\">Rassen<\/span>\n\t\t\t\t\t\t\t\t\t\t\t<\/a>\n\t\t\t\t\t\t\t\t\t<\/li>\n\t\t\t\t\t\t\t\t<li class=\"elementor-icon-list-item elementor-inline-item\">\n\t\t\t\t\t\t\t\t\t\t\t<a href=\"\/de\/lineare-beschreibung-und-einstufung\/stiere\/\">\n\n\t\t\t\t\t\t\t\t\t\t\t<span class=\"elementor-icon-list-text\">Stiere<\/span>\n\t\t\t\t\t\t\t\t\t\t\t<\/a>\n\t\t\t\t\t\t\t\t\t<\/li>\n\t\t\t\t\t\t\t\t<li class=\"elementor-icon-list-item elementor-inline-item\">\n\t\t\t\t\t\t\t\t\t\t\t<a href=\"\/de\/lineare-beschreibung-und-einstufung\/statistiken\/\">\n\n\t\t\t\t\t\t\t\t\t\t\t<span class=\"elementor-icon-list-text\">Statistiken<\/span>\n\t\t\t\t\t\t\t\t\t\t\t<\/a>\n\t\t\t\t\t\t\t\t\t<\/li>\n\t\t\t\t\t\t<\/ul>\n\t\t\t\t\t\t<\/div>\n\t\t\t\t<\/div>\n\t\t\t\t\t<\/div>\n\t\t<\/div>\n\t\t\t\t\t<\/div>\n\t\t<\/section>\n\t\t\t\t<section class=\"has_ae_slider elementor-section elementor-top-section elementor-element elementor-element-efbab4d elementor-section-boxed elementor-section-height-default elementor-section-height-default ae-bg-gallery-type-default\" data-id=\"efbab4d\" data-element_type=\"section\">\n\t\t\t\t\t\t<div class=\"elementor-container elementor-column-gap-default\">\n\t\t\t\t\t<div class=\"has_ae_slider elementor-column elementor-col-100 elementor-top-column elementor-element elementor-element-4cbafa8 ae-bg-gallery-type-default\" data-id=\"4cbafa8\" data-element_type=\"column\">\n\t\t\t<div class=\"elementor-widget-wrap elementor-element-populated\">\n\t\t\t\t\t\t<div class=\"elementor-element elementor-element-0851eaa elementor-widget elementor-widget-heading\" data-id=\"0851eaa\" data-element_type=\"widget\" data-widget_type=\"heading.default\">\n\t\t\t\t<div class=\"elementor-widget-container\">\n\t\t\t\t\t<h1 class=\"elementor-heading-title elementor-size-default\">Einstufung<\/h1>\t\t\t\t<\/div>\n\t\t\t\t<\/div>\n\t\t\t\t\t<\/div>\n\t\t<\/div>\n\t\t\t\t\t<\/div>\n\t\t<\/section>\n\t\t\t\t<section class=\"has_ae_slider elementor-section elementor-top-section elementor-element elementor-element-f8f929f elementor-section-boxed elementor-section-height-default elementor-section-height-default ae-bg-gallery-type-default\" data-id=\"f8f929f\" data-element_type=\"section\">\n\t\t\t\t\t\t<div class=\"elementor-container elementor-column-gap-default\">\n\t\t\t\t\t<div class=\"has_ae_slider elementor-column elementor-col-50 elementor-top-column elementor-element elementor-element-f8dac4e ae-bg-gallery-type-default\" data-id=\"f8dac4e\" data-element_type=\"column\">\n\t\t\t<div class=\"elementor-widget-wrap elementor-element-populated\">\n\t\t\t\t\t\t<div class=\"elementor-element elementor-element-65c47d7 elementor-widget elementor-widget-text-editor\" data-id=\"65c47d7\" data-element_type=\"widget\" data-widget_type=\"text-editor.default\">\n\t\t\t\t<div class=\"elementor-widget-container\">\n\t\t\t\t\t\t\t\t\t<p>Die Exterieurmerkmale jeder Kuh werden mit der Idealkuh verglichen, also dem Zuchtziel. Die Gesamtnote berechnet sich anhand eines Algorithmus. Sie zeigt, inwiefern die Kuh dem Ideal entspricht. Eine Kuh mit der Note EX-97 kommt der Idealkuh sehr nahe, w\u00e4hrend eine Kuh mit P-60 weit davon entfernt ist. Zur Pr\u00e4zisierung des Resultats wurden vier Einstufungsbl\u00f6cke definiert. Jeder Block entspricht einem Teil des K\u00f6rpers des Tieres. Bei den Zweinutzungsrassen ist der Block \u201eBecken\u201c im Block \u201eFormat &amp; Kapazit\u00e4t\u201c integriert, wogegen der Block \u201eEuteranlage\u201c zweigeteilt wurde und einen neuen Block \u201eZitzen\u201c enth\u00e4lt.<\/p>\t\t\t\t\t\t\t\t<\/div>\n\t\t\t\t<\/div>\n\t\t\t\t\t<\/div>\n\t\t<\/div>\n\t\t\t\t<div class=\"has_ae_slider elementor-column elementor-col-50 elementor-top-column elementor-element elementor-element-9036e22 ae-bg-gallery-type-default\" data-id=\"9036e22\" data-element_type=\"column\">\n\t\t\t<div class=\"elementor-widget-wrap elementor-element-populated\">\n\t\t\t\t\t\t<div class=\"elementor-element elementor-element-1716fc3 elementor-widget elementor-widget-text-editor\" data-id=\"1716fc3\" data-element_type=\"widget\" data-widget_type=\"text-editor.default\">\n\t\t\t\t<div class=\"elementor-widget-container\">\n\t\t\t\t\t\t\t\t\t<table cellspacing=\"0\" cellpadding=\"0\">\n<tbody>\n<tr>\n<td><strong>Klasse<\/strong><\/td>\n<td style=\"text-align: center;\"><strong>Abk.<\/strong><\/td>\n<td style=\"text-align: center;\"><strong>Noten<\/strong><\/td>\n<\/tr>\n<tr>\n<td>Exzellent<\/td>\n<td style=\"text-align: center;\">EX<\/td>\n<td style=\"text-align: center;\">90-97<\/td>\n<\/tr>\n<tr>\n<td>Sehr Gut<\/td>\n<td style=\"text-align: center;\">VG<\/td>\n<td style=\"text-align: center;\">85-89<\/td>\n<\/tr>\n<tr>\n<td>Gut Plus<\/td>\n<td style=\"text-align: center;\">GP<\/td>\n<td style=\"text-align: center;\">80-84<\/td>\n<\/tr>\n<tr>\n<td>Gut<\/td>\n<td style=\"text-align: center;\">G<\/td>\n<td style=\"text-align: center;\">75-79<\/td>\n<\/tr>\n<tr>\n<td>Gen\u00fcgend<\/td>\n<td style=\"text-align: center;\">F<\/td>\n<td style=\"text-align: center;\">70-74<\/td>\n<\/tr>\n<tr>\n<td>Schwach<\/td>\n<td style=\"text-align: center;\">P<\/td>\n<td style=\"text-align: center;\">60-69<\/td>\n<\/tr>\n<\/tbody>\n<\/table>\t\t\t\t\t\t\t\t<\/div>\n\t\t\t\t<\/div>\n\t\t\t\t\t<\/div>\n\t\t<\/div>\n\t\t\t\t\t<\/div>\n\t\t<\/section>\n\t\t\t\t<section class=\"has_ae_slider elementor-section elementor-top-section elementor-element elementor-element-68e22c40 elementor-section-boxed elementor-section-height-default elementor-section-height-default ae-bg-gallery-type-default\" data-id=\"68e22c40\" data-element_type=\"section\">\n\t\t\t\t\t\t<div class=\"elementor-container elementor-column-gap-default\">\n\t\t\t\t\t<div class=\"has_ae_slider elementor-column elementor-col-100 elementor-top-column elementor-element elementor-element-3db03602 ae-bg-gallery-type-default\" data-id=\"3db03602\" data-element_type=\"column\">\n\t\t\t<div class=\"elementor-widget-wrap elementor-element-populated\">\n\t\t\t\t\t\t<div class=\"elementor-element elementor-element-41acb51 elementor-widget elementor-widget-image\" data-id=\"41acb51\" data-element_type=\"widget\" data-widget_type=\"image.default\">\n\t\t\t\t<div class=\"elementor-widget-container\">\n\t\t\t\t\t\t\t\t\t\t\t\t\t\t\t<img fetchpriority=\"high\" decoding=\"async\" width=\"547\" height=\"327\" src=\"https:\/\/linearsa.ch\/wp-content\/uploads\/2014\/04\/schema-classification-de.jpg\" class=\"attachment-large size-large wp-image-4450\" alt=\"\" srcset=\"https:\/\/linearsa.ch\/wp-content\/uploads\/2014\/04\/schema-classification-de.jpg 547w, https:\/\/linearsa.ch\/wp-content\/uploads\/2014\/04\/schema-classification-de-300x179.jpg 300w\" sizes=\"(max-width: 547px) 100vw, 547px\" \/>\t\t\t\t\t\t\t\t\t\t\t\t\t\t\t<\/div>\n\t\t\t\t<\/div>\n\t\t\t\t\t<\/div>\n\t\t<\/div>\n\t\t\t\t\t<\/div>\n\t\t<\/section>\n\t\t\t\t<section class=\"has_ae_slider elementor-section elementor-top-section elementor-element elementor-element-fba7106 elementor-section-boxed elementor-section-height-default elementor-section-height-default ae-bg-gallery-type-default\" data-id=\"fba7106\" data-element_type=\"section\">\n\t\t\t\t\t\t<div class=\"elementor-container elementor-column-gap-default\">\n\t\t\t\t\t<div class=\"has_ae_slider elementor-column elementor-col-50 elementor-top-column elementor-element elementor-element-73b8066 ae-bg-gallery-type-default\" data-id=\"73b8066\" data-element_type=\"column\">\n\t\t\t<div class=\"elementor-widget-wrap elementor-element-populated\">\n\t\t\t\t\t\t<div class=\"elementor-element elementor-element-26c7b629 elementor-widget elementor-widget-text-editor\" data-id=\"26c7b629\" data-element_type=\"widget\" data-widget_type=\"text-editor.default\">\n\t\t\t\t<div class=\"elementor-widget-container\">\n\t\t\t\t\t\t\t\t\t<p>Die Einstufung erlaubt es, die besten K\u00fche der Rasse bez\u00fcglich ihres K\u00f6rperbaus hervorzuheben. Einstufungen \u00fcber 90 Punkte (Klasse Exzellent) sind nur f\u00fcr K\u00fche m\u00f6glich, die mindestens dreimal gekalbt haben. Die absolute H\u00f6chstnote kann sogar erst ab der 5. Laktation erreicht werden.<br>Bei einer hohen Einstufung verh\u00e4lt es sich so, dass der erste Einstufer die jeweilige Note vorschl\u00e4gt. In den nachfolgenden 30 Tagen besuchen ein oder mehrere andere Einstufer den Betrieb, um die Kuh nochmals einzustufen und sich zu vergewissern, dass die Einstufung gerechtfertigt ist. Dies nennen wir die Best\u00e4tigung.<\/p>\t\t\t\t\t\t\t\t<\/div>\n\t\t\t\t<\/div>\n\t\t\t\t\t<\/div>\n\t\t<\/div>\n\t\t\t\t<div class=\"has_ae_slider elementor-column elementor-col-50 elementor-top-column elementor-element elementor-element-3703896 ae-bg-gallery-type-default\" data-id=\"3703896\" data-element_type=\"column\">\n\t\t\t<div class=\"elementor-widget-wrap elementor-element-populated\">\n\t\t\t\t\t\t<div class=\"elementor-element elementor-element-8ff9438 elementor-widget elementor-widget-image\" data-id=\"8ff9438\" data-element_type=\"widget\" data-widget_type=\"image.default\">\n\t\t\t\t<div class=\"elementor-widget-container\">\n\t\t\t\t\t\t\t\t\t\t\t\t\t\t\t<img decoding=\"async\" width=\"800\" height=\"337\" src=\"https:\/\/linearsa.ch\/wp-content\/uploads\/2014\/04\/lactation-2-DE-1024x431.jpg\" class=\"attachment-large size-large wp-image-4396\" alt=\"\" srcset=\"https:\/\/linearsa.ch\/wp-content\/uploads\/2014\/04\/lactation-2-DE-1024x431.jpg 1024w, https:\/\/linearsa.ch\/wp-content\/uploads\/2014\/04\/lactation-2-DE-300x126.jpg 300w, https:\/\/linearsa.ch\/wp-content\/uploads\/2014\/04\/lactation-2-DE-768x323.jpg 768w, https:\/\/linearsa.ch\/wp-content\/uploads\/2014\/04\/lactation-2-DE.jpg 1305w\" sizes=\"(max-width: 800px) 100vw, 800px\" \/>\t\t\t\t\t\t\t\t\t\t\t\t\t\t\t<\/div>\n\t\t\t\t<\/div>\n\t\t\t\t\t<\/div>\n\t\t<\/div>\n\t\t\t\t\t<\/div>\n\t\t<\/section>\n\t\t\t\t<\/div>\n\t\t","protected":false},"excerpt":{"rendered":"<p>Lineare Beschreibung Einstufung Rassen Stiere Statistiken Die Exterieurmerkmale jeder Kuh werden mit der Idealkuh verglichen, also dem Zuchtziel. Die Gesamtnote berechnet sich anhand eines Algorithmus. Sie zeigt, inwiefern die Kuh dem Ideal entspricht. Eine Kuh mit der Note EX-97 kommt der Idealkuh sehr nahe, w\u00e4hrend eine Kuh mit P-60 weit davon entfernt ist. Zur Pr\u00e4zisierung [&hellip;]<\/p>\n","protected":false},"author":5,"featured_media":0,"parent":17,"menu_order":1,"comment_status":"closed","ping_status":"closed","template":"","meta":{"_monsterinsights_skip_tracking":false,"_monsterinsights_sitenote_active":false,"_monsterinsights_sitenote_note":"","_monsterinsights_sitenote_category":0,"footnotes":""},"class_list":["post-191","page","type-page","status-publish","hentry"],"_links":{"self":[{"href":"https:\/\/linearsa.ch\/de\/wp-json\/wp\/v2\/pages\/191","targetHints":{"allow":["GET"]}}],"collection":[{"href":"https:\/\/linearsa.ch\/de\/wp-json\/wp\/v2\/pages"}],"about":[{"href":"https:\/\/linearsa.ch\/de\/wp-json\/wp\/v2\/types\/page"}],"author":[{"embeddable":true,"href":"https:\/\/linearsa.ch\/de\/wp-json\/wp\/v2\/users\/5"}],"replies":[{"embeddable":true,"href":"https:\/\/linearsa.ch\/de\/wp-json\/wp\/v2\/comments?post=191"}],"version-history":[{"count":9,"href":"https:\/\/linearsa.ch\/de\/wp-json\/wp\/v2\/pages\/191\/revisions"}],"predecessor-version":[{"id":5657,"href":"https:\/\/linearsa.ch\/de\/wp-json\/wp\/v2\/pages\/191\/revisions\/5657"}],"up":[{"embeddable":true,"href":"https:\/\/linearsa.ch\/de\/wp-json\/wp\/v2\/pages\/17"}],"wp:attachment":[{"href":"https:\/\/linearsa.ch\/de\/wp-json\/wp\/v2\/media?parent=191"}],"curies":[{"name":"wp","href":"https:\/\/api.w.org\/{rel}","templated":true}]}}