{"id":189,"date":"2014-04-14T08:54:46","date_gmt":"2014-04-14T07:54:46","guid":{"rendered":"http:\/\/linearsa.ch\/?page_id=189"},"modified":"2023-10-11T14:40:24","modified_gmt":"2023-10-11T12:40:24","slug":"lineare-beschreibung","status":"publish","type":"page","link":"https:\/\/linearsa.ch\/de\/lbe\/lineare-beschreibung\/","title":{"rendered":"Lineare Beschreibung"},"content":{"rendered":"\t\t<div data-elementor-type=\"wp-page\" data-elementor-id=\"189\" class=\"elementor elementor-189\" data-elementor-post-type=\"page\">\n\t\t\t\t\t\t<section class=\"has_ae_slider elementor-section elementor-top-section elementor-element elementor-element-20bfcb8 elementor-section-height-min-height elementor-section-boxed elementor-section-height-default elementor-section-items-middle ae-bg-gallery-type-default\" data-id=\"20bfcb8\" data-element_type=\"section\" data-settings=\"{&quot;background_background&quot;:&quot;classic&quot;}\">\n\t\t\t\t\t\t<div class=\"elementor-container elementor-column-gap-default\">\n\t\t\t\t\t<div class=\"has_ae_slider elementor-column elementor-col-100 elementor-top-column elementor-element elementor-element-104ac52 ae-bg-gallery-type-default\" data-id=\"104ac52\" data-element_type=\"column\">\n\t\t\t<div class=\"elementor-widget-wrap elementor-element-populated\">\n\t\t\t\t\t\t<div class=\"elementor-element elementor-element-ae4f575 elementor-icon-list--layout-inline elementor-align-center elementor-list-item-link-full_width elementor-widget elementor-widget-icon-list\" data-id=\"ae4f575\" data-element_type=\"widget\" data-widget_type=\"icon-list.default\">\n\t\t\t\t<div class=\"elementor-widget-container\">\n\t\t\t\t\t\t\t<ul class=\"elementor-icon-list-items elementor-inline-items\">\n\t\t\t\t\t\t\t<li class=\"elementor-icon-list-item elementor-inline-item\">\n\t\t\t\t\t\t\t\t\t\t\t<a href=\"\/de\/klassifikation\/lineare-beschreibung\/\">\n\n\t\t\t\t\t\t\t\t\t\t\t<span class=\"elementor-icon-list-text\">Lineare Beschreibung<\/span>\n\t\t\t\t\t\t\t\t\t\t\t<\/a>\n\t\t\t\t\t\t\t\t\t<\/li>\n\t\t\t\t\t\t\t\t<li class=\"elementor-icon-list-item elementor-inline-item\">\n\t\t\t\t\t\t\t\t\t\t\t<a href=\"\/de\/lineare-beschreibung-und-einstufung\/einstufung\/\">\n\n\t\t\t\t\t\t\t\t\t\t\t<span class=\"elementor-icon-list-text\">Einstufung<\/span>\n\t\t\t\t\t\t\t\t\t\t\t<\/a>\n\t\t\t\t\t\t\t\t\t<\/li>\n\t\t\t\t\t\t\t\t<li class=\"elementor-icon-list-item elementor-inline-item\">\n\t\t\t\t\t\t\t\t\t\t\t<a href=\"\/de\/lineare-beschreibung-und-einstufung\/rassen\/\">\n\n\t\t\t\t\t\t\t\t\t\t\t<span class=\"elementor-icon-list-text\">Rassen<\/span>\n\t\t\t\t\t\t\t\t\t\t\t<\/a>\n\t\t\t\t\t\t\t\t\t<\/li>\n\t\t\t\t\t\t\t\t<li class=\"elementor-icon-list-item elementor-inline-item\">\n\t\t\t\t\t\t\t\t\t\t\t<a href=\"\/de\/lineare-beschreibung-und-einstufung\/stiere\/\">\n\n\t\t\t\t\t\t\t\t\t\t\t<span class=\"elementor-icon-list-text\">Stiere<\/span>\n\t\t\t\t\t\t\t\t\t\t\t<\/a>\n\t\t\t\t\t\t\t\t\t<\/li>\n\t\t\t\t\t\t\t\t<li class=\"elementor-icon-list-item elementor-inline-item\">\n\t\t\t\t\t\t\t\t\t\t\t<a href=\"\/de\/lineare-beschreibung-und-einstufung\/statistiken\/\">\n\n\t\t\t\t\t\t\t\t\t\t\t<span class=\"elementor-icon-list-text\">Statistiken<\/span>\n\t\t\t\t\t\t\t\t\t\t\t<\/a>\n\t\t\t\t\t\t\t\t\t<\/li>\n\t\t\t\t\t\t<\/ul>\n\t\t\t\t\t\t<\/div>\n\t\t\t\t<\/div>\n\t\t\t\t\t<\/div>\n\t\t<\/div>\n\t\t\t\t\t<\/div>\n\t\t<\/section>\n\t\t\t\t<section class=\"has_ae_slider elementor-section elementor-top-section elementor-element elementor-element-e7d3370 elementor-section-boxed elementor-section-height-default elementor-section-height-default ae-bg-gallery-type-default\" data-id=\"e7d3370\" data-element_type=\"section\">\n\t\t\t\t\t\t<div class=\"elementor-container elementor-column-gap-default\">\n\t\t\t\t\t<div class=\"has_ae_slider elementor-column elementor-col-100 elementor-top-column elementor-element elementor-element-cd9c0a6 ae-bg-gallery-type-default\" data-id=\"cd9c0a6\" data-element_type=\"column\">\n\t\t\t<div class=\"elementor-widget-wrap elementor-element-populated\">\n\t\t\t\t\t\t<div class=\"elementor-element elementor-element-60597fa elementor-widget elementor-widget-heading\" data-id=\"60597fa\" data-element_type=\"widget\" data-widget_type=\"heading.default\">\n\t\t\t\t<div class=\"elementor-widget-container\">\n\t\t\t\t\t<h1 class=\"elementor-heading-title elementor-size-default\">Lineare Beschreibung<\/h1>\t\t\t\t<\/div>\n\t\t\t\t<\/div>\n\t\t\t\t\t<\/div>\n\t\t<\/div>\n\t\t\t\t\t<\/div>\n\t\t<\/section>\n\t\t\t\t<section class=\"has_ae_slider elementor-section elementor-top-section elementor-element elementor-element-7abcd6f1 elementor-section-boxed elementor-section-height-default elementor-section-height-default ae-bg-gallery-type-default\" data-id=\"7abcd6f1\" data-element_type=\"section\">\n\t\t\t\t\t\t<div class=\"elementor-container elementor-column-gap-default\">\n\t\t\t\t\t<div class=\"has_ae_slider elementor-column elementor-col-100 elementor-top-column elementor-element elementor-element-68d62291 ae-bg-gallery-type-default\" data-id=\"68d62291\" data-element_type=\"column\">\n\t\t\t<div class=\"elementor-widget-wrap elementor-element-populated\">\n\t\t\t\t\t\t<div class=\"elementor-element elementor-element-1059b9ee elementor-widget elementor-widget-text-editor\" data-id=\"1059b9ee\" data-element_type=\"widget\" data-widget_type=\"text-editor.default\">\n\t\t\t\t<div class=\"elementor-widget-container\">\n\t\t\t\t\t\t\t\t\t<p>Die lineare Beschreibung erfasst mehr als 20 Exterieurmerkmale objektiv auf einer Skala von 1 bis 9. Die Skala widerspiegelt die Extremwerte in der Population. Einige Merkmale werden in cm gemessen und unter Ber\u00fccksichtigung des Alters, der Laktation und der Euterf\u00fclle in Noten von 1 bis 9 umgewandelt. Rund 40 Fehler k\u00f6nnen ebenfalls erfasst werden.<\/p>\t\t\t\t\t\t\t\t<\/div>\n\t\t\t\t<\/div>\n\t\t\t\t<div class=\"elementor-element elementor-element-12ce4cb elementor-widget elementor-widget-image\" data-id=\"12ce4cb\" data-element_type=\"widget\" data-widget_type=\"image.default\">\n\t\t\t\t<div class=\"elementor-widget-container\">\n\t\t\t\t\t\t\t\t\t\t\t\t\t\t\t<img fetchpriority=\"high\" decoding=\"async\" width=\"547\" height=\"327\" src=\"https:\/\/linearsa.ch\/wp-content\/uploads\/2014\/04\/format-capacite-de-e1423485818935.jpg\" class=\"attachment-medium_large size-medium_large wp-image-4386\" alt=\"\" srcset=\"https:\/\/linearsa.ch\/wp-content\/uploads\/2014\/04\/format-capacite-de-e1423485818935.jpg 547w, https:\/\/linearsa.ch\/wp-content\/uploads\/2014\/04\/format-capacite-de-e1423485818935-300x179.jpg 300w\" sizes=\"(max-width: 547px) 100vw, 547px\" \/>\t\t\t\t\t\t\t\t\t\t\t\t\t\t\t<\/div>\n\t\t\t\t<\/div>\n\t\t\t\t<div class=\"elementor-element elementor-element-ed84268 elementor-widget elementor-widget-text-editor\" data-id=\"ed84268\" data-element_type=\"widget\" data-widget_type=\"text-editor.default\">\n\t\t\t\t<div class=\"elementor-widget-container\">\n\t\t\t\t\t\t\t\t\t<p>Eine hohe Milchproduktion bedingt die Aufnahme von Raufutter. Die K\u00fche m\u00fcssen \u00fcber die Kapazit\u00e4t verf\u00fcgen, dieses Futter aufzunehmen. Bei Milchk\u00fchen wird demnach ein breiter und tiefer K\u00f6rper verbunden mit einem ausgepr\u00e4gten Milchcharakter gesucht. Zudem braucht es genug Platz f\u00fcr Herz und Lungen, denn f\u00fcr die Sekretion von 1 Liter Milch m\u00fcssen 500 Liter Blut durch das Euter gepumpt werden. Wie man sieht, ist also die Kapazit\u00e4t dieser Motoren entscheidend f\u00fcr die Milchproduktion.<\/p>\t\t\t\t\t\t\t\t<\/div>\n\t\t\t\t<\/div>\n\t\t\t\t<div class=\"elementor-element elementor-element-12ac4f1 elementor-widget elementor-widget-image\" data-id=\"12ac4f1\" data-element_type=\"widget\" data-widget_type=\"image.default\">\n\t\t\t\t<div class=\"elementor-widget-container\">\n\t\t\t\t\t\t\t\t\t\t\t\t\t\t\t<img decoding=\"async\" width=\"547\" height=\"327\" src=\"https:\/\/linearsa.ch\/wp-content\/uploads\/2014\/04\/croupe-de-e1423485806397.jpg\" class=\"attachment-medium_large size-medium_large wp-image-4376\" alt=\"\" srcset=\"https:\/\/linearsa.ch\/wp-content\/uploads\/2014\/04\/croupe-de-e1423485806397.jpg 547w, https:\/\/linearsa.ch\/wp-content\/uploads\/2014\/04\/croupe-de-e1423485806397-300x179.jpg 300w\" sizes=\"(max-width: 547px) 100vw, 547px\" \/>\t\t\t\t\t\t\t\t\t\t\t\t\t\t\t<\/div>\n\t\t\t\t<\/div>\n\t\t\t\t<div class=\"elementor-element elementor-element-910a8ca elementor-widget elementor-widget-text-editor\" data-id=\"910a8ca\" data-element_type=\"widget\" data-widget_type=\"text-editor.default\">\n\t\t\t\t<div class=\"elementor-widget-container\">\n\t\t\t\t\t\t\t\t\t<p>Der Block \u201eBecken\u201c beinhaltet mehrere Merkmale, die im Zusammenhang mit der Fortpflanzung stehen. Eine starke Lende steht in Korrelation zu einer guten Position der Geb\u00e4rmutter, und eine gute Beckenneigung f\u00f6rdert die Fruchtbarkeit. Zudem schafft ein breites Becken mehr Platz f\u00fcr das Hintereuter und erlaubt eine bessere Stellung der Gliedmassen.<\/p>\t\t\t\t\t\t\t\t<\/div>\n\t\t\t\t<\/div>\n\t\t\t\t<section class=\"has_ae_slider elementor-section elementor-inner-section elementor-element elementor-element-53c36fe elementor-section-boxed elementor-section-height-default elementor-section-height-default ae-bg-gallery-type-default\" data-id=\"53c36fe\" data-element_type=\"section\">\n\t\t\t\t\t\t<div class=\"elementor-container elementor-column-gap-default\">\n\t\t\t\t\t<div class=\"has_ae_slider elementor-column elementor-col-50 elementor-inner-column elementor-element elementor-element-97144fa ae-bg-gallery-type-default\" data-id=\"97144fa\" data-element_type=\"column\">\n\t\t\t<div class=\"elementor-widget-wrap elementor-element-populated\">\n\t\t\t\t\t\t<div class=\"elementor-element elementor-element-187a880 elementor-widget elementor-widget-image\" data-id=\"187a880\" data-element_type=\"widget\" data-widget_type=\"image.default\">\n\t\t\t\t<div class=\"elementor-widget-container\">\n\t\t\t\t\t\t\t\t\t\t\t\t\t\t\t<img decoding=\"async\" width=\"547\" height=\"327\" src=\"https:\/\/linearsa.ch\/wp-content\/uploads\/2014\/04\/membres-1-de-e1423485794539.jpg\" class=\"attachment-medium_large size-medium_large wp-image-4406\" alt=\"\" srcset=\"https:\/\/linearsa.ch\/wp-content\/uploads\/2014\/04\/membres-1-de-e1423485794539.jpg 547w, https:\/\/linearsa.ch\/wp-content\/uploads\/2014\/04\/membres-1-de-e1423485794539-300x179.jpg 300w\" sizes=\"(max-width: 547px) 100vw, 547px\" \/>\t\t\t\t\t\t\t\t\t\t\t\t\t\t\t<\/div>\n\t\t\t\t<\/div>\n\t\t\t\t\t<\/div>\n\t\t<\/div>\n\t\t\t\t<div class=\"has_ae_slider elementor-column elementor-col-50 elementor-inner-column elementor-element elementor-element-45db18b ae-bg-gallery-type-default\" data-id=\"45db18b\" data-element_type=\"column\">\n\t\t\t<div class=\"elementor-widget-wrap elementor-element-populated\">\n\t\t\t\t\t\t<div class=\"elementor-element elementor-element-f8595e2 elementor-widget elementor-widget-image\" data-id=\"f8595e2\" data-element_type=\"widget\" data-widget_type=\"image.default\">\n\t\t\t\t<div class=\"elementor-widget-container\">\n\t\t\t\t\t\t\t\t\t\t\t\t\t\t\t<img loading=\"lazy\" decoding=\"async\" width=\"558\" height=\"340\" src=\"https:\/\/linearsa.ch\/wp-content\/uploads\/2023\/10\/Hinterbeine.jpg\" class=\"attachment-medium_large size-medium_large wp-image-5315\" alt=\"\" srcset=\"https:\/\/linearsa.ch\/wp-content\/uploads\/2023\/10\/Hinterbeine.jpg 558w, https:\/\/linearsa.ch\/wp-content\/uploads\/2023\/10\/Hinterbeine-300x183.jpg 300w\" sizes=\"(max-width: 558px) 100vw, 558px\" \/>\t\t\t\t\t\t\t\t\t\t\t\t\t\t\t<\/div>\n\t\t\t\t<\/div>\n\t\t\t\t\t<\/div>\n\t\t<\/div>\n\t\t\t\t\t<\/div>\n\t\t<\/section>\n\t\t\t\t<div class=\"elementor-element elementor-element-157e424 elementor-widget elementor-widget-text-editor\" data-id=\"157e424\" data-element_type=\"widget\" data-widget_type=\"text-editor.default\">\n\t\t\t\t<div class=\"elementor-widget-container\">\n\t\t\t\t\t\t\t\t\t<p>Die Bewegung der Kuh ist entscheidend, damit sie ihr Leistungspotenzial voll aussch\u00f6pfen kann. Gute F\u00fcsse sind wichtig, um die K\u00fche resistenter gegen Lahmheit zu machen, sodass sie sich besser zur Krippe oder zur Tr\u00e4nke hinbewegen k\u00f6nnen. Bessere Gliedmassen erm\u00f6glichen es der Kuh zudem l\u00e4nger auf die Weide zu gehen um Raufutter aufzunehmen. Auch das Aufstehen und Abliegen f\u00e4llt ihnen leichter.<\/p>\t\t\t\t\t\t\t\t<\/div>\n\t\t\t\t<\/div>\n\t\t\t\t<section class=\"has_ae_slider elementor-section elementor-inner-section elementor-element elementor-element-8c08f98 elementor-section-boxed elementor-section-height-default elementor-section-height-default ae-bg-gallery-type-default\" data-id=\"8c08f98\" data-element_type=\"section\">\n\t\t\t\t\t\t<div class=\"elementor-container elementor-column-gap-default\">\n\t\t\t\t\t<div class=\"has_ae_slider elementor-column elementor-col-50 elementor-inner-column elementor-element elementor-element-39be6c4 ae-bg-gallery-type-default\" data-id=\"39be6c4\" data-element_type=\"column\">\n\t\t\t<div class=\"elementor-widget-wrap elementor-element-populated\">\n\t\t\t\t\t\t<div class=\"elementor-element elementor-element-6ea6eb2 elementor-widget elementor-widget-image\" data-id=\"6ea6eb2\" data-element_type=\"widget\" data-widget_type=\"image.default\">\n\t\t\t\t<div class=\"elementor-widget-container\">\n\t\t\t\t\t\t\t\t\t\t\t\t\t\t\t<img loading=\"lazy\" decoding=\"async\" width=\"547\" height=\"327\" src=\"https:\/\/linearsa.ch\/wp-content\/uploads\/2014\/04\/sys-mammaire-de1.jpg\" class=\"attachment-medium_large size-medium_large wp-image-4478\" alt=\"\" srcset=\"https:\/\/linearsa.ch\/wp-content\/uploads\/2014\/04\/sys-mammaire-de1.jpg 547w, https:\/\/linearsa.ch\/wp-content\/uploads\/2014\/04\/sys-mammaire-de1-300x179.jpg 300w\" sizes=\"(max-width: 547px) 100vw, 547px\" \/>\t\t\t\t\t\t\t\t\t\t\t\t\t\t\t<\/div>\n\t\t\t\t<\/div>\n\t\t\t\t\t<\/div>\n\t\t<\/div>\n\t\t\t\t<div class=\"has_ae_slider elementor-column elementor-col-50 elementor-inner-column elementor-element elementor-element-16f3899 ae-bg-gallery-type-default\" data-id=\"16f3899\" data-element_type=\"column\">\n\t\t\t<div class=\"elementor-widget-wrap elementor-element-populated\">\n\t\t\t\t\t\t<div class=\"elementor-element elementor-element-ba884a9 elementor-widget elementor-widget-image\" data-id=\"ba884a9\" data-element_type=\"widget\" data-widget_type=\"image.default\">\n\t\t\t\t<div class=\"elementor-widget-container\">\n\t\t\t\t\t\t\t\t\t\t\t\t\t\t\t<img loading=\"lazy\" decoding=\"async\" width=\"547\" height=\"327\" src=\"https:\/\/linearsa.ch\/wp-content\/uploads\/2014\/04\/sys-mammaire-2-de1.jpg\" class=\"attachment-medium_large size-medium_large wp-image-4474\" alt=\"\" srcset=\"https:\/\/linearsa.ch\/wp-content\/uploads\/2014\/04\/sys-mammaire-2-de1.jpg 547w, https:\/\/linearsa.ch\/wp-content\/uploads\/2014\/04\/sys-mammaire-2-de1-300x179.jpg 300w\" sizes=\"(max-width: 547px) 100vw, 547px\" \/>\t\t\t\t\t\t\t\t\t\t\t\t\t\t\t<\/div>\n\t\t\t\t<\/div>\n\t\t\t\t\t<\/div>\n\t\t<\/div>\n\t\t\t\t\t<\/div>\n\t\t<\/section>\n\t\t\t\t<div class=\"elementor-element elementor-element-6757bbc elementor-widget elementor-widget-text-editor\" data-id=\"6757bbc\" data-element_type=\"widget\" data-widget_type=\"text-editor.default\">\n\t\t\t\t<div class=\"elementor-widget-container\">\n\t\t\t\t\t\t\t\t\t<p>Eine gute Euteranlage ist sehr wichtig f\u00fcr die Milchproduktion. Die Euteraufh\u00e4ngung muss einwandfrei sein und die Dr\u00fcsigkeit ist wichtig, dass sich das Euter beim Melken m\u00f6glichst gut entleert. Um Verletzungen zu vermeiden und m\u00f6glichst viele Laktationen absolvieren zu k\u00f6nnen, soll der Euterboden hoch getragen werden. Die Zitzenplatzierung muss ein einfaches und rasches Melken erlauben.<\/p>\t\t\t\t\t\t\t\t<\/div>\n\t\t\t\t<\/div>\n\t\t\t\t\t<\/div>\n\t\t<\/div>\n\t\t\t\t\t<\/div>\n\t\t<\/section>\n\t\t\t\t<\/div>\n\t\t","protected":false},"excerpt":{"rendered":"<p>Lineare Beschreibung Einstufung Rassen Stiere Statistiken Die lineare Beschreibung erfasst mehr als 20 Exterieurmerkmale objektiv auf einer Skala von 1 bis 9. Die Skala widerspiegelt die Extremwerte in der Population. Einige Merkmale werden in cm gemessen und unter Ber\u00fccksichtigung des Alters, der Laktation und der Euterf\u00fclle in Noten von 1 bis 9 umgewandelt. Rund 40 [&hellip;]<\/p>\n","protected":false},"author":5,"featured_media":0,"parent":17,"menu_order":0,"comment_status":"closed","ping_status":"closed","template":"","meta":{"_monsterinsights_skip_tracking":false,"_monsterinsights_sitenote_active":false,"_monsterinsights_sitenote_note":"","_monsterinsights_sitenote_category":0,"footnotes":""},"class_list":["post-189","page","type-page","status-publish","hentry"],"_links":{"self":[{"href":"https:\/\/linearsa.ch\/de\/wp-json\/wp\/v2\/pages\/189","targetHints":{"allow":["GET"]}}],"collection":[{"href":"https:\/\/linearsa.ch\/de\/wp-json\/wp\/v2\/pages"}],"about":[{"href":"https:\/\/linearsa.ch\/de\/wp-json\/wp\/v2\/types\/page"}],"author":[{"embeddable":true,"href":"https:\/\/linearsa.ch\/de\/wp-json\/wp\/v2\/users\/5"}],"replies":[{"embeddable":true,"href":"https:\/\/linearsa.ch\/de\/wp-json\/wp\/v2\/comments?post=189"}],"version-history":[{"count":6,"href":"https:\/\/linearsa.ch\/de\/wp-json\/wp\/v2\/pages\/189\/revisions"}],"predecessor-version":[{"id":5319,"href":"https:\/\/linearsa.ch\/de\/wp-json\/wp\/v2\/pages\/189\/revisions\/5319"}],"up":[{"embeddable":true,"href":"https:\/\/linearsa.ch\/de\/wp-json\/wp\/v2\/pages\/17"}],"wp:attachment":[{"href":"https:\/\/linearsa.ch\/de\/wp-json\/wp\/v2\/media?parent=189"}],"curies":[{"name":"wp","href":"https:\/\/api.w.org\/{rel}","templated":true}]}}