{"id":187,"date":"2014-04-14T08:53:37","date_gmt":"2014-04-14T07:53:37","guid":{"rendered":"http:\/\/linearsa.ch\/?page_id=187"},"modified":"2025-11-26T14:08:43","modified_gmt":"2025-11-26T13:08:43","slug":"mannschaft","status":"publish","type":"page","link":"https:\/\/linearsa.ch\/de\/linear-ag\/mannschaft\/","title":{"rendered":"Mitarbeiter"},"content":{"rendered":"\t\t<div data-elementor-type=\"wp-page\" data-elementor-id=\"187\" class=\"elementor elementor-187\" data-elementor-post-type=\"page\">\n\t\t\t\t\t\t<section class=\"has_ae_slider elementor-section elementor-top-section elementor-element elementor-element-aef662e elementor-section-height-min-height elementor-section-boxed elementor-section-height-default elementor-section-items-middle ae-bg-gallery-type-default\" data-id=\"aef662e\" data-element_type=\"section\" data-settings=\"{&quot;background_background&quot;:&quot;classic&quot;}\">\n\t\t\t\t\t\t<div class=\"elementor-container elementor-column-gap-default\">\n\t\t\t\t\t<div class=\"has_ae_slider elementor-column elementor-col-100 elementor-top-column elementor-element elementor-element-fba6ee7 ae-bg-gallery-type-default\" data-id=\"fba6ee7\" data-element_type=\"column\">\n\t\t\t<div class=\"elementor-widget-wrap elementor-element-populated\">\n\t\t\t\t\t\t<div class=\"elementor-element elementor-element-d247176 elementor-icon-list--layout-inline elementor-align-center elementor-list-item-link-full_width elementor-widget elementor-widget-icon-list\" data-id=\"d247176\" data-element_type=\"widget\" data-widget_type=\"icon-list.default\">\n\t\t\t\t<div class=\"elementor-widget-container\">\n\t\t\t\t\t\t\t<ul class=\"elementor-icon-list-items elementor-inline-items\">\n\t\t\t\t\t\t\t<li class=\"elementor-icon-list-item elementor-inline-item\">\n\t\t\t\t\t\t\t\t\t\t\t<a href=\"\/de\/linear-ag\/das-unternehmen\/\">\n\n\t\t\t\t\t\t\t\t\t\t\t<span class=\"elementor-icon-list-text\">Das Unternehmen<\/span>\n\t\t\t\t\t\t\t\t\t\t\t<\/a>\n\t\t\t\t\t\t\t\t\t<\/li>\n\t\t\t\t\t\t\t\t<li class=\"elementor-icon-list-item elementor-inline-item\">\n\t\t\t\t\t\t\t\t\t\t\t<a href=\"\/de\/linear-ag\/mannschaft\/\">\n\n\t\t\t\t\t\t\t\t\t\t\t<span class=\"elementor-icon-list-text\">Mitarbeiter<\/span>\n\t\t\t\t\t\t\t\t\t\t\t<\/a>\n\t\t\t\t\t\t\t\t\t<\/li>\n\t\t\t\t\t\t<\/ul>\n\t\t\t\t\t\t<\/div>\n\t\t\t\t<\/div>\n\t\t\t\t\t<\/div>\n\t\t<\/div>\n\t\t\t\t\t<\/div>\n\t\t<\/section>\n\t\t\t\t<section class=\"has_ae_slider elementor-section elementor-top-section elementor-element elementor-element-cfcc0f7 elementor-section-boxed elementor-section-height-default elementor-section-height-default ae-bg-gallery-type-default\" data-id=\"cfcc0f7\" data-element_type=\"section\">\n\t\t\t\t\t\t<div class=\"elementor-container elementor-column-gap-default\">\n\t\t\t\t\t<div class=\"has_ae_slider elementor-column elementor-col-100 elementor-top-column elementor-element elementor-element-06ba8ed ae-bg-gallery-type-default\" data-id=\"06ba8ed\" data-element_type=\"column\">\n\t\t\t<div class=\"elementor-widget-wrap elementor-element-populated\">\n\t\t\t\t\t\t<div class=\"elementor-element elementor-element-7be5bea elementor-widget elementor-widget-heading\" data-id=\"7be5bea\" data-element_type=\"widget\" data-widget_type=\"heading.default\">\n\t\t\t\t<div class=\"elementor-widget-container\">\n\t\t\t\t\t<h1 class=\"elementor-heading-title elementor-size-default\">Mitarbeiter<\/h1>\t\t\t\t<\/div>\n\t\t\t\t<\/div>\n\t\t\t\t\t<\/div>\n\t\t<\/div>\n\t\t\t\t\t<\/div>\n\t\t<\/section>\n\t\t\t\t<section class=\"has_ae_slider elementor-section elementor-top-section elementor-element elementor-element-f06b9d8 elementor-section-boxed elementor-section-height-default elementor-section-height-default ae-bg-gallery-type-default\" data-id=\"f06b9d8\" data-element_type=\"section\">\n\t\t\t\t\t\t<div class=\"elementor-container elementor-column-gap-default\">\n\t\t\t\t\t<div class=\"has_ae_slider elementor-column elementor-col-100 elementor-top-column elementor-element elementor-element-4cce737f ae-bg-gallery-type-default\" data-id=\"4cce737f\" data-element_type=\"column\">\n\t\t\t<div class=\"elementor-widget-wrap elementor-element-populated\">\n\t\t\t\t\t\t<div class=\"elementor-element elementor-element-68517a94 elementor-widget elementor-widget-text-editor\" data-id=\"68517a94\" data-element_type=\"widget\" data-widget_type=\"text-editor.default\">\n\t\t\t\t<div class=\"elementor-widget-container\">\n\t\t\t\t\t\t\t\t\t<p>Linear AG besch\u00e4ftigt 17 Einstufer um j\u00e4hrlich rund 70\u2018000 Einstufungen durchzuf\u00fchren. Drei davon arbeiten teilweise im B\u00fcro in Grangeneuve. Hinzu kommen die Direktorin und die Sekret\u00e4rin, welche beide in Teilzeit angestellt sind.<\/p>\t\t\t\t\t\t\t\t<\/div>\n\t\t\t\t<\/div>\n\t\t\t\t<div class=\"elementor-element elementor-element-3c1f718 elementor-widget elementor-widget-image\" data-id=\"3c1f718\" data-element_type=\"widget\" data-widget_type=\"image.default\">\n\t\t\t\t<div class=\"elementor-widget-container\">\n\t\t\t\t\t\t\t\t\t\t\t\t\t\t\t<img fetchpriority=\"high\" decoding=\"async\" width=\"1536\" height=\"1229\" src=\"https:\/\/linearsa.ch\/wp-content\/uploads\/2023\/10\/linear-mitarbeiter-1536x1229.jpg\" class=\"attachment-1536x1536 size-1536x1536 wp-image-5676\" alt=\"Linear - Mitarbeiter\" srcset=\"https:\/\/linearsa.ch\/wp-content\/uploads\/2023\/10\/linear-mitarbeiter-1536x1229.jpg 1536w, https:\/\/linearsa.ch\/wp-content\/uploads\/2023\/10\/linear-mitarbeiter-300x240.jpg 300w, https:\/\/linearsa.ch\/wp-content\/uploads\/2023\/10\/linear-mitarbeiter-1024x819.jpg 1024w, https:\/\/linearsa.ch\/wp-content\/uploads\/2023\/10\/linear-mitarbeiter-768x614.jpg 768w, https:\/\/linearsa.ch\/wp-content\/uploads\/2023\/10\/linear-mitarbeiter-2048x1638.jpg 2048w\" sizes=\"(max-width: 1536px) 100vw, 1536px\" \/>\t\t\t\t\t\t\t\t\t\t\t\t\t\t\t<\/div>\n\t\t\t\t<\/div>\n\t\t\t\t<div class=\"elementor-element elementor-element-139b83b elementor-widget elementor-widget-text-editor\" data-id=\"139b83b\" data-element_type=\"widget\" data-widget_type=\"text-editor.default\">\n\t\t\t\t<div class=\"elementor-widget-container\">\n\t\t\t\t\t\t\t\t\t<p>von links nach rechts: Thibaud Saucy, Martin Ruchti, Peter Wyssm\u00fcller, Marco Hurni, Roland Gerber, Yannick B\u00f6gli, Brigitte Wiederkehr, Sylvain No\u00ebl, Steven Siegenthaler, Simon Messerli, Nathalie Oulevey, J\u00fcrg Br\u00f6nnimann, Nicolas Cl\u00e9ment, Mario Nydegger, C\u00e9dric Richoz, Christoph R\u00fcegsegger, Manfred Burkhalter, Xavier Vall\u00e9lian, Thomas Ender, Patrik Matti<\/p>\t\t\t\t\t\t\t\t<\/div>\n\t\t\t\t<\/div>\n\t\t\t\t<div class=\"elementor-element elementor-element-dd9d8c6 elementor-widget elementor-widget-heading\" data-id=\"dd9d8c6\" data-element_type=\"widget\" data-widget_type=\"heading.default\">\n\t\t\t\t<div class=\"elementor-widget-container\">\n\t\t\t\t\t<h2 class=\"elementor-heading-title elementor-size-default\">Interne Mitarbeiter<\/h2>\t\t\t\t<\/div>\n\t\t\t\t<\/div>\n\t\t\t\t<section class=\"has_ae_slider elementor-section elementor-inner-section elementor-element elementor-element-4de9bf6 elementor-section-boxed elementor-section-height-default elementor-section-height-default ae-bg-gallery-type-default\" data-id=\"4de9bf6\" data-element_type=\"section\">\n\t\t\t\t\t\t<div class=\"elementor-container elementor-column-gap-default\">\n\t\t\t\t\t<div class=\"has_ae_slider elementor-column elementor-col-33 elementor-inner-column elementor-element elementor-element-d7b70e4 ae-bg-gallery-type-default\" data-id=\"d7b70e4\" data-element_type=\"column\">\n\t\t\t<div class=\"elementor-widget-wrap elementor-element-populated\">\n\t\t\t\t\t\t<div class=\"elementor-element elementor-element-5f9234f elementor-widget elementor-widget-text-editor\" data-id=\"5f9234f\" data-element_type=\"widget\" data-widget_type=\"text-editor.default\">\n\t\t\t\t<div class=\"elementor-widget-container\">\n\t\t\t\t\t\t\t\t\t<h3>Direktorin<\/h3><p>Nathalie Oulevey<br \/><a href=\"mailto:oulevey@linearsa.ch\" target=\"_blank\" rel=\"noopener noreferrer\">oulevey@linearsa.ch<\/a><br \/>+41 26 552 03 91<\/p>\t\t\t\t\t\t\t\t<\/div>\n\t\t\t\t<\/div>\n\t\t\t\t\t<\/div>\n\t\t<\/div>\n\t\t\t\t<div class=\"has_ae_slider elementor-column elementor-col-33 elementor-inner-column elementor-element elementor-element-eeae4c3 ae-bg-gallery-type-default\" data-id=\"eeae4c3\" data-element_type=\"column\">\n\t\t\t<div class=\"elementor-widget-wrap elementor-element-populated\">\n\t\t\t\t\t\t<div class=\"elementor-element elementor-element-05a4ce2 elementor-widget elementor-widget-text-editor\" data-id=\"05a4ce2\" data-element_type=\"widget\" data-widget_type=\"text-editor.default\">\n\t\t\t\t<div class=\"elementor-widget-container\">\n\t\t\t\t\t\t\t\t\t<h3>Chefeinstufer,<br \/>Mitglied Gesch\u00e4ftsleitung<\/h3><p>Steven Siegenthaler<br \/><a href=\"mailto:siegenthaler@linearsa.ch\">siegenthaler@linearsa.ch<\/a><br \/>+41 26 552 03 92<\/p>\t\t\t\t\t\t\t\t<\/div>\n\t\t\t\t<\/div>\n\t\t\t\t\t<\/div>\n\t\t<\/div>\n\t\t\t\t<div class=\"has_ae_slider elementor-column elementor-col-33 elementor-inner-column elementor-element elementor-element-39c6a59 ae-bg-gallery-type-default\" data-id=\"39c6a59\" data-element_type=\"column\">\n\t\t\t<div class=\"elementor-widget-wrap elementor-element-populated\">\n\t\t\t\t\t\t<div class=\"elementor-element elementor-element-bcce975 elementor-widget elementor-widget-text-editor\" data-id=\"bcce975\" data-element_type=\"widget\" data-widget_type=\"text-editor.default\">\n\t\t\t\t<div class=\"elementor-widget-container\">\n\t\t\t\t\t\t\t\t\t<h3>Chefplaner,<br \/>Mitglied Gesch\u00e4ftsleitung<\/h3><p>J\u00fcrg Br\u00f6nnimann<br \/><a href=\"mailto:jost@linearsa.ch\">broennimann@linearsa.ch<\/a><br \/>+41 26 552 03 94<\/p>\t\t\t\t\t\t\t\t<\/div>\n\t\t\t\t<\/div>\n\t\t\t\t\t<\/div>\n\t\t<\/div>\n\t\t\t\t\t<\/div>\n\t\t<\/section>\n\t\t\t\t<section class=\"has_ae_slider elementor-section elementor-inner-section elementor-element elementor-element-f6cabfe elementor-section-boxed elementor-section-height-default elementor-section-height-default ae-bg-gallery-type-default\" data-id=\"f6cabfe\" data-element_type=\"section\">\n\t\t\t\t\t\t<div class=\"elementor-container elementor-column-gap-default\">\n\t\t\t\t\t<div class=\"has_ae_slider elementor-column elementor-col-33 elementor-inner-column elementor-element elementor-element-0f9c00a ae-bg-gallery-type-default\" data-id=\"0f9c00a\" data-element_type=\"column\">\n\t\t\t<div class=\"elementor-widget-wrap elementor-element-populated\">\n\t\t\t\t\t\t<div class=\"elementor-element elementor-element-24e4f4d elementor-widget elementor-widget-text-editor\" data-id=\"24e4f4d\" data-element_type=\"widget\" data-widget_type=\"text-editor.default\">\n\t\t\t\t<div class=\"elementor-widget-container\">\n\t\t\t\t\t\t\t\t\t<h3>Planer<\/h3><p>Roland Gerber<br \/><a href=\"mailto:broennimann@linearsa.ch\">gerber@linearsa.ch<\/a><br \/>+41 26 552 03 93<\/p>\t\t\t\t\t\t\t\t<\/div>\n\t\t\t\t<\/div>\n\t\t\t\t\t<\/div>\n\t\t<\/div>\n\t\t\t\t<div class=\"has_ae_slider elementor-column elementor-col-33 elementor-inner-column elementor-element elementor-element-4416a67 ae-bg-gallery-type-default\" data-id=\"4416a67\" data-element_type=\"column\">\n\t\t\t<div class=\"elementor-widget-wrap elementor-element-populated\">\n\t\t\t\t\t\t<div class=\"elementor-element elementor-element-3cdea77 elementor-widget elementor-widget-text-editor\" data-id=\"3cdea77\" data-element_type=\"widget\" data-widget_type=\"text-editor.default\">\n\t\t\t\t<div class=\"elementor-widget-container\">\n\t\t\t\t\t\t\t\t\t<h3>Sekret\u00e4rin<\/h3><p>Brigitte Wiederkehr<br \/><a href=\"mailto:wiederkehr@linearsa.ch\">wiederkehr@linearsa.ch<\/a><br \/>+41 26 552 03 90<\/p>\t\t\t\t\t\t\t\t<\/div>\n\t\t\t\t<\/div>\n\t\t\t\t\t<\/div>\n\t\t<\/div>\n\t\t\t\t<div class=\"has_ae_slider elementor-column elementor-col-33 elementor-inner-column elementor-element elementor-element-54ffda4 ae-bg-gallery-type-default\" data-id=\"54ffda4\" data-element_type=\"column\">\n\t\t\t<div class=\"elementor-widget-wrap\">\n\t\t\t\t\t\t\t<\/div>\n\t\t<\/div>\n\t\t\t\t\t<\/div>\n\t\t<\/section>\n\t\t\t\t\t<\/div>\n\t\t<\/div>\n\t\t\t\t\t<\/div>\n\t\t<\/section>\n\t\t\t\t<\/div>\n\t\t","protected":false},"excerpt":{"rendered":"<p>Das Unternehmen Mitarbeiter Linear AG besch\u00e4ftigt 17 Einstufer um j\u00e4hrlich rund 70\u2018000 Einstufungen durchzuf\u00fchren. Drei davon arbeiten teilweise im B\u00fcro in Grangeneuve. Hinzu kommen die Direktorin und die Sekret\u00e4rin, welche beide in Teilzeit angestellt sind. von links nach rechts: Thibaud Saucy, Martin Ruchti, Peter Wyssm\u00fcller, Marco Hurni, Roland Gerber, Yannick B\u00f6gli, Brigitte Wiederkehr, Sylvain No\u00ebl, [&hellip;]<\/p>\n","protected":false},"author":5,"featured_media":0,"parent":83,"menu_order":1,"comment_status":"closed","ping_status":"closed","template":"","meta":{"_monsterinsights_skip_tracking":false,"_monsterinsights_sitenote_active":false,"_monsterinsights_sitenote_note":"","_monsterinsights_sitenote_category":0,"footnotes":""},"class_list":["post-187","page","type-page","status-publish","hentry"],"_links":{"self":[{"href":"https:\/\/linearsa.ch\/de\/wp-json\/wp\/v2\/pages\/187","targetHints":{"allow":["GET"]}}],"collection":[{"href":"https:\/\/linearsa.ch\/de\/wp-json\/wp\/v2\/pages"}],"about":[{"href":"https:\/\/linearsa.ch\/de\/wp-json\/wp\/v2\/types\/page"}],"author":[{"embeddable":true,"href":"https:\/\/linearsa.ch\/de\/wp-json\/wp\/v2\/users\/5"}],"replies":[{"embeddable":true,"href":"https:\/\/linearsa.ch\/de\/wp-json\/wp\/v2\/comments?post=187"}],"version-history":[{"count":25,"href":"https:\/\/linearsa.ch\/de\/wp-json\/wp\/v2\/pages\/187\/revisions"}],"predecessor-version":[{"id":6204,"href":"https:\/\/linearsa.ch\/de\/wp-json\/wp\/v2\/pages\/187\/revisions\/6204"}],"up":[{"embeddable":true,"href":"https:\/\/linearsa.ch\/de\/wp-json\/wp\/v2\/pages\/83"}],"wp:attachment":[{"href":"https:\/\/linearsa.ch\/de\/wp-json\/wp\/v2\/media?parent=187"}],"curies":[{"name":"wp","href":"https:\/\/api.w.org\/{rel}","templated":true}]}}