{"id":12,"date":"2014-04-01T15:45:52","date_gmt":"2014-04-01T14:45:52","guid":{"rendered":"http:\/\/linearsa.ch\/?page_id=8"},"modified":"2024-10-10T16:25:07","modified_gmt":"2024-10-10T14:25:07","slug":"das-unternehmen","status":"publish","type":"page","link":"https:\/\/linearsa.ch\/de\/linear-ag\/das-unternehmen\/","title":{"rendered":"Das Unternehmen"},"content":{"rendered":"\t\t<div data-elementor-type=\"wp-page\" data-elementor-id=\"12\" class=\"elementor elementor-12\" data-elementor-post-type=\"page\">\n\t\t\t\t\t\t<section class=\"has_ae_slider elementor-section elementor-top-section elementor-element elementor-element-1c41127 elementor-section-height-min-height elementor-section-boxed elementor-section-height-default elementor-section-items-middle ae-bg-gallery-type-default\" data-id=\"1c41127\" data-element_type=\"section\" data-settings=\"{&quot;background_background&quot;:&quot;classic&quot;}\">\n\t\t\t\t\t\t<div class=\"elementor-container elementor-column-gap-default\">\n\t\t\t\t\t<div class=\"has_ae_slider elementor-column elementor-col-100 elementor-top-column elementor-element elementor-element-0ee008b ae-bg-gallery-type-default\" data-id=\"0ee008b\" data-element_type=\"column\">\n\t\t\t<div class=\"elementor-widget-wrap elementor-element-populated\">\n\t\t\t\t\t\t<div class=\"elementor-element elementor-element-b92210a elementor-icon-list--layout-inline elementor-align-center elementor-list-item-link-full_width elementor-widget elementor-widget-icon-list\" data-id=\"b92210a\" data-element_type=\"widget\" data-widget_type=\"icon-list.default\">\n\t\t\t\t<div class=\"elementor-widget-container\">\n\t\t\t\t\t\t\t<ul class=\"elementor-icon-list-items elementor-inline-items\">\n\t\t\t\t\t\t\t<li class=\"elementor-icon-list-item elementor-inline-item\">\n\t\t\t\t\t\t\t\t\t\t\t<a href=\"\/de\/linear-ag\/das-unternehmen\/\">\n\n\t\t\t\t\t\t\t\t\t\t\t<span class=\"elementor-icon-list-text\">Das Unternehmen<\/span>\n\t\t\t\t\t\t\t\t\t\t\t<\/a>\n\t\t\t\t\t\t\t\t\t<\/li>\n\t\t\t\t\t\t\t\t<li class=\"elementor-icon-list-item elementor-inline-item\">\n\t\t\t\t\t\t\t\t\t\t\t<a href=\"\/de\/linear-ag\/mannschaft\/\">\n\n\t\t\t\t\t\t\t\t\t\t\t<span class=\"elementor-icon-list-text\">Mitarbeiter<\/span>\n\t\t\t\t\t\t\t\t\t\t\t<\/a>\n\t\t\t\t\t\t\t\t\t<\/li>\n\t\t\t\t\t\t<\/ul>\n\t\t\t\t\t\t<\/div>\n\t\t\t\t<\/div>\n\t\t\t\t\t<\/div>\n\t\t<\/div>\n\t\t\t\t\t<\/div>\n\t\t<\/section>\n\t\t\t\t<section class=\"has_ae_slider elementor-section elementor-top-section elementor-element elementor-element-6542b7c elementor-section-boxed elementor-section-height-default elementor-section-height-default ae-bg-gallery-type-default\" data-id=\"6542b7c\" data-element_type=\"section\">\n\t\t\t\t\t\t<div class=\"elementor-container elementor-column-gap-default\">\n\t\t\t\t\t<div class=\"has_ae_slider elementor-column elementor-col-100 elementor-top-column elementor-element elementor-element-e576eb7 ae-bg-gallery-type-default\" data-id=\"e576eb7\" data-element_type=\"column\">\n\t\t\t<div class=\"elementor-widget-wrap elementor-element-populated\">\n\t\t\t\t\t\t<div class=\"elementor-element elementor-element-5a6a4d8 elementor-widget elementor-widget-heading\" data-id=\"5a6a4d8\" data-element_type=\"widget\" data-widget_type=\"heading.default\">\n\t\t\t\t<div class=\"elementor-widget-container\">\n\t\t\t\t\t<h1 class=\"elementor-heading-title elementor-size-default\">Das Unternehmen<\/h1>\t\t\t\t<\/div>\n\t\t\t\t<\/div>\n\t\t\t\t\t<\/div>\n\t\t<\/div>\n\t\t\t\t\t<\/div>\n\t\t<\/section>\n\t\t\t\t<section class=\"has_ae_slider elementor-section elementor-top-section elementor-element elementor-element-cbd0662 elementor-section-boxed elementor-section-height-default elementor-section-height-default ae-bg-gallery-type-default\" data-id=\"cbd0662\" data-element_type=\"section\">\n\t\t\t\t\t\t<div class=\"elementor-container elementor-column-gap-default\">\n\t\t\t\t\t<div class=\"has_ae_slider elementor-column elementor-col-50 elementor-top-column elementor-element elementor-element-e211064 ae-bg-gallery-type-default\" data-id=\"e211064\" data-element_type=\"column\">\n\t\t\t<div class=\"elementor-widget-wrap elementor-element-populated\">\n\t\t\t\t\t\t<div class=\"elementor-element elementor-element-5f8ee69 elementor-widget elementor-widget-heading\" data-id=\"5f8ee69\" data-element_type=\"widget\" data-widget_type=\"heading.default\">\n\t\t\t\t<div class=\"elementor-widget-container\">\n\t\t\t\t\t<h2 class=\"elementor-heading-title elementor-size-default\">Vision von Linear<\/h2>\t\t\t\t<\/div>\n\t\t\t\t<\/div>\n\t\t\t\t<div class=\"elementor-element elementor-element-6893c7c elementor-widget elementor-widget-text-editor\" data-id=\"6893c7c\" data-element_type=\"widget\" data-widget_type=\"text-editor.default\">\n\t\t\t\t<div class=\"elementor-widget-container\">\n\t\t\t\t\t\t\t\t\t<p>Linear AG hat zum Ziel den Service der linearen Beschreibung und Einstufung (LBE) von Tieren zu den bestm\u00f6glichen Bedingungen an Unternehmen anzubieten, die diesen verlangen.<\/p>\t\t\t\t\t\t\t\t<\/div>\n\t\t\t\t<\/div>\n\t\t\t\t\t<\/div>\n\t\t<\/div>\n\t\t\t\t<div class=\"has_ae_slider elementor-column elementor-col-50 elementor-top-column elementor-element elementor-element-f1de823 ae-bg-gallery-type-default\" data-id=\"f1de823\" data-element_type=\"column\">\n\t\t\t<div class=\"elementor-widget-wrap elementor-element-populated\">\n\t\t\t\t\t\t<div class=\"elementor-element elementor-element-dd55738 elementor-widget elementor-widget-heading\" data-id=\"dd55738\" data-element_type=\"widget\" data-widget_type=\"heading.default\">\n\t\t\t\t<div class=\"elementor-widget-container\">\n\t\t\t\t\t<h2 class=\"elementor-heading-title elementor-size-default\">Beschreibung<\/h2>\t\t\t\t<\/div>\n\t\t\t\t<\/div>\n\t\t\t\t<div class=\"elementor-element elementor-element-996889a elementor-widget elementor-widget-text-editor\" data-id=\"996889a\" data-element_type=\"widget\" data-widget_type=\"text-editor.default\">\n\t\t\t\t<div class=\"elementor-widget-container\">\n\t\t\t\t\t\t\t\t\t<p>Im Dezember 2010 gr\u00fcndeten der Schweizerische Holsteinzuchtverband (SHZV) und die Genossenschaft swissherdbook die Tochtergesellschaft Linear AG. Dieses neue Unternehmen soll die LBE f\u00fcr die Mitglieder der Mutterfirmen durchf\u00fchren. Der SHZV ist dabei Mehrheitsaktion\u00e4r (51%). Linear hat seinen Sitz in Grangeneuve (1725 Posieux) und ist seit 2011 operationell t\u00e4tig. Seit dem Beginn werden die Rassen Holstein (rot und schwarz), Swiss Fleckvieh, Simmental und Montb\u00e9liarde beschrieben. Seit dem Herbst 2013 erg\u00e4nzt die Eringerrasse diese Liste.<\/p><p>Insgesamt besch\u00e4ftigt Linear 21 Mitarbeiter, die total 9,7 Vollzeitstellen besetzen. Die administrative Arbeit umfasst dabei 2,5 Vollzeitstellen; die restliche Zeit ergibt sich aus der LBE unserer Mitarbeiter im Feld.<\/p>\t\t\t\t\t\t\t\t<\/div>\n\t\t\t\t<\/div>\n\t\t\t\t\t<\/div>\n\t\t<\/div>\n\t\t\t\t\t<\/div>\n\t\t<\/section>\n\t\t\t\t<section class=\"has_ae_slider elementor-section elementor-top-section elementor-element elementor-element-4ee99bb elementor-section-boxed elementor-section-height-default elementor-section-height-default ae-bg-gallery-type-default\" data-id=\"4ee99bb\" data-element_type=\"section\">\n\t\t\t\t\t\t<div class=\"elementor-container elementor-column-gap-default\">\n\t\t\t\t\t<div class=\"has_ae_slider elementor-column elementor-col-100 elementor-top-column elementor-element elementor-element-bec4bc8 ae-bg-gallery-type-default\" data-id=\"bec4bc8\" data-element_type=\"column\">\n\t\t\t<div class=\"elementor-widget-wrap elementor-element-populated\">\n\t\t\t\t\t\t<div class=\"elementor-element elementor-element-956397c elementor-widget elementor-widget-heading\" data-id=\"956397c\" data-element_type=\"widget\" data-widget_type=\"heading.default\">\n\t\t\t\t<div class=\"elementor-widget-container\">\n\t\t\t\t\t<h3 class=\"elementor-heading-title elementor-size-default\">Organisation<\/h3>\t\t\t\t<\/div>\n\t\t\t\t<\/div>\n\t\t\t\t<div class=\"elementor-element elementor-element-649c380 elementor-widget elementor-widget-image\" data-id=\"649c380\" data-element_type=\"widget\" data-widget_type=\"image.default\">\n\t\t\t\t<div class=\"elementor-widget-container\">\n\t\t\t\t\t\t\t\t\t\t\t\t\t\t\t<img fetchpriority=\"high\" decoding=\"async\" width=\"800\" height=\"344\" src=\"https:\/\/linearsa.ch\/wp-content\/uploads\/2024\/02\/ORGANIGRAMME-d_2024-1024x440.jpg\" class=\"attachment-large size-large wp-image-5939\" alt=\"\" srcset=\"https:\/\/linearsa.ch\/wp-content\/uploads\/2024\/02\/ORGANIGRAMME-d_2024-1024x440.jpg 1024w, https:\/\/linearsa.ch\/wp-content\/uploads\/2024\/02\/ORGANIGRAMME-d_2024-300x129.jpg 300w, https:\/\/linearsa.ch\/wp-content\/uploads\/2024\/02\/ORGANIGRAMME-d_2024-768x330.jpg 768w, https:\/\/linearsa.ch\/wp-content\/uploads\/2024\/02\/ORGANIGRAMME-d_2024.jpg 1110w\" sizes=\"(max-width: 800px) 100vw, 800px\" \/>\t\t\t\t\t\t\t\t\t\t\t\t\t\t\t<\/div>\n\t\t\t\t<\/div>\n\t\t\t\t\t<\/div>\n\t\t<\/div>\n\t\t\t\t\t<\/div>\n\t\t<\/section>\n\t\t\t\t<section class=\"has_ae_slider elementor-section elementor-top-section elementor-element elementor-element-612eb25 elementor-section-boxed elementor-section-height-default elementor-section-height-default ae-bg-gallery-type-default\" data-id=\"612eb25\" data-element_type=\"section\">\n\t\t\t\t\t\t<div class=\"elementor-container elementor-column-gap-default\">\n\t\t\t\t\t<div class=\"has_ae_slider elementor-column elementor-col-50 elementor-top-column elementor-element elementor-element-4ee00c8 ae-bg-gallery-type-default\" data-id=\"4ee00c8\" data-element_type=\"column\">\n\t\t\t<div class=\"elementor-widget-wrap elementor-element-populated\">\n\t\t\t\t\t\t<div class=\"elementor-element elementor-element-04b761d elementor-widget elementor-widget-text-editor\" data-id=\"04b761d\" data-element_type=\"widget\" data-widget_type=\"text-editor.default\">\n\t\t\t\t<div class=\"elementor-widget-container\">\n\t\t\t\t\t\t\t\t\t<p>Die Gesch\u00e4ftsleitung ist dem Verwaltungsrat unterstellt. Dieser setzt sich aus je zwei Vertretern der beiden Aktion\u00e4ren und einer neutralen Person zusammen. Im Moment sieht die Zusammensetzung des Verwaltungsrates wie folgt aus:<\/p>\t\t\t\t\t\t\t\t<\/div>\n\t\t\t\t<\/div>\n\t\t\t\t\t<\/div>\n\t\t<\/div>\n\t\t\t\t<div class=\"has_ae_slider elementor-column elementor-col-50 elementor-top-column elementor-element elementor-element-855d32f ae-bg-gallery-type-default\" data-id=\"855d32f\" data-element_type=\"column\">\n\t\t\t<div class=\"elementor-widget-wrap elementor-element-populated\">\n\t\t\t\t\t\t<div class=\"elementor-element elementor-element-d6234f9 elementor-widget elementor-widget-text-editor\" data-id=\"d6234f9\" data-element_type=\"widget\" data-widget_type=\"text-editor.default\">\n\t\t\t\t<div class=\"elementor-widget-container\">\n\t\t\t\t\t\t\t\t\t<table cellspacing=\"0\" cellpadding=\"0\"><tbody><tr><td><strong>Name<\/strong><\/td><td><strong>Funktion<\/strong><\/td><td><strong>Vertretung<\/strong><\/td><td><strong>Im Amt seit<\/strong><\/td><\/tr><tr><td>Adrian Weber<\/td><td>Pr\u00e4sident<\/td><td>swissherdbook<\/td><td>2018<\/td><\/tr><tr><td>Patrick R\u00fcttimann<\/td><td>Mitglied<\/td><td>HO Switzerland<\/td><td>2024<\/td><\/tr><tr><td>Timoth\u00e9e Neuenschwander<\/td><td>Mitglied<\/td><td>HO Switzerland<\/td><td>2024<\/td><\/tr><tr><td>Sandra Staub-Hofer<\/td><td>Mitglied<\/td><td>swissherdbook<\/td><td>2023<\/td><\/tr><tr><td>Urs Wichser<\/td><td>Mitglied<\/td><td>Neutral<\/td><td>2012<\/td><\/tr><\/tbody><\/table>\t\t\t\t\t\t\t\t<\/div>\n\t\t\t\t<\/div>\n\t\t\t\t\t<\/div>\n\t\t<\/div>\n\t\t\t\t\t<\/div>\n\t\t<\/section>\n\t\t\t\t<section class=\"has_ae_slider elementor-section elementor-top-section elementor-element elementor-element-4614656 elementor-section-boxed elementor-section-height-default elementor-section-height-default ae-bg-gallery-type-default\" data-id=\"4614656\" data-element_type=\"section\">\n\t\t\t\t\t\t<div class=\"elementor-container elementor-column-gap-default\">\n\t\t\t\t\t<div class=\"has_ae_slider elementor-column elementor-col-50 elementor-top-column elementor-element elementor-element-b577c3a ae-bg-gallery-type-default\" data-id=\"b577c3a\" data-element_type=\"column\">\n\t\t\t<div class=\"elementor-widget-wrap elementor-element-populated\">\n\t\t\t\t\t\t<div class=\"elementor-element elementor-element-16bd283 elementor-widget elementor-widget-text-editor\" data-id=\"16bd283\" data-element_type=\"widget\" data-widget_type=\"text-editor.default\">\n\t\t\t\t<div class=\"elementor-widget-container\">\n\t\t\t\t\t\t\t\t\t<p>Die Schemen der verschiedenen Rassen werden von den jeweiligen Schemakommissionen festgelegt und \u00fcberpr\u00fcft. F\u00fcr die Rasse Holstein ist daf\u00fcr ein Gremium mit Vertretern beider Verb\u00e4nde verantwortlich. Bei den \u00fcbrigen Rassen ist daf\u00fcr die Rassenkommission bei swissherdbook zust\u00e4ndig. Deren aktuelle Zusammensetzung kann auf der Webseite von swissherdbook eingesehen werden (<a title=\"Swissherdbook\" href=\"http:\/\/www.swissherdbook.ch\" target=\"_blank\" rel=\"noopener noreferrer\">www.swissherdbook.ch<\/a>).<br>Die Schemakommission f\u00fcr die Holsteinrasse setzt sich wie folgt zusammen:<\/p>\t\t\t\t\t\t\t\t<\/div>\n\t\t\t\t<\/div>\n\t\t\t\t\t<\/div>\n\t\t<\/div>\n\t\t\t\t<div class=\"has_ae_slider elementor-column elementor-col-50 elementor-top-column elementor-element elementor-element-b337422 ae-bg-gallery-type-default\" data-id=\"b337422\" data-element_type=\"column\">\n\t\t\t<div class=\"elementor-widget-wrap elementor-element-populated\">\n\t\t\t\t\t\t<div class=\"elementor-element elementor-element-44ecab1 elementor-widget elementor-widget-text-editor\" data-id=\"44ecab1\" data-element_type=\"widget\" data-widget_type=\"text-editor.default\">\n\t\t\t\t<div class=\"elementor-widget-container\">\n\t\t\t\t\t\t\t\t\t<table cellspacing=\"0\" cellpadding=\"0\">\n<tbody>\n<tr>\n<td><strong>Name<\/strong><\/td>\n<td><strong>Funktion<\/strong><\/td>\n<td><strong>Vertretung<\/strong><\/td>\n<td><strong>Im Amt seit<\/strong><\/td>\n<\/tr>\n<tr>\n<td>Nicolas Jotterand<\/td>\n<td>Pr\u00e4sident<\/td>\n<td>HO Switzerland<\/td>\n<td>2022<\/td>\n<\/tr>\n<tr>\n<td>Alain Jungo<\/td>\n<td>Mitglied<\/td>\n<td>HO Switzerland<\/td>\n<td>2022<\/td>\n<\/tr>\n<tr>\n<td>Roger Frosard<\/td>\n<td>Mitglied<\/td>\n<td>swissherdbook<\/td>\n<td>2018<\/td>\n<\/tr>\n<tr>\n<td>Thomas Gerber<\/td>\n<td>Mitglied<\/td>\n<td>swissherdbook<\/td>\n<td>2017<\/td>\n<\/tr>\n\n<\/tbody>\n<\/table>\t\t\t\t\t\t\t\t<\/div>\n\t\t\t\t<\/div>\n\t\t\t\t\t<\/div>\n\t\t<\/div>\n\t\t\t\t\t<\/div>\n\t\t<\/section>\n\t\t\t\t<\/div>\n\t\t","protected":false},"excerpt":{"rendered":"<p>Das Unternehmen Mitarbeiter Vision von Linear Linear AG hat zum Ziel den Service der linearen Beschreibung und Einstufung (LBE) von Tieren zu den bestm\u00f6glichen Bedingungen an Unternehmen anzubieten, die diesen verlangen. Beschreibung Im Dezember 2010 gr\u00fcndeten der Schweizerische Holsteinzuchtverband (SHZV) und die Genossenschaft swissherdbook die Tochtergesellschaft Linear AG. Dieses neue Unternehmen soll die LBE f\u00fcr [&hellip;]<\/p>\n","protected":false},"author":5,"featured_media":0,"parent":83,"menu_order":0,"comment_status":"closed","ping_status":"closed","template":"","meta":{"_monsterinsights_skip_tracking":false,"_monsterinsights_sitenote_active":false,"_monsterinsights_sitenote_note":"","_monsterinsights_sitenote_category":0,"footnotes":""},"class_list":["post-12","page","type-page","status-publish","hentry"],"_links":{"self":[{"href":"https:\/\/linearsa.ch\/de\/wp-json\/wp\/v2\/pages\/12","targetHints":{"allow":["GET"]}}],"collection":[{"href":"https:\/\/linearsa.ch\/de\/wp-json\/wp\/v2\/pages"}],"about":[{"href":"https:\/\/linearsa.ch\/de\/wp-json\/wp\/v2\/types\/page"}],"author":[{"embeddable":true,"href":"https:\/\/linearsa.ch\/de\/wp-json\/wp\/v2\/users\/5"}],"replies":[{"embeddable":true,"href":"https:\/\/linearsa.ch\/de\/wp-json\/wp\/v2\/comments?post=12"}],"version-history":[{"count":18,"href":"https:\/\/linearsa.ch\/de\/wp-json\/wp\/v2\/pages\/12\/revisions"}],"predecessor-version":[{"id":6076,"href":"https:\/\/linearsa.ch\/de\/wp-json\/wp\/v2\/pages\/12\/revisions\/6076"}],"up":[{"embeddable":true,"href":"https:\/\/linearsa.ch\/de\/wp-json\/wp\/v2\/pages\/83"}],"wp:attachment":[{"href":"https:\/\/linearsa.ch\/de\/wp-json\/wp\/v2\/media?parent=12"}],"curies":[{"name":"wp","href":"https:\/\/api.w.org\/{rel}","templated":true}]}}